{"id":2240,"date":"2021-03-09T17:11:33","date_gmt":"2021-03-09T09:11:33","guid":{"rendered":"https:\/\/avecobaggie.com\/?post_type=product&#038;p=2240"},"modified":"2021-03-24T07:30:06","modified_gmt":"2021-03-23T23:30:06","slug":"jute-beach-bag-tote-wholesale","status":"publish","type":"product","link":"https:\/\/avecobaggie.com\/de\/produkt\/jute-beach-bag-tote-wholesale\/","title":{"rendered":"Jute Strandtasche Tote Gro\u00dfhandel"},"content":{"rendered":"<p>Das Unternehmen Aveco bietet haupts\u00e4chlich kundenspezifische \u00d6ko-Taschen aller Art mit einem One-Stop-Shop-L\u00f6sungs-Service. Wir haben auch einige grundlegende Form der Taschen f\u00fcr einen einfachen Start als auf der Website von aufgef\u00fchrt\u00a0\u00a0<a href=\"https:\/\/avecobaggie.com\/de\/produkt-kategorie\/bags-in-stock\/\"> Taschen auf Lager <\/a>Die meisten Taschen auf Lager sind unbedruckt, so dass es f\u00fcr Sie einfacher ist, ein eigenes Logo oder Etikett f\u00fcr Ihre Kunden zu erstellen, ohne ein Minimum zu ben\u00f6tigen. Wir werden die Lager Taschen aktualisieren, sobald es neue kommen.<\/p>\n<p><span class=\"Apple-converted-space\">\u00a0 \u00a0 Wenn Sie die Auflistung Strandtasche anpassen m\u00f6chten, ist es sehr einfach, k\u00f6nnen Sie einfach klicken Sie auf die Schaltfl\u00e4che \"Ask to quote\" und senden Sie eine Anfrage.schreiben Sie die Details der Strandtasche Sie machen wollen, wenn Sie denken, die Gr\u00f6\u00dfe ist noch zu klein, k\u00f6nnen wir auch produzieren <strong>\u00fcbergro\u00dfe Strandtasche<\/strong> Wenn Sie die Gr\u00f6\u00dfe und den Stil m\u00f6gen, aber Sie wollen es mit einer Bodenfalte, dann informieren Sie uns einfach die Breite, und dann werden wir es machen.Oder wenn Sie nur die gleiche Tasche machen wollen, aber die Materialien werden Segeltuch, Oxford, kann es auch leicht angewendet werden.gleichen OEM-Anforderungen auf die L\u00e4nge oder das Material der Griffteile, mit Innentaschen mit Liner, etc.Bringen Sie uns die Idee der Tasche, die Sie machen wollen, und dann werden wir Ihnen helfen, es zu erreichen. Nach der anf\u00e4nglichen Diskussion k\u00f6nnen wir zum n\u00e4chsten Teil der Musterpr\u00fcfung \u00fcbergehen. Wir werden das Muster sehr schnell herstellen, von 3 bis 7 Tagen, abh\u00e4ngig von verschiedenen \u00d6ko-Taschen. Sie k\u00f6nnen <\/span>gehen zu <a href=\"https:\/\/avecobaggie.com\/de\/custom-solutions\/\"><strong>MASSGESCHNEIDERTE L\u00d6SUNGEN<\/strong><\/a> um mehr \u00fcber individuelle Taschen zu erfahren.<\/p>\n<h4 class=\"p1\"><span style=\"color: #333333;\">Produktmerkmale <\/span><\/h4>\n<ul>\n<li><strong>Stil der Tasche:<\/strong>Strandtasche mit Ledergriff<\/li>\n<li><strong>Material Typ<\/strong>: Jute+Leder<\/li>\n<li><strong>Material Farbe<\/strong>: Nat\u00fcrliche Jute oder andere gew\u00fcnschte Farben<\/li>\n<li><strong>Gr\u00f6\u00dfe der Tasche<\/strong>: 60X40CM ( Liste mit Standardgr\u00f6\u00dfe, wir akzeptieren kundenspezifische Gr\u00f6\u00dfe Strandtasche \uff09<\/li>\n<li><strong>Impressum Bereich<\/strong>: 1-farbig | 2-farbig | mehrfarbig| Vollfl\u00e4chiger Druck, ein- oder zweiseitiger Druck<\/li>\n<li><strong>Schlie\u00dfung<\/strong>: \u00d6ffnen Sie<\/li>\n<li><strong>Pflegehinweise<\/strong>: Handw\u00e4sche empfohlen, Maschinenw\u00e4sche nicht ok, zum Trocknen aufh\u00e4ngen.<\/li>\n<\/ul>\n<p>Neben der Auflistung Strandtaschen, haben wir auch andere Arten, klicken Sie auf den Tag Strandtasche, und Sie k\u00f6nnen mehr f\u00fcr andere Stile wie Strandtasche f\u00fcr Frau, f\u00fcr Mann, oder vor allem f\u00fcr Kinder zu erkunden, so dass sie ihre Spielsachen am Strand zu speichern, Tasche Gr\u00f6\u00dfe klein, gro\u00df, mittel oder \u00fcbergro\u00df. Es muss eine Art von Tasche, die Sie machen wollen, wenn nicht, schicken Sie uns die Idee, und wir helfen, Ihre ideale Strandtasche zu machen.<\/p>","protected":false},"excerpt":{"rendered":"<p>Aus nat\u00fcrlichem Jutematerial hergestellt, ist die Tasche umweltfreundlich und beliebt. Sowohl Logo als auch Muster k\u00f6nnen mit niedrigem MOQ angepasst werden.<\/p>","protected":false},"featured_media":2241,"comment_status":"open","ping_status":"closed","template":"","meta":{"_seopress_robots_primary_cat":"none","_seopress_titles_title":"%%post_title%% %%sep%%Custom Now with Avecobaggie","_seopress_titles_desc":"","_seopress_robots_index":""},"product_brand":[],"product_cat":[29,104,110],"product_tag":[125],"class_list":{"0":"post-2240","1":"product","2":"type-product","3":"status-publish","4":"has-post-thumbnail","6":"product_cat-tote-bag","7":"product_cat-jute-burlap-bag","8":"product_cat-travel","9":"product_tag-beach-bag","11":"first","12":"instock","13":"taxable","14":"shipping-taxable","15":"product-type-simple"},"_links":{"self":[{"href":"https:\/\/avecobaggie.com\/de\/wp-json\/wp\/v2\/product\/2240","targetHints":{"allow":["GET"]}}],"collection":[{"href":"https:\/\/avecobaggie.com\/de\/wp-json\/wp\/v2\/product"}],"about":[{"href":"https:\/\/avecobaggie.com\/de\/wp-json\/wp\/v2\/types\/product"}],"replies":[{"embeddable":true,"href":"https:\/\/avecobaggie.com\/de\/wp-json\/wp\/v2\/comments?post=2240"}],"wp:featuredmedia":[{"embeddable":true,"href":"https:\/\/avecobaggie.com\/de\/wp-json\/wp\/v2\/media\/2241"}],"wp:attachment":[{"href":"https:\/\/avecobaggie.com\/de\/wp-json\/wp\/v2\/media?parent=2240"}],"wp:term":[{"taxonomy":"product_brand","embeddable":true,"href":"https:\/\/avecobaggie.com\/de\/wp-json\/wp\/v2\/product_brand?post=2240"},{"taxonomy":"product_cat","embeddable":true,"href":"https:\/\/avecobaggie.com\/de\/wp-json\/wp\/v2\/product_cat?post=2240"},{"taxonomy":"product_tag","embeddable":true,"href":"https:\/\/avecobaggie.com\/de\/wp-json\/wp\/v2\/product_tag?post=2240"}],"curies":[{"name":"wp","href":"https:\/\/api.w.org\/{rel}","templated":true}]}}