{"id":2248,"date":"2021-03-10T10:46:35","date_gmt":"2021-03-10T02:46:35","guid":{"rendered":"https:\/\/avecobaggie.com\/?post_type=product&#038;p=2248"},"modified":"2021-03-30T10:43:36","modified_gmt":"2021-03-30T02:43:36","slug":"round-bottom-burlap-wine-bottle-bag","status":"publish","type":"product","link":"https:\/\/avecobaggie.com\/de\/produkt\/round-bottom-burlap-wine-bottle-bag\/","title":{"rendered":"Weinflaschenbeutel aus Leinen mit rundem Boden"},"content":{"rendered":"<p>Aveco bietet haupts\u00e4chlich kundenspezifische \u00d6ko-Taschen mit einem One-Stop-Shop-Service. Unsere Taschen sind langlebig, qualitativ hochwertig und erschwinglich, um verschiedene Zwecke zu erf\u00fcllen. Alle von uns verwendeten Materialien sind umweltfreundlich, einschlie\u00dflich Baumwolle, Segeltuch, Leinen, Jute, Filz usw. Wenn Sie Taschen mit Ihrer Eigenmarke oder f\u00fcr Werbeveranstaltungen herstellen m\u00f6chten, k\u00f6nnen wir Ihren Bedarf an Massenware mit einem recht niedrigen MOQ und schneller Lieferung decken.<\/p>\n<h3 class=\"p1\"><span style=\"color: #333333;\">\u00a0 \u00a0 Produktmerkmale f\u00fcr die Burlap Weinflaschentasche mit rundem Boden<\/span><\/h3>\n<ul>\n<li><strong>Tasche Stil<\/strong>: Weinbeutel<\/li>\n<li><strong>Material Typ<\/strong>: Nat\u00fcrliches Jutegewebe, hergestellt aus 100% nat\u00fcrlichem Jutegewebe, macht die Weinbeutel haltbarer, wiederverwendbar und umweltfreundlich.<\/li>\n<li><strong>Material Gewicht<\/strong>:<\/li>\n<li><strong>Material Farbe<\/strong>: Nat\u00fcrlich<\/li>\n<li><strong>Gr\u00f6\u00dfe der Tasche<\/strong>: 12X30CM\uff08 Liste mit beliebten Gr\u00f6\u00dfe, wir akzeptieren kundenspezifische Gr\u00f6\u00dfe Tasche \uff09<\/li>\n<li><strong>Impressum Bereich<\/strong>: 1-farbig | 2-farbig | mehrfarbig| Vollfl\u00e4chiger Druck, ein- oder zweiseitiger Druck<\/li>\n<li><strong>Schlie\u00dfung<\/strong>Kordelzug-Design, das die Tasche leicht zu schlie\u00dfen und zu \u00f6ffnen, bequem f\u00fcr die Lagerung Weinflasche oder andere Dinge macht.<\/li>\n<li><strong>Pflegehinweise<\/strong>: Handw\u00e4sche empfohlen, zum Trocknen aufh\u00e4ngen.<\/li>\n<\/ul>","protected":false},"excerpt":{"rendered":"<p class=\"a-spacing-mini\">Hergestellt aus 100% Natural Jute Burlap, vollst\u00e4ndig biologisch abbaubar, runder Boden machen die Tasche st\u00e4rker, ideale Geschenkidee f\u00fcr Geburtstage, Hochzeiten, Housewarmings, <span class=\"a-list-item\">Jahrestage, Partys, Reisen - individuelle Jutebeutel oder Gro\u00dfbestellungen sind willkommen.<\/span><\/p>","protected":false},"featured_media":2249,"comment_status":"open","ping_status":"closed","template":"","meta":{"_seopress_robots_primary_cat":"none","_seopress_titles_title":"Burlap Wine Bottle Bag Manufacturer -Custom with Aveco Now","_seopress_titles_desc":"OEM for different sizes of Wine bottle bag, including single wine bag and 2,6,12 wine tote bags, Nice ,portable and easy to carry, perfect for gift bags.","_seopress_robots_index":""},"product_brand":[],"product_cat":[92,104,109],"product_tag":[124],"class_list":{"0":"post-2248","1":"product","2":"type-product","3":"status-publish","4":"has-post-thumbnail","6":"product_cat-drawstring-bag","7":"product_cat-jute-burlap-bag","8":"product_cat-everyday","9":"product_tag-wine-bag","11":"first","12":"instock","13":"taxable","14":"shipping-taxable","15":"product-type-simple"},"_links":{"self":[{"href":"https:\/\/avecobaggie.com\/de\/wp-json\/wp\/v2\/product\/2248","targetHints":{"allow":["GET"]}}],"collection":[{"href":"https:\/\/avecobaggie.com\/de\/wp-json\/wp\/v2\/product"}],"about":[{"href":"https:\/\/avecobaggie.com\/de\/wp-json\/wp\/v2\/types\/product"}],"replies":[{"embeddable":true,"href":"https:\/\/avecobaggie.com\/de\/wp-json\/wp\/v2\/comments?post=2248"}],"wp:featuredmedia":[{"embeddable":true,"href":"https:\/\/avecobaggie.com\/de\/wp-json\/wp\/v2\/media\/2249"}],"wp:attachment":[{"href":"https:\/\/avecobaggie.com\/de\/wp-json\/wp\/v2\/media?parent=2248"}],"wp:term":[{"taxonomy":"product_brand","embeddable":true,"href":"https:\/\/avecobaggie.com\/de\/wp-json\/wp\/v2\/product_brand?post=2248"},{"taxonomy":"product_cat","embeddable":true,"href":"https:\/\/avecobaggie.com\/de\/wp-json\/wp\/v2\/product_cat?post=2248"},{"taxonomy":"product_tag","embeddable":true,"href":"https:\/\/avecobaggie.com\/de\/wp-json\/wp\/v2\/product_tag?post=2248"}],"curies":[{"name":"wp","href":"https:\/\/api.w.org\/{rel}","templated":true}]}}