{"id":2277,"date":"2021-03-10T14:50:05","date_gmt":"2021-03-10T06:50:05","guid":{"rendered":"https:\/\/avecobaggie.com\/?post_type=product&#038;p=2277"},"modified":"2021-03-30T10:41:18","modified_gmt":"2021-03-30T02:41:18","slug":"drawstring-cotton-mesh-bag","status":"publish","type":"product","link":"https:\/\/avecobaggie.com\/de\/produkt\/drawstring-cotton-mesh-bag\/","title":{"rendered":"Netzbeutel mit Kordelzug aus Baumwolle"},"content":{"rendered":"<p>Aveco mainly provide customized eco bags with one stop shop solution service. Our bags are durable, high quality and affordable to meet different purposes.<\/p>\n<p>The listed drawstring cotton mesh bags are in stock \u00a0to be fast delivered and easier for you to start. They are made from natural, sustainable, unprocessed cotton.Single size purchasing or bundle sizes as a set is available, normally each bag will have a tare weight label, and on the label you can print your own logo.<\/p>\n<p>The drawstring cotton mesh bags are perfect for food ,vegetables, toys and other application.<\/p>\n<h3 class=\"p1\"><span style=\"color: #333333;\">Product Features for the Drawstring Cotton Mesh Bag<\/span><\/h3>\n<ul>\n<li><strong>Tasche Stil<\/strong>: Mesh produce bag<\/li>\n<li><strong>Material Typ<\/strong>: Baumwolle Mesh<\/li>\n<li><strong>Material Gewicht<\/strong>: &#8212;<\/li>\n<li><strong>Material Farbe<\/strong>: Wei\u00df<\/li>\n<li><strong>Gr\u00f6\u00dfe der Tasche<\/strong>: 20X25CM|25X30CM|30X35CM | custom size<\/li>\n<li><strong>Impressum Bereich<\/strong>: plain color without printing<\/li>\n<li><strong>Schlie\u00dfung<\/strong>: Kordelzug<\/li>\n<li><strong>Pflegehinweise<\/strong>: Handw\u00e4sche empfohlen, Maschinenw\u00e4sche ist auch ok, h\u00e4ngen trocken.<\/li>\n<\/ul>\n<p><strong>Hinweise:Bei Baumwollstoffen kann es nach dem Waschen zu einem leichten Einlaufen kommen.<\/strong><\/p>","protected":false},"excerpt":{"rendered":"<p>Einzel- oder B\u00fcndelgr\u00f6\u00dfe f\u00fcr die wiederverwendbare Baumwoll-Netztasche mit Kordelzug,<span class=\"a-list-item\"><span class=\"a-size-base\">Maschinenwaschbar,<\/span><\/span><span class=\"a-list-item\"><span class=\"a-size-base\">Atmungsaktives Netz,<\/span><\/span><span class=\"a-list-item\"><span class=\"a-size-base\">Hergestellt aus hochwertigen, lebensmittelechten Materialien,<\/span><\/span><span class=\"a-list-item\"><span class=\"a-size-base\">Taragewichtsanh\u00e4nger an jedem Beutel,<\/span><\/span><span class=\"a-list-item\"><span class=\"a-size-base\">Kordelzugverschluss zur Sicherung des Inhalts.<\/span><\/span><\/p>","protected":false},"featured_media":2278,"comment_status":"open","ping_status":"closed","template":"","meta":{"_seopress_robots_primary_cat":"none","_seopress_titles_title":"%%post_title%%  %%sep%%In stock %%sep%%Deliver in 3 Days","_seopress_titles_desc":"Breathable mesh,Made with high-quality food safe materials,Tare weight tags on each drawstring cotton mesh bag,Contact for order single or bundle sizes","_seopress_robots_index":""},"product_brand":[],"product_cat":[113],"product_tag":[],"class_list":{"0":"post-2277","1":"product","2":"type-product","3":"status-publish","4":"has-post-thumbnail","6":"product_cat-bags-in-stock","8":"first","9":"instock","10":"taxable","11":"shipping-taxable","12":"product-type-simple"},"_links":{"self":[{"href":"https:\/\/avecobaggie.com\/de\/wp-json\/wp\/v2\/product\/2277","targetHints":{"allow":["GET"]}}],"collection":[{"href":"https:\/\/avecobaggie.com\/de\/wp-json\/wp\/v2\/product"}],"about":[{"href":"https:\/\/avecobaggie.com\/de\/wp-json\/wp\/v2\/types\/product"}],"replies":[{"embeddable":true,"href":"https:\/\/avecobaggie.com\/de\/wp-json\/wp\/v2\/comments?post=2277"}],"wp:featuredmedia":[{"embeddable":true,"href":"https:\/\/avecobaggie.com\/de\/wp-json\/wp\/v2\/media\/2278"}],"wp:attachment":[{"href":"https:\/\/avecobaggie.com\/de\/wp-json\/wp\/v2\/media?parent=2277"}],"wp:term":[{"taxonomy":"product_brand","embeddable":true,"href":"https:\/\/avecobaggie.com\/de\/wp-json\/wp\/v2\/product_brand?post=2277"},{"taxonomy":"product_cat","embeddable":true,"href":"https:\/\/avecobaggie.com\/de\/wp-json\/wp\/v2\/product_cat?post=2277"},{"taxonomy":"product_tag","embeddable":true,"href":"https:\/\/avecobaggie.com\/de\/wp-json\/wp\/v2\/product_tag?post=2277"}],"curies":[{"name":"wp","href":"https:\/\/api.w.org\/{rel}","templated":true}]}}