{"id":2284,"date":"2021-03-10T15:31:59","date_gmt":"2021-03-10T07:31:59","guid":{"rendered":"https:\/\/avecobaggie.com\/?post_type=product&#038;p=2284"},"modified":"2021-03-30T10:27:40","modified_gmt":"2021-03-30T02:27:40","slug":"cotton-mesh-totes-beach-bag","status":"publish","type":"product","link":"https:\/\/avecobaggie.com\/de\/produkt\/cotton-mesh-totes-beach-bag\/","title":{"rendered":"Cotton Mesh Totes Strandtasche"},"content":{"rendered":"<p>Aveco mainly provide customized eco bags with one stop shop solution service. Our\u00a0 bags are durable, high quality and affordable to meet different purposes. All the materials we use are eco-friendly including cotton, canvas, linen, jute, felt etc. and If you are looking to make bags with your private label brand or promotional events, then we can serve your bulk needs with quite a low MOQ and fast delivery.<\/p>\n<p>If you want to start in an easy way, then you can just go to our <a href=\"https:\/\/avecobaggie.com\/de\/produkt-kategorie\/bags-in-stock\/\">bags in stock<\/a> ,to find out the stock bag you like, most bags are blank and very easy to DIY.<\/p>\n<p>PRODUKTMERKMALE<\/p>\n<ul>\n<li><strong>Tasche Stil<\/strong>: Mesh Totes<\/li>\n<li><strong>Material Typ<\/strong>: Cotton mesh,Made of 100% cotton, durable, eco-friendly and good breathability to storage,<\/li>\n<li><strong>Material Gewicht<\/strong>: 6 oz \/ wir k\u00f6nnen auch andere Dicken nach Ihrer Anfrage machen, <a href=\"https:\/\/avecobaggie.com\/de\/custom-solutions\/\">Klicken Sie hier, um die Gewichtstabelle des Stoffes zu sehen<\/a><\/li>\n<li><strong>Material Farbe<\/strong>: Naturbeige<\/li>\n<li><strong>Gr\u00f6\u00dfe der Tasche<\/strong>: 40X45CM ( list with standard size, we accept customized size bag \uff09,the standard size is large capacity :can hold up to 40lbs. And the cotton netting can expand nicely to accommodate a lot of shopping.<\/li>\n<li><strong>Impressum Bereich<\/strong>: 1-farbig | 2-farbig | mehrfarbig| Vollfl\u00e4chiger Druck, ein- oder zweiseitiger Druck<\/li>\n<li><strong>Schlie\u00dfung<\/strong>: \u00d6ffnen Sie<\/li>\n<li><strong>Handle:<\/strong>Long and widened handles allow you to easily cross your shoulders, and the wider handles relieve shoulder pressure and make your shopping easier.<\/li>\n<li><strong>Advantage:<\/strong>Old fashioned, multiple color, super cute and rustic. Great for produce, vegetable, fruit, cans and frozen food. Also a great gift for Family.<\/li>\n<li><strong>Pflegehinweise<\/strong>: Handw\u00e4sche empfohlen, Maschinenw\u00e4sche ist auch ok, h\u00e4ngen trocken.<\/li>\n<\/ul>\n<p><strong>Hinweise:Bei Baumwollstoffen kann es nach dem Waschen zu einem leichten Einlaufen kommen.<\/strong><\/p>\n<p><span class=\"a-text-italic\"><span class=\"a-text-bold\">Aveco strive to make every detail of the product as zero waste as possible,No staining, no plastic packaging,No carbon dioxide emissions<\/span><\/span><\/p>\n<p>&nbsp;<\/p>","protected":false},"excerpt":{"rendered":"<p>Meet your different needs for shopping, beach trips, picnics etc.\u00a0 lightweight and easy to carry, just fold and\u00a0 shove into a bag\/pocket. Long and extra thickened handles, makes your shoulder more comfortable.<\/p>","protected":false},"featured_media":2285,"comment_status":"open","ping_status":"closed","template":"","meta":{"_seopress_robots_primary_cat":"none","_seopress_titles_title":"","_seopress_titles_desc":"","_seopress_robots_index":""},"product_brand":[],"product_cat":[96,102,109],"product_tag":[],"class_list":{"0":"post-2284","1":"product","2":"type-product","3":"status-publish","4":"has-post-thumbnail","6":"product_cat-mesh-bag","7":"product_cat-cotton-canvas-bag","8":"product_cat-everyday","10":"first","11":"instock","12":"taxable","13":"shipping-taxable","14":"product-type-simple"},"_links":{"self":[{"href":"https:\/\/avecobaggie.com\/de\/wp-json\/wp\/v2\/product\/2284","targetHints":{"allow":["GET"]}}],"collection":[{"href":"https:\/\/avecobaggie.com\/de\/wp-json\/wp\/v2\/product"}],"about":[{"href":"https:\/\/avecobaggie.com\/de\/wp-json\/wp\/v2\/types\/product"}],"replies":[{"embeddable":true,"href":"https:\/\/avecobaggie.com\/de\/wp-json\/wp\/v2\/comments?post=2284"}],"wp:featuredmedia":[{"embeddable":true,"href":"https:\/\/avecobaggie.com\/de\/wp-json\/wp\/v2\/media\/2285"}],"wp:attachment":[{"href":"https:\/\/avecobaggie.com\/de\/wp-json\/wp\/v2\/media?parent=2284"}],"wp:term":[{"taxonomy":"product_brand","embeddable":true,"href":"https:\/\/avecobaggie.com\/de\/wp-json\/wp\/v2\/product_brand?post=2284"},{"taxonomy":"product_cat","embeddable":true,"href":"https:\/\/avecobaggie.com\/de\/wp-json\/wp\/v2\/product_cat?post=2284"},{"taxonomy":"product_tag","embeddable":true,"href":"https:\/\/avecobaggie.com\/de\/wp-json\/wp\/v2\/product_tag?post=2284"}],"curies":[{"name":"wp","href":"https:\/\/api.w.org\/{rel}","templated":true}]}}