{"id":2291,"date":"2021-03-10T15:44:39","date_gmt":"2021-03-10T07:44:39","guid":{"rendered":"https:\/\/avecobaggie.com\/?post_type=product&#038;p=2291"},"modified":"2021-03-24T15:16:06","modified_gmt":"2021-03-24T07:16:06","slug":"cotton-portable-shopping-bag-with-net","status":"publish","type":"product","link":"https:\/\/avecobaggie.com\/de\/produkt\/cotton-portable-shopping-bag-with-net\/","title":{"rendered":"Tragbare Einkaufstasche aus Baumwolle mit Netz"},"content":{"rendered":"<p>Das Unternehmen Aveco entwirft und fertigt haupts\u00e4chlich alle Arten von \u00d6ko-Taschen, wie z. B. die Netztasche, und bietet L\u00f6sungen aus einer Hand an. Unsere Taschen sind langlebig, hochwertig und erschwinglich, um verschiedene Zwecke zu erf\u00fcllen. Alle Materialien, die wir verwenden, sind umweltfreundlich, einschlie\u00dflich Baumwolle, Segeltuch, Leinen, Jute, Filz Oxford, etc. und wenn Sie schauen, um Taschen mit Ihrem Private Label Marke oder Werbeveranstaltungen zu machen, dann k\u00f6nnen wir Ihre Bed\u00fcrfnisse in gro\u00dfen Mengen mit einem ziemlich niedrigen MOQ und schnelle Lieferung dienen.<\/p>\n<p>Diese Netztasche ist ger\u00e4umig und f\u00fcr mehrere Zwecke konzipiert, kann es f\u00fcr die t\u00e4glichen Lebensmittel tragen, Kinderspielzeug sammeln, und auch geeignet f\u00fcr den Strand verwendet werden. Das Material ist nachhaltig, leicht zu waschen.und sie k\u00f6nnen verschiedene Farben machen.einige Kunden b\u00fcndeln diese Art mit dem Kordelzug produzieren als Set, es ist sehr beliebt unter den E-Commerce-Markt.<\/p>\n<p>PRODUKTMERKMALE<\/p>\n<ul>\n<li><strong>Tasche Stil<\/strong>: Netzsack<\/li>\n<li><strong>Material Typ<\/strong>: Baumwolle Mesh<\/li>\n<li><strong>Material Gewicht<\/strong>: 6 oz \/ wir k\u00f6nnen auch andere Dicken nach Ihrer Anfrage machen, <a href=\"https:\/\/avecobaggie.com\/de\/custom-solutions\/\">Klicken Sie hier, um die Gewichtstabelle des Stoffes zu sehen<\/a><\/li>\n<li><strong>Material Farbe<\/strong>: Beige, Blau, Schwarz, Rot, Gelb, Orange, Gr\u00fcn ---<\/li>\n<li><strong>Gr\u00f6\u00dfe der Tasche<\/strong>: 36X35X10CM | 36X35X25CM ( Liste mit Standardgr\u00f6\u00dfe, wir akzeptieren kundenspezifische Gr\u00f6\u00dfe Tasche \uff09<\/li>\n<li><strong>Impressum Bereich<\/strong>: 1-farbig | 2-farbig | mehrfarbig| Vollfl\u00e4chiger Druck, ein- oder zweiseitiger Druck<\/li>\n<li><strong>Schlie\u00dfung<\/strong>: \u00d6ffnen Sie<\/li>\n<li><strong>Pflegehinweise<\/strong>: Handw\u00e4sche empfohlen, Maschinenw\u00e4sche ist auch ok, h\u00e4ngen trocken.<\/li>\n<\/ul>\n<p><strong>Hinweise:Bei Baumwollstoffen kann es nach dem Waschen zu einem leichten Einlaufen kommen.<\/strong><\/p>","protected":false},"excerpt":{"rendered":"<p>Diese Netztasche ist ger\u00e4umig und f\u00fcr mehrere Zwecke ausgelegt, sie kann f\u00fcr den t\u00e4glichen Einkauf verwendet werden, Kinderspielzeug sammeln, und auch f\u00fcr den Strand geeignet<\/p>","protected":false},"featured_media":2292,"comment_status":"open","ping_status":"closed","template":"","meta":{"_seopress_robots_primary_cat":"none","_seopress_titles_title":"","_seopress_titles_desc":"","_seopress_robots_index":""},"product_brand":[],"product_cat":[96,102,109],"product_tag":[],"class_list":{"0":"post-2291","1":"product","2":"type-product","3":"status-publish","4":"has-post-thumbnail","6":"product_cat-mesh-bag","7":"product_cat-cotton-canvas-bag","8":"product_cat-everyday","10":"first","11":"instock","12":"taxable","13":"shipping-taxable","14":"product-type-simple"},"_links":{"self":[{"href":"https:\/\/avecobaggie.com\/de\/wp-json\/wp\/v2\/product\/2291","targetHints":{"allow":["GET"]}}],"collection":[{"href":"https:\/\/avecobaggie.com\/de\/wp-json\/wp\/v2\/product"}],"about":[{"href":"https:\/\/avecobaggie.com\/de\/wp-json\/wp\/v2\/types\/product"}],"replies":[{"embeddable":true,"href":"https:\/\/avecobaggie.com\/de\/wp-json\/wp\/v2\/comments?post=2291"}],"wp:featuredmedia":[{"embeddable":true,"href":"https:\/\/avecobaggie.com\/de\/wp-json\/wp\/v2\/media\/2292"}],"wp:attachment":[{"href":"https:\/\/avecobaggie.com\/de\/wp-json\/wp\/v2\/media?parent=2291"}],"wp:term":[{"taxonomy":"product_brand","embeddable":true,"href":"https:\/\/avecobaggie.com\/de\/wp-json\/wp\/v2\/product_brand?post=2291"},{"taxonomy":"product_cat","embeddable":true,"href":"https:\/\/avecobaggie.com\/de\/wp-json\/wp\/v2\/product_cat?post=2291"},{"taxonomy":"product_tag","embeddable":true,"href":"https:\/\/avecobaggie.com\/de\/wp-json\/wp\/v2\/product_tag?post=2291"}],"curies":[{"name":"wp","href":"https:\/\/api.w.org\/{rel}","templated":true}]}}