{"id":2351,"date":"2021-03-12T15:16:40","date_gmt":"2021-03-12T07:16:40","guid":{"rendered":"https:\/\/avecobaggie.com\/?post_type=product&#038;p=2351"},"modified":"2021-03-30T10:36:30","modified_gmt":"2021-03-30T02:36:30","slug":"portable-best-insulated-cooler-bag","status":"publish","type":"product","link":"https:\/\/avecobaggie.com\/de\/produkt\/portable-best-insulated-cooler-bag\/","title":{"rendered":"Tragbare beste isolierte K\u00fchltasche"},"content":{"rendered":"<p>Aveco ist haupts\u00e4chlich Hersteller und OEM f\u00fcr verschiedene Arten von \u00d6ko-Taschen mit einem One-Stop-Shop-L\u00f6sung Service. Unsere Taschen sind langlebig, hohe Qualit\u00e4t und erschwinglich, um verschiedene Zwecke zu erf\u00fcllen.<\/p>\n<p>Alle von uns verwendeten Materialien sind umweltfreundlich, darunter Baumwolle, Segeltuch, Leinen, Jute, Filz usw. Wenn Sie Taschen f\u00fcr Ihre Eigenmarke oder f\u00fcr Werbeveranstaltungen herstellen m\u00f6chten, k\u00f6nnen wir Ihren Bedarf an Massenware mit einem recht niedrigen MOQ und schneller Lieferung decken.<\/p>\n<p>F\u00fcr diese tragbare K\u00fchltasche ist mit gr\u00f6\u00dferer Gr\u00f6\u00dfe, au\u00dfen ist die nicht gewebte Material, innen ist die Aluminiumfolie, f\u00fcr das \u00e4u\u00dfere Material, k\u00f6nnen Sie auch eine kundenspezifische Anfrage auf andere Materialien wie RPET, Oxford, Polyester oder Leinwand. die Gurte k\u00f6nnen auch OEM mit einer l\u00e4ngeren Version, oder die \u00c4nderung in ein Gurtband mit einfarbig, oder sogar mit gedruckten oder gewebten Buchstaben auf.<\/p>\n<p>Die MOQ f\u00fcr diese Beutel betr\u00e4gt 500 St\u00fcck.<\/p>\n<h5><span style=\"color: #333333;\">PRODUKTMERKMALE\u00a0<\/span><\/h5>\n<ul>\n<li><strong>Tasche Stil<\/strong>: K\u00fchltasche<\/li>\n<li><strong>Material Typ<\/strong>: Nicht gewebt mit Alufolie<\/li>\n<li><strong>Material Gewicht<\/strong>: 70g \/ wir k\u00f6nnen auch andere Dicken nach Ihren W\u00fcnschen herstellen,<\/li>\n<li><strong>Material Farbe<\/strong>: Gelb<\/li>\n<li><strong>Gr\u00f6\u00dfe der Tasche<\/strong>: 32X18X16CM (Liste mit Standardgr\u00f6\u00dfe, wir akzeptieren kundenspezifische Gr\u00f6\u00dfe Tasche \uff09<\/li>\n<li><strong>Impressum Bereich<\/strong>: 1-farbig | 2-farbig | mehrfarbig| Vollfl\u00e4chiger Druck, ein- oder zweiseitiger Druck<\/li>\n<li><strong>Schlie\u00dfung<\/strong>: Mit Rei\u00dfverschluss<\/li>\n<li><strong>Pflegehinweise<\/strong>: Handw\u00e4sche empfohlen, Maschinenw\u00e4sche ist auch ok, h\u00e4ngen trocken.<\/li>\n<\/ul>\n<p>Bevor Sie sich f\u00fcr die Herstellung einer K\u00fchltasche entscheiden, sollten Sie etwas wissen<\/p>\n<p>&nbsp;<\/p>\n<p>&nbsp;<\/p>","protected":false},"excerpt":{"rendered":"<p>Diese isolierte K\u00fchltasche ist gro\u00df genug f\u00fcr Reisen, die nicht gewebten Materialien au\u00dfen k\u00f6nnen benutzerdefinierte reine Farbe oder Muster, innen Aluminiumfolie warm halten.<\/p>","protected":false},"featured_media":2352,"comment_status":"open","ping_status":"closed","template":"","meta":{"_seopress_robots_primary_cat":"none","_seopress_titles_title":"%%post_title%% %%sep%% OEM %%sep%% %%sitetitle%%","_seopress_titles_desc":"","_seopress_robots_index":""},"product_brand":[],"product_cat":[30,105,110],"product_tag":[],"class_list":{"0":"post-2351","1":"product","2":"type-product","3":"status-publish","4":"has-post-thumbnail","6":"product_cat-cooler-bag","7":"product_cat-non-woven-bag","8":"product_cat-travel","10":"first","11":"instock","12":"taxable","13":"shipping-taxable","14":"product-type-simple"},"_links":{"self":[{"href":"https:\/\/avecobaggie.com\/de\/wp-json\/wp\/v2\/product\/2351","targetHints":{"allow":["GET"]}}],"collection":[{"href":"https:\/\/avecobaggie.com\/de\/wp-json\/wp\/v2\/product"}],"about":[{"href":"https:\/\/avecobaggie.com\/de\/wp-json\/wp\/v2\/types\/product"}],"replies":[{"embeddable":true,"href":"https:\/\/avecobaggie.com\/de\/wp-json\/wp\/v2\/comments?post=2351"}],"wp:featuredmedia":[{"embeddable":true,"href":"https:\/\/avecobaggie.com\/de\/wp-json\/wp\/v2\/media\/2352"}],"wp:attachment":[{"href":"https:\/\/avecobaggie.com\/de\/wp-json\/wp\/v2\/media?parent=2351"}],"wp:term":[{"taxonomy":"product_brand","embeddable":true,"href":"https:\/\/avecobaggie.com\/de\/wp-json\/wp\/v2\/product_brand?post=2351"},{"taxonomy":"product_cat","embeddable":true,"href":"https:\/\/avecobaggie.com\/de\/wp-json\/wp\/v2\/product_cat?post=2351"},{"taxonomy":"product_tag","embeddable":true,"href":"https:\/\/avecobaggie.com\/de\/wp-json\/wp\/v2\/product_tag?post=2351"}],"curies":[{"name":"wp","href":"https:\/\/api.w.org\/{rel}","templated":true}]}}