{"id":2363,"date":"2021-03-12T16:03:13","date_gmt":"2021-03-12T08:03:13","guid":{"rendered":"https:\/\/avecobaggie.com\/?post_type=product&#038;p=2363"},"modified":"2021-03-24T13:51:10","modified_gmt":"2021-03-24T05:51:10","slug":"small-insulated-lunch-cooler-bag","status":"publish","type":"product","link":"https:\/\/avecobaggie.com\/de\/produkt\/small-insulated-lunch-cooler-bag\/","title":{"rendered":"Kleine isolierte Lunch-K\u00fchltasche"},"content":{"rendered":"<p>Aveco bietet haupts\u00e4chlich ma\u00dfgeschneiderte umweltfreundliche Taschen mit einem One-Stop-Shop-Service. Unsere Taschen sind langlebig, qualitativ hochwertig und erschwinglich, um verschiedene Zwecke zu erf\u00fcllen. Alle Materialien, die wir verwenden, sind umweltfreundlich, einschlie\u00dflich Baumwolle, Leinwand, Leinen, Jute, Filz usw. Wenn Sie Taschen mit Ihrer Eigenmarke oder f\u00fcr Werbeveranstaltungen herstellen m\u00f6chten, k\u00f6nnen wir Ihren Bedarf an Massenware mit einer recht niedrigen Mindestbestellmenge und schneller Lieferung erf\u00fcllen.<\/p>\n<p>PRODUKTMERKMALE<\/p>\n<ul>\n<li><strong>Tasche Stil<\/strong>: Brotzeittasche<\/li>\n<li><strong>Material Typ<\/strong>: Oxford-Stoff<\/li>\n<li><strong>Material Gewicht<\/strong>: 600D<\/li>\n<li><strong>Material Farbe<\/strong>: Blau, schwarz, rosa, grau<\/li>\n<li><strong>Gr\u00f6\u00dfe der Tasche<\/strong>: 27X16X25CM ( Liste mit Standardgr\u00f6\u00dfe, wir akzeptieren kundenspezifische Gr\u00f6\u00dfe Tasche \uff09<\/li>\n<li><strong>Impressum Bereich<\/strong>: 1-farbig | 2-farbig | mehrfarbig| Vollfl\u00e4chiger Druck, ein- oder zweiseitiger Druck<\/li>\n<li><strong>Schlie\u00dfung<\/strong>: Mit Rei\u00dfverschluss<\/li>\n<li><strong>Pflegehinweise<\/strong>: Handw\u00e4sche empfohlen, Maschinenw\u00e4sche ist auch ok, h\u00e4ngen trocken.<\/li>\n<\/ul>\n<p><strong>Hinweise:Bei Baumwollstoffen kann es nach dem Waschen zu einem leichten Einlaufen kommen.<\/strong><\/p>","protected":false},"excerpt":{"rendered":"<p>Klein, tragbar, einfaches Design, kompakt, aber auch volle Nutzung des Raumes, 4 Standard-Farbe mit kundenspezifischen Farbe zur Verf\u00fcgung<\/p>","protected":false},"featured_media":2378,"comment_status":"open","ping_status":"closed","template":"","meta":{"_seopress_robots_primary_cat":"none","_seopress_titles_title":"","_seopress_titles_desc":"","_seopress_robots_index":""},"product_brand":[],"product_cat":[30,108],"product_tag":[130],"class_list":{"0":"post-2363","1":"product","2":"type-product","3":"status-publish","4":"has-post-thumbnail","6":"product_cat-cooler-bag","7":"product_cat-work-school","8":"product_tag-lunch-bag","10":"first","11":"instock","12":"taxable","13":"shipping-taxable","14":"product-type-simple"},"_links":{"self":[{"href":"https:\/\/avecobaggie.com\/de\/wp-json\/wp\/v2\/product\/2363","targetHints":{"allow":["GET"]}}],"collection":[{"href":"https:\/\/avecobaggie.com\/de\/wp-json\/wp\/v2\/product"}],"about":[{"href":"https:\/\/avecobaggie.com\/de\/wp-json\/wp\/v2\/types\/product"}],"replies":[{"embeddable":true,"href":"https:\/\/avecobaggie.com\/de\/wp-json\/wp\/v2\/comments?post=2363"}],"wp:featuredmedia":[{"embeddable":true,"href":"https:\/\/avecobaggie.com\/de\/wp-json\/wp\/v2\/media\/2378"}],"wp:attachment":[{"href":"https:\/\/avecobaggie.com\/de\/wp-json\/wp\/v2\/media?parent=2363"}],"wp:term":[{"taxonomy":"product_brand","embeddable":true,"href":"https:\/\/avecobaggie.com\/de\/wp-json\/wp\/v2\/product_brand?post=2363"},{"taxonomy":"product_cat","embeddable":true,"href":"https:\/\/avecobaggie.com\/de\/wp-json\/wp\/v2\/product_cat?post=2363"},{"taxonomy":"product_tag","embeddable":true,"href":"https:\/\/avecobaggie.com\/de\/wp-json\/wp\/v2\/product_tag?post=2363"}],"curies":[{"name":"wp","href":"https:\/\/api.w.org\/{rel}","templated":true}]}}