{"id":2385,"date":"2021-03-12T16:14:42","date_gmt":"2021-03-12T08:14:42","guid":{"rendered":"https:\/\/avecobaggie.com\/?post_type=product&#038;p=2385"},"modified":"2021-03-24T13:26:26","modified_gmt":"2021-03-24T05:26:26","slug":"portable-soft-cooler-bag","status":"publish","type":"product","link":"https:\/\/avecobaggie.com\/de\/produkt\/portable-soft-cooler-bag\/","title":{"rendered":"Tragbare weiche K\u00fchltasche"},"content":{"rendered":"<p>Aveco ist haupts\u00e4chlich Gro\u00dfh\u00e4ndler und Hersteller von umweltfreundlichen Taschen mit einem One-Stop-Shop-Service. Unsere Taschen sind langlebig, hochwertig und erschwinglich, um verschiedene Zwecke zu erf\u00fcllen. Alle Materialien, die wir verwenden, sind umweltfreundlich, einschlie\u00dflich Baumwolle, Segeltuch, Leinen, Jute, Filz Oxford, etc. und wenn Sie schauen, um Taschen mit Ihrer Eigenmarke oder Werbeveranstaltungen zu machen, dann k\u00f6nnen wir Ihre Bed\u00fcrfnisse in gro\u00dfen Mengen mit einem ziemlich niedrigen MOQ und schnelle Lieferung dienen.<\/p>\n<p>PRODUKTMERKMALE<\/p>\n<ul>\n<li><strong>Tasche Stil<\/strong>: K\u00fchltasche<\/li>\n<li><strong>Material Typ<\/strong>: Oxford-Stoff<\/li>\n<li><strong>Material Gewicht<\/strong>: 600D \/<\/li>\n<li><strong>Material Farbe<\/strong>: Blau, Rot, Himmelblau<\/li>\n<li><strong>Gr\u00f6\u00dfe der Tasche<\/strong>: 16X16X15CM (Liste mit Standardgr\u00f6\u00dfe, wir akzeptieren kundenspezifische Gr\u00f6\u00dfe Tasche \uff09<\/li>\n<li><strong>Impressum Bereich<\/strong>: 1-farbig | 2-farbig | mehrfarbig| Vollfl\u00e4chiger Druck, ein- oder zweiseitiger Druck<\/li>\n<li><strong>Schlie\u00dfung<\/strong>: Mit Rei\u00dfverschluss<\/li>\n<li><strong>Pflegehinweise<\/strong>: Handw\u00e4sche empfohlen, Maschinenw\u00e4sche ist auch ok, h\u00e4ngen trocken.<\/li>\n<\/ul>\n<p><strong>Hinweise:Bei Baumwollstoffen kann es nach dem Waschen zu einem leichten Einlaufen kommen.<\/strong><\/p>","protected":false},"excerpt":{"rendered":"<p>Ger\u00e4umige K\u00fchltasche f\u00fcr das Mittagessen, mit dicker Aluminiumfolie innen, das Muster und die Farbe k\u00f6nnen nach Ihren W\u00fcnschen angepasst werden.<\/p>","protected":false},"featured_media":2402,"comment_status":"open","ping_status":"closed","template":"","meta":{"_seopress_robots_primary_cat":"none","_seopress_titles_title":"","_seopress_titles_desc":"","_seopress_robots_index":""},"product_brand":[],"product_cat":[30,108],"product_tag":[130],"class_list":{"0":"post-2385","1":"product","2":"type-product","3":"status-publish","4":"has-post-thumbnail","6":"product_cat-cooler-bag","7":"product_cat-work-school","8":"product_tag-lunch-bag","10":"first","11":"instock","12":"taxable","13":"shipping-taxable","14":"product-type-simple"},"_links":{"self":[{"href":"https:\/\/avecobaggie.com\/de\/wp-json\/wp\/v2\/product\/2385","targetHints":{"allow":["GET"]}}],"collection":[{"href":"https:\/\/avecobaggie.com\/de\/wp-json\/wp\/v2\/product"}],"about":[{"href":"https:\/\/avecobaggie.com\/de\/wp-json\/wp\/v2\/types\/product"}],"replies":[{"embeddable":true,"href":"https:\/\/avecobaggie.com\/de\/wp-json\/wp\/v2\/comments?post=2385"}],"wp:featuredmedia":[{"embeddable":true,"href":"https:\/\/avecobaggie.com\/de\/wp-json\/wp\/v2\/media\/2402"}],"wp:attachment":[{"href":"https:\/\/avecobaggie.com\/de\/wp-json\/wp\/v2\/media?parent=2385"}],"wp:term":[{"taxonomy":"product_brand","embeddable":true,"href":"https:\/\/avecobaggie.com\/de\/wp-json\/wp\/v2\/product_brand?post=2385"},{"taxonomy":"product_cat","embeddable":true,"href":"https:\/\/avecobaggie.com\/de\/wp-json\/wp\/v2\/product_cat?post=2385"},{"taxonomy":"product_tag","embeddable":true,"href":"https:\/\/avecobaggie.com\/de\/wp-json\/wp\/v2\/product_tag?post=2385"}],"curies":[{"name":"wp","href":"https:\/\/api.w.org\/{rel}","templated":true}]}}