{"id":2425,"date":"2021-03-12T16:58:12","date_gmt":"2021-03-12T08:58:12","guid":{"rendered":"https:\/\/avecobaggie.com\/?post_type=product&#038;p=2425"},"modified":"2025-06-19T16:21:39","modified_gmt":"2025-06-19T08:21:39","slug":"food-cooler-bag-for-picnic","status":"publish","type":"product","link":"https:\/\/avecobaggie.com\/de\/produkt\/food-cooler-bag-for-picnic\/","title":{"rendered":"Lebensmittel-K\u00fchltasche f\u00fcr Picknick"},"content":{"rendered":"<p>Aveco hat sich haupts\u00e4chlich auf OEM und ODM f\u00fcr Taschen aus umweltfreundlichen Materialien spezialisiert und bietet L\u00f6sungen aus einer Hand an. Derzeit haben wir Tragetaschen, Kordelzugtaschen, Umh\u00e4ngetaschen, K\u00fchltaschen und andere kreative Taschen. Unsere Taschen sind langlebig, hochwertig und erschwinglich, um verschiedene Zwecke zu erf\u00fcllen. Alle von uns verwendeten Materialien sind umweltfreundlich, einschlie\u00dflich Baumwolle, Segeltuch, rPET, Vliesstoff, Leinen, Jute, Filz, Oxford usw. Wenn Sie Taschen mit Ihrer Eigenmarke oder f\u00fcr Werbeveranstaltungen herstellen m\u00f6chten, k\u00f6nnen wir Ihren Bedarf an Gro\u00dfmengen mit einem recht niedrigen MOQ und schneller Lieferung decken.<\/p>\n<p>Diese Tasche ist f\u00fcr den Transport von Lebensmitteln au\u00dferhalb f\u00fcr Picknick, f\u00fcr Reisen, mittlere Gr\u00f6\u00dfe, es ist geeignet, um die Lunch-Boxen im Inneren setzen.<\/p>\n<p>PRODUKTMERKMALE<\/p>\n<ul>\n<li><strong>Tasche Stil<\/strong>: Totes<\/li>\n<li><strong>Material Typ<\/strong>: Innen Vliesstoff und innen Aluminiumfolie.<\/li>\n<li><strong>Material Gewicht<\/strong>: 70g \/ w<\/li>\n<li><strong>Material Farbe<\/strong>Orange oder andere Farbe<\/li>\n<li><strong>Gr\u00f6\u00dfe der Tasche<\/strong>: 28X18X30CM (Liste mit Standardgr\u00f6\u00dfe, wir akzeptieren kundenspezifische Gr\u00f6\u00dfe Tasche \uff09<\/li>\n<li><strong>Impressum Bereich<\/strong>: 1-farbig | 2-farbig | mehrfarbig| Vollfl\u00e4chiger Druck, ein- oder zweiseitiger Druck<\/li>\n<li><strong>Schlie\u00dfung<\/strong>: Mit Zauberstab<\/li>\n<li><strong>Pflegehinweise<\/strong>: Handw\u00e4sche empfohlen, Maschinenw\u00e4sche ist auch ok, h\u00e4ngen trocken.<\/li>\n<\/ul>","protected":false},"excerpt":{"rendered":"<p>Entwickelt f\u00fcr den Transport von Lebensmitteln im Freien f\u00fcr Picknick, f\u00fcr Reisen, mittlere Gr\u00f6\u00dfe, geeignet, um die Lunch-Boxen innen zu setzen.<\/p>\n<p>&nbsp;<\/p>","protected":false},"featured_media":2429,"comment_status":"open","ping_status":"closed","template":"","meta":{"_seopress_robots_primary_cat":"none","_seopress_titles_title":"","_seopress_titles_desc":"","_seopress_robots_index":""},"product_brand":[],"product_cat":[30,105,110],"product_tag":[130],"class_list":{"0":"post-2425","1":"product","2":"type-product","3":"status-publish","4":"has-post-thumbnail","6":"product_cat-cooler-bag","7":"product_cat-non-woven-bag","8":"product_cat-travel","9":"product_tag-lunch-bag","11":"first","12":"instock","13":"taxable","14":"shipping-taxable","15":"product-type-simple"},"_links":{"self":[{"href":"https:\/\/avecobaggie.com\/de\/wp-json\/wp\/v2\/product\/2425","targetHints":{"allow":["GET"]}}],"collection":[{"href":"https:\/\/avecobaggie.com\/de\/wp-json\/wp\/v2\/product"}],"about":[{"href":"https:\/\/avecobaggie.com\/de\/wp-json\/wp\/v2\/types\/product"}],"replies":[{"embeddable":true,"href":"https:\/\/avecobaggie.com\/de\/wp-json\/wp\/v2\/comments?post=2425"}],"wp:featuredmedia":[{"embeddable":true,"href":"https:\/\/avecobaggie.com\/de\/wp-json\/wp\/v2\/media\/2429"}],"wp:attachment":[{"href":"https:\/\/avecobaggie.com\/de\/wp-json\/wp\/v2\/media?parent=2425"}],"wp:term":[{"taxonomy":"product_brand","embeddable":true,"href":"https:\/\/avecobaggie.com\/de\/wp-json\/wp\/v2\/product_brand?post=2425"},{"taxonomy":"product_cat","embeddable":true,"href":"https:\/\/avecobaggie.com\/de\/wp-json\/wp\/v2\/product_cat?post=2425"},{"taxonomy":"product_tag","embeddable":true,"href":"https:\/\/avecobaggie.com\/de\/wp-json\/wp\/v2\/product_tag?post=2425"}],"curies":[{"name":"wp","href":"https:\/\/api.w.org\/{rel}","templated":true}]}}