{"id":2557,"date":"2021-03-16T11:11:39","date_gmt":"2021-03-16T03:11:39","guid":{"rendered":"https:\/\/avecobaggie.com\/?post_type=product&#038;p=2557"},"modified":"2021-03-30T10:14:24","modified_gmt":"2021-03-30T02:14:24","slug":"large-insulted-waterproof-cooler-bag","status":"publish","type":"product","link":"https:\/\/avecobaggie.com\/de\/produkt\/large-insulted-waterproof-cooler-bag\/","title":{"rendered":"Gro\u00dfe beleidigte wasserdichte K\u00fchltasche"},"content":{"rendered":"<p>Aveco company specialized all kinds of eco friendly bags, some bags are <a href=\"https:\/\/avecobaggie.com\/de\/produkt-kategorie\/bags-in-stock\/\">in stock<\/a> for quick start and shipment, most bags meet customized needs. The shape, style , material, size ,pattern, all can be customized or if you like the style, you can just simply add the logo.We offer one stop shop solution service. Our\u00a0 bags are durable, high quality and affordable to meet different purposes. All the materials we use are eco-friendly including cotton, canvas, linen, jute, oxford felt etc. and If you are looking to make bags with your private label brand or promotional events, then we can serve your bulk needs with quite a low MOQ and fast delivery.<\/p>\n<p>PRODUKTMERKMALE<\/p>\n<ul>\n<li><strong>Tasche Stil<\/strong>: insulted cooler bag<\/li>\n<li><strong>Material Typ<\/strong>: Oxford-Stoff<\/li>\n<li><strong>Material Gewicht<\/strong>:\u00a0 600D ,can customize with different thickness.<\/li>\n<li><strong>Material Farbe<\/strong>: gray<\/li>\n<li><strong>Gr\u00f6\u00dfe der Tasche<\/strong>: 20X20X25CM ( list with standard size, we accept customized size bag \uff09<\/li>\n<li><strong>Impressum Bereich<\/strong>: 1-farbig | 2-farbig | mehrfarbig| Vollfl\u00e4chiger Druck, ein- oder zweiseitiger Druck<\/li>\n<li><strong>Schlie\u00dfung<\/strong>: Mit Rei\u00dfverschluss<\/li>\n<li><strong>Pflegehinweise<\/strong>: Handw\u00e4sche empfohlen, Maschinenw\u00e4sche ist auch ok, h\u00e4ngen trocken.<\/li>\n<\/ul>\n<p>&nbsp;<\/p>","protected":false},"excerpt":{"rendered":"<p>Extra large heavy duty insulted waterproof cooler bag<\/p>","protected":false},"featured_media":2558,"comment_status":"open","ping_status":"closed","template":"","meta":{"_seopress_robots_primary_cat":"none","_seopress_titles_title":"","_seopress_titles_desc":"","_seopress_robots_index":""},"product_brand":[],"product_cat":[106,108],"product_tag":[130],"class_list":{"0":"post-2557","1":"product","2":"type-product","3":"status-publish","4":"has-post-thumbnail","6":"product_cat-oxford-bag","7":"product_cat-work-school","8":"product_tag-lunch-bag","10":"first","11":"instock","12":"taxable","13":"shipping-taxable","14":"product-type-simple"},"_links":{"self":[{"href":"https:\/\/avecobaggie.com\/de\/wp-json\/wp\/v2\/product\/2557","targetHints":{"allow":["GET"]}}],"collection":[{"href":"https:\/\/avecobaggie.com\/de\/wp-json\/wp\/v2\/product"}],"about":[{"href":"https:\/\/avecobaggie.com\/de\/wp-json\/wp\/v2\/types\/product"}],"replies":[{"embeddable":true,"href":"https:\/\/avecobaggie.com\/de\/wp-json\/wp\/v2\/comments?post=2557"}],"wp:featuredmedia":[{"embeddable":true,"href":"https:\/\/avecobaggie.com\/de\/wp-json\/wp\/v2\/media\/2558"}],"wp:attachment":[{"href":"https:\/\/avecobaggie.com\/de\/wp-json\/wp\/v2\/media?parent=2557"}],"wp:term":[{"taxonomy":"product_brand","embeddable":true,"href":"https:\/\/avecobaggie.com\/de\/wp-json\/wp\/v2\/product_brand?post=2557"},{"taxonomy":"product_cat","embeddable":true,"href":"https:\/\/avecobaggie.com\/de\/wp-json\/wp\/v2\/product_cat?post=2557"},{"taxonomy":"product_tag","embeddable":true,"href":"https:\/\/avecobaggie.com\/de\/wp-json\/wp\/v2\/product_tag?post=2557"}],"curies":[{"name":"wp","href":"https:\/\/api.w.org\/{rel}","templated":true}]}}