{"id":2563,"date":"2021-03-16T11:28:49","date_gmt":"2021-03-16T03:28:49","guid":{"rendered":"https:\/\/avecobaggie.com\/?post_type=product&#038;p=2563"},"modified":"2021-03-30T10:12:49","modified_gmt":"2021-03-30T02:12:49","slug":"customized-oxford-insulted-bento-bag","status":"publish","type":"product","link":"https:\/\/avecobaggie.com\/de\/produkt\/customized-oxford-insulted-bento-bag\/","title":{"rendered":"Ma\u00dfgeschneiderte Oxford beleidigte Bento Tasche"},"content":{"rendered":"<p>Aveco bietet haupts\u00e4chlich kundenspezifische, umweltfreundliche Taschen auf Materialbasis mit einem One-Stop-Shop-L\u00f6sungsdienst. Unsere Taschen sind langlebig, hochwertig und erschwinglich, um verschiedene Zwecke zu erf\u00fcllen. Alle Materialien, die wir verwenden, sind umweltfreundlich, einschlie\u00dflich Baumwolle, Leinwand, Leinen, Jute, Oxford, Filz, etc. und wenn Sie schauen, um Taschen mit Ihrer Eigenmarke oder Werbeveranstaltungen zu machen, dann k\u00f6nnen wir Ihre Bed\u00fcrfnisse in gro\u00dfen Mengen mit einem ziemlich niedrigen MOQ und schnelle Lieferung dienen.<\/p>\n<p>Die Auflistung Oxford beleidigt bento Tasche ist eine einfache und einfache Art, aber viele Kunden wie es. Es hat 3 Gr\u00f6\u00dfen und leicht zu tragen.<\/p>\n<p>Das Logo kann gedruckt, gewebt oder gestempelt werden, die Farbe kann auch ge\u00e4ndert werden, es gibt ein Innenfutter, um es warm zu halten.<\/p>\n<p>PRODUKTMERKMALE<\/p>\n<ul>\n<li><strong>Tasche Stil<\/strong>: Lunchpaket<\/li>\n<li><strong>Material Typ<\/strong>: Oxford<\/li>\n<li><strong>Material Gewicht<\/strong>:  Oxford 600D<\/li>\n<li><strong>Material Farbe<\/strong>grau, rosa oder andere individuelle Farbe<\/li>\n<li><strong>Gr\u00f6\u00dfe der Tasche<\/strong>: 23X16X7CM|27X19X7CM|31X24X7CM( Liste mit Standardgr\u00f6\u00dfe, wir akzeptieren kundenspezifische Gr\u00f6\u00dfe Tasche \uff09<\/li>\n<li><strong>Impressum Bereich<\/strong>: 1-farbig | 2-farbig | mehrfarbig| Vollfl\u00e4chiger Druck, ein- oder zweiseitiger Druck<\/li>\n<li><strong>Schlie\u00dfung<\/strong>: Mit Rei\u00dfverschluss<\/li>\n<li><strong>Pflegehinweise<\/strong>: Handw\u00e4sche empfohlen, Maschinenw\u00e4sche ist auch ok, h\u00e4ngen trocken.<\/li>\n<\/ul>","protected":false},"excerpt":{"rendered":"<p>3 Gr\u00f6\u00dfen f\u00fcr die beleidigte Bento-Tasche, mit Liner innen, kann es gut bewahren Sie Ihre Lebensmittel.<\/p>","protected":false},"featured_media":2564,"comment_status":"open","ping_status":"closed","template":"","meta":{"_seopress_robots_primary_cat":"none","_seopress_titles_title":"%%post_title%% %%sep%% %%sitetitle%%","_seopress_titles_desc":"","_seopress_robots_index":""},"product_brand":[],"product_cat":[106,108],"product_tag":[130],"class_list":{"0":"post-2563","1":"product","2":"type-product","3":"status-publish","4":"has-post-thumbnail","6":"product_cat-oxford-bag","7":"product_cat-work-school","8":"product_tag-lunch-bag","10":"first","11":"instock","12":"taxable","13":"shipping-taxable","14":"product-type-simple"},"_links":{"self":[{"href":"https:\/\/avecobaggie.com\/de\/wp-json\/wp\/v2\/product\/2563","targetHints":{"allow":["GET"]}}],"collection":[{"href":"https:\/\/avecobaggie.com\/de\/wp-json\/wp\/v2\/product"}],"about":[{"href":"https:\/\/avecobaggie.com\/de\/wp-json\/wp\/v2\/types\/product"}],"replies":[{"embeddable":true,"href":"https:\/\/avecobaggie.com\/de\/wp-json\/wp\/v2\/comments?post=2563"}],"wp:featuredmedia":[{"embeddable":true,"href":"https:\/\/avecobaggie.com\/de\/wp-json\/wp\/v2\/media\/2564"}],"wp:attachment":[{"href":"https:\/\/avecobaggie.com\/de\/wp-json\/wp\/v2\/media?parent=2563"}],"wp:term":[{"taxonomy":"product_brand","embeddable":true,"href":"https:\/\/avecobaggie.com\/de\/wp-json\/wp\/v2\/product_brand?post=2563"},{"taxonomy":"product_cat","embeddable":true,"href":"https:\/\/avecobaggie.com\/de\/wp-json\/wp\/v2\/product_cat?post=2563"},{"taxonomy":"product_tag","embeddable":true,"href":"https:\/\/avecobaggie.com\/de\/wp-json\/wp\/v2\/product_tag?post=2563"}],"curies":[{"name":"wp","href":"https:\/\/api.w.org\/{rel}","templated":true}]}}