{"id":2576,"date":"2021-03-16T13:51:49","date_gmt":"2021-03-16T05:51:49","guid":{"rendered":"https:\/\/avecobaggie.com\/?post_type=product&#038;p=2576"},"modified":"2021-03-30T10:31:17","modified_gmt":"2021-03-30T02:31:17","slug":"custom-canvas-tote-bag-with-pockets","status":"publish","type":"product","link":"https:\/\/avecobaggie.com\/de\/produkt\/custom-canvas-tote-bag-with-pockets\/","title":{"rendered":"Individuelle Tragetasche aus Segeltuch mit Taschen"},"content":{"rendered":"<p>Aveco Unternehmen kann anpassen und Gro\u00dfhandel Leinwand Tragetaschen mit One-Stop-Shop-L\u00f6sung Service. Wir haben auch einige grundlegende Form der Taschen f\u00fcr einen einfachen Start wie auf der Website von aufgef\u00fchrt\u00a0\u00a0<a href=\"https:\/\/avecobaggie.com\/de\/produkt-kategorie\/bags-in-stock\/\"> Taschen auf Lager <\/a>. die meisten der auf Lager befindlichen Taschen sind unbedruckt, so dass es f\u00fcr Sie einfacher ist, ein eigenes Logo oder Etikett f\u00fcr Ihre Kunden zu erstellen, ohne dass Sie ein Minimum ben\u00f6tigen.<\/p>\n<p><span class=\"Apple-converted-space\">\u00a0 \u00a0 Wenn Sie diese \u00d6ko-Taschen individuell gestalten wollen, ist das auch ganz einfach, einige der Taschen sind sogar mit extrem niedrigen <\/span>MOQ f\u00fcr kundenspezifische Oberfl\u00e4chen. Besonders Baumwolle oder Segeltuch Tasche ist extrem niedrig bei 100pieces oder sogar weniger zu unterst\u00fctzen Anf\u00e4nger, gehen Sie zu <a href=\"https:\/\/avecobaggie.com\/de\/custom-solutions\/\"><strong>MASSGESCHNEIDERTE L\u00d6SUNGEN<\/strong><\/a> um mehr \u00fcber individuelle Taschen zu erfahren.<\/p>\n<h4 class=\"p1\"><span style=\"color: #333333;\">Produktmerkmale<\/span><\/h4>\n<ul>\n<li><strong>Tasche Stil<\/strong>: Totes<\/li>\n<li><strong>Material Typ<\/strong>: Segeltuch<\/li>\n<li><strong>Material Gewicht<\/strong>:  12 oz \/ wir k\u00f6nnen auch andere Dicken nach Ihren W\u00fcnschen herstellen, <a href=\"https:\/\/avecobaggie.com\/de\/custom-solutions\/\">Klicken Sie hier, um die Gewichtstabelle des Stoffes zu sehen, <\/a>dickes Garn, einschlie\u00dflich Kreuzstich am Griff f\u00fcr maximale Festigkeit.<\/li>\n<li><strong>Material Farbe<\/strong>: Naturbeige<\/li>\n<li><strong>Gr\u00f6\u00dfe der Tasche<\/strong>:30X34X12CM (Liste mit Standardgr\u00f6\u00dfe, wir akzeptieren kundenspezifische Gr\u00f6\u00dfe Tasche \uff09<\/li>\n<li><strong>Impressum Bereich<\/strong>: 1-farbig | 2-farbig | mehrfarbig| Vollfl\u00e4chiger Druck, ein- oder zweiseitiger Druck<\/li>\n<li><strong>Schlie\u00dfung<\/strong>: Oberer Rei\u00dfverschluss<\/li>\n<\/ul>\n<h4 class=\"a-spacing-mini\">Mehrzweck<\/h4>\n<p>Die Tasche kann v\u00f6llig leer sein, ohne Drucke oder Logos, wenn Sie leere Leinwand Tragetasche in DIY Zweck verkaufen wollen, ist es ideal f\u00fcr Malerei und Dekoration Projekte zu Hause, Schule, Lager oder einige karitative Aktivit\u00e4ten. Sie k\u00f6nnen auch b\u00fcndeln die Tasche mit Malerei Werkzeuge als ein Paket zu verkaufen.<\/p>\n<p>Eine andere M\u00f6glichkeit des Heimwerkens ist es, im Gro\u00dfhandel eine Packung Vinylpapier zum Aufb\u00fcgeln zu kaufen, damit es gut auf die Tasche \u00fcbertragen werden kann.<\/p>\n<p>Neben der DIY-Zwecke, k\u00f6nnen Sie auch benutzerdefinierte ein Logo oder Muster mit dem Hersteller direkt auf Ihre Markenbekanntheit zu erweitern, die Tasche ist ideal f\u00fcr den Alltag tragen, Schule, Arbeit, Strand, Picknick, Party, Fitnessstudio, Bibliothek, Geburtstagsgeschenke, Messen, Konferenzen, Weihnachtsgeschenke, Hochzeit und verschiedene Veranstaltungen \"tragen.<\/p>\n<h4 class=\"a-spacing-mini\">Gro\u00dfe Kapazit\u00e4t<\/h4>\n<p>Die Tasche k\u00f6nnte etwa 20 Liter fassen und tr\u00e4gt mehr als 50 Pfund. Der lange breite Griff ist ein guter Weg, um Muskelschmerzen zu entlasten, und Sie werden bequem halten es in der Hand oder auf der Schulter.die Gurte k\u00f6nnen mit Ihren eigenen Anforderungen angepasst werden, ist die normale Gr\u00f6\u00dfe 75CM lang.<\/p>\n<h4 class=\"a-spacing-mini\">Ausgezeichnete Produktion<\/h4>\n<p>Mit mehr als 10 Jahren N\u00e4herfahrung f\u00fcr die Arbeiter, k\u00f6nnen wir die Gr\u00f6\u00dfentoleranz von +\/-1\u2033 kontrollieren, das ausgezeichnete Management-Team wird eine strenge Kontrolle und Verfolgung w\u00e4hrend des gesamten Prozesses haben.jede Tasche wird streng vor dem Versand \u00fcberpr\u00fcft werden, unabh\u00e4ngig von klein oder gro\u00df.wir sind verpflichtet, die besten wertvollen Canvas-Taschen f\u00fcr unsere Kunden zu bringen.<\/p>\n<h4 class=\"a-spacing-mini\">Hinweis zum Waschen<\/h4>\n<p>Es wird empfohlen, das Kleidungsst\u00fcck mit der Hand in kaltem Wasser oder in der Maschine zu waschen und nach dem nat\u00fcrlichen Trocknen bei hoher Temperatur zu b\u00fcgeln.<\/p>\n<p><strong>Hinweise:Bei Baumwollstoffen kann es nach dem Waschen zu einem leichten Einlaufen kommen.<\/strong><\/p>\n<p>&nbsp;<\/p>","protected":false},"excerpt":{"rendered":"<p>Stilvolle Canvas-Tasche mit einer Au\u00dfentasche, einfach, um kleine Dinge zu setzen.Top-Rei\u00dfverschluss, um Sie sicher zu machen.Der Boden ist mit Zwickel, um es ger\u00e4umig, beliebt in Form und exquisite Verarbeitung zu machen.Einfach, um benutzerdefinierte Logo sowie Muster druckt.<\/p>","protected":false},"featured_media":2584,"comment_status":"open","ping_status":"closed","template":"","meta":{"_seopress_robots_primary_cat":"none","_seopress_titles_title":"Custom Canvas Tote Bag With Pockets - Fast Proof-Free Sample","_seopress_titles_desc":"Canvas Tote Bag with pockets outside and reinforced straps,Durable and eco friendly.10+ years experience make the neat sewing and reputed quality.","_seopress_robots_index":""},"product_brand":[],"product_cat":[29,102,108,110],"product_tag":[],"class_list":{"0":"post-2576","1":"product","2":"type-product","3":"status-publish","4":"has-post-thumbnail","6":"product_cat-tote-bag","7":"product_cat-cotton-canvas-bag","8":"product_cat-work-school","9":"product_cat-travel","11":"first","12":"instock","13":"taxable","14":"shipping-taxable","15":"product-type-simple"},"_links":{"self":[{"href":"https:\/\/avecobaggie.com\/de\/wp-json\/wp\/v2\/product\/2576","targetHints":{"allow":["GET"]}}],"collection":[{"href":"https:\/\/avecobaggie.com\/de\/wp-json\/wp\/v2\/product"}],"about":[{"href":"https:\/\/avecobaggie.com\/de\/wp-json\/wp\/v2\/types\/product"}],"replies":[{"embeddable":true,"href":"https:\/\/avecobaggie.com\/de\/wp-json\/wp\/v2\/comments?post=2576"}],"wp:featuredmedia":[{"embeddable":true,"href":"https:\/\/avecobaggie.com\/de\/wp-json\/wp\/v2\/media\/2584"}],"wp:attachment":[{"href":"https:\/\/avecobaggie.com\/de\/wp-json\/wp\/v2\/media?parent=2576"}],"wp:term":[{"taxonomy":"product_brand","embeddable":true,"href":"https:\/\/avecobaggie.com\/de\/wp-json\/wp\/v2\/product_brand?post=2576"},{"taxonomy":"product_cat","embeddable":true,"href":"https:\/\/avecobaggie.com\/de\/wp-json\/wp\/v2\/product_cat?post=2576"},{"taxonomy":"product_tag","embeddable":true,"href":"https:\/\/avecobaggie.com\/de\/wp-json\/wp\/v2\/product_tag?post=2576"}],"curies":[{"name":"wp","href":"https:\/\/api.w.org\/{rel}","templated":true}]}}