{"id":3860,"date":"2021-06-29T15:35:13","date_gmt":"2021-06-29T07:35:13","guid":{"rendered":"https:\/\/avecobaggie.com\/?post_type=product&#038;p=3860"},"modified":"2021-06-29T17:27:34","modified_gmt":"2021-06-29T09:27:34","slug":"large-best-yoga-bag-with-straps","status":"publish","type":"product","link":"https:\/\/avecobaggie.com\/de\/produkt\/large-best-yoga-bag-with-straps\/","title":{"rendered":"Gro\u00dfe beste Yogatasche mit Riemen"},"content":{"rendered":"<p>Diese gro\u00dfe Yoga-Tasche ist perfekt, um Ihre Matte sch\u00f6n gespeichert zu halten, wenn nicht in Gebrauch. Die Materialien sind aus umweltfreundlichem Segeltuch, es ist langlebig und wiederverwendbar, wenn Sie es verwenden, werden Sie das Gef\u00fchl, Sie ber\u00fchren die Natur, und das ist, wie Sie sich f\u00fchlen, wenn Sie Yoga tun. Alle Farben k\u00f6nnen angepasst werden. und Sie k\u00f6nnen auch Ihren pers\u00f6nlichen Stil mit Malerei entwerfen oder mit einigen Accessoires f\u00fcr DIY Ihre pers\u00f6nliche Yoga-Tasche.<\/p>\n<p>Ihre Matte kann dank der Metall\u00f6sen an beiden Enden gut atmen und bleibt dank des Rei\u00dfverschlusses fest verschlossen. Weitere Merkmale sind ein verstellbarer 28-Zoll-Riemen, eine Innentasche mit Rei\u00dfverschluss und zwei offene Innentaschen mit atmungsaktivem Baumwollmischgewebefutter.<\/p>\n<h4 class=\"p1\">\u00a0 \u00a0 Produktmerkmale<\/h4>\n<ul>\n<li><strong>Tasche Stil<\/strong>Yoga-Tasche<\/li>\n<li><strong>Material Typ<\/strong>: Segeltuch<\/li>\n<li><strong>Material Gewicht<\/strong>: 12oz<\/li>\n<li><strong>Material Farbe<\/strong>: Benutzerdefinierte Farbe<\/li>\n<li><strong>Tasche Lagergr\u00f6\u00dfe<\/strong>: 68X13CM<\/li>\n<li><strong>Impressum Bereich<\/strong>: kein Druck<\/li>\n<li><strong>Schlie\u00dfung<\/strong>: Kordelzugverschluss, es ist einfach, Ihre Matte in die Tasche zu legen und sie sauber und organisiert zu halten.<\/li>\n<li><strong>Pflegehinweise<\/strong>: Handw\u00e4sche empfohlen, Maschinenw\u00e4sche ist auch ok, h\u00e4ngen trocken.<\/li>\n<\/ul>\n<p><strong>\u00a0 \u00a0 Hinweise:Bei Baumwoll- oder Leinenstoffen kann es nach dem Waschen zu einem leichten Einlaufen kommen.<\/strong><\/p>","protected":false},"excerpt":{"rendered":"<p>Alle anpassbare Leinwand Yogamatte Tasche, leicht zu waschen, umweltfreundlich und erneuerbar.<\/p>","protected":false},"featured_media":3855,"comment_status":"open","ping_status":"closed","template":"","meta":{"_seopress_robots_primary_cat":"none","_seopress_titles_title":"","_seopress_titles_desc":"","_seopress_robots_index":""},"product_brand":[],"product_cat":[100,102,112],"product_tag":[],"class_list":{"0":"post-3860","1":"product","2":"type-product","3":"status-publish","4":"has-post-thumbnail","6":"product_cat-other-creative-bag","7":"product_cat-cotton-canvas-bag","8":"product_cat-sports","10":"first","11":"instock","12":"taxable","13":"shipping-taxable","14":"product-type-simple"},"_links":{"self":[{"href":"https:\/\/avecobaggie.com\/de\/wp-json\/wp\/v2\/product\/3860","targetHints":{"allow":["GET"]}}],"collection":[{"href":"https:\/\/avecobaggie.com\/de\/wp-json\/wp\/v2\/product"}],"about":[{"href":"https:\/\/avecobaggie.com\/de\/wp-json\/wp\/v2\/types\/product"}],"replies":[{"embeddable":true,"href":"https:\/\/avecobaggie.com\/de\/wp-json\/wp\/v2\/comments?post=3860"}],"wp:featuredmedia":[{"embeddable":true,"href":"https:\/\/avecobaggie.com\/de\/wp-json\/wp\/v2\/media\/3855"}],"wp:attachment":[{"href":"https:\/\/avecobaggie.com\/de\/wp-json\/wp\/v2\/media?parent=3860"}],"wp:term":[{"taxonomy":"product_brand","embeddable":true,"href":"https:\/\/avecobaggie.com\/de\/wp-json\/wp\/v2\/product_brand?post=3860"},{"taxonomy":"product_cat","embeddable":true,"href":"https:\/\/avecobaggie.com\/de\/wp-json\/wp\/v2\/product_cat?post=3860"},{"taxonomy":"product_tag","embeddable":true,"href":"https:\/\/avecobaggie.com\/de\/wp-json\/wp\/v2\/product_tag?post=3860"}],"curies":[{"name":"wp","href":"https:\/\/api.w.org\/{rel}","templated":true}]}}