{"id":3884,"date":"2021-06-29T16:40:29","date_gmt":"2021-06-29T08:40:29","guid":{"rendered":"https:\/\/avecobaggie.com\/?post_type=product&#038;p=3884"},"modified":"2021-07-01T11:56:20","modified_gmt":"2021-07-01T03:56:20","slug":"tyvek-bag-dupont-paper-drawstring-bag","status":"publish","type":"product","link":"https:\/\/avecobaggie.com\/de\/produkt\/tyvek-bag-dupont-paper-drawstring-bag\/","title":{"rendered":"Tyvek-Tasche Dupont-Papier-Kordelzugtasche"},"content":{"rendered":"<p>Aveco bietet haupts\u00e4chlich kundenspezifische \u00d6ko-Taschen mit einem One-Stop-Shop-L\u00f6sungs-Service. Wir haben auch einige grundlegende Form der Taschen f\u00fcr einen einfachen Start als auf der Website von aufgef\u00fchrt\u00a0\u00a0<a href=\"https:\/\/avecobaggie.com\/de\/produkt-kategorie\/bags-in-stock\/\"> Taschen auf Lager <\/a>. die meisten der auf Lager befindlichen Taschen sind unbedruckt, so dass es f\u00fcr Sie einfacher ist, ein privates Logo oder Etikett f\u00fcr Ihre Kunden zu erstellen, ohne dass ein Minimum erforderlich ist.<\/p>\n<p>The listed Round bottom canvas grocery bags are available in below 6 sizes, they can ship fast within 3 days. All the canvas grocery bags we provided here are manufactured as Non-toxic eco friendly materials.We are happy to support small business<span class=\"Apple-converted-space\">\u00a0 <\/span>als auch gro\u00dfe Marken.<\/p>\n<p class=\"p1\"><span class=\"Apple-converted-space\">\u00a0 \u00a0 Wenn Sie diese \u00d6ko-Taschen individuell gestalten wollen, ist das auch ganz einfach, einige der Taschen sind sogar mit extrem niedrigen <\/span>MOQ f\u00fcr kundenspezifische Oberfl\u00e4chen. Besonders Baumwolle oder Segeltuch Tasche ist extrem niedrig bei 100pieces oder sogar weniger zu unterst\u00fctzen Anf\u00e4nger, gehen Sie zu <a href=\"https:\/\/avecobaggie.com\/de\/custom-solutions\/\"><strong>MASSGESCHNEIDERTE L\u00d6SUNGEN<\/strong><\/a> um mehr \u00fcber individuelle Taschen zu erfahren.<\/p>\n<h3 class=\"p1\"><span style=\"color: #333333;\">\u00a0 \u00a0 \u00a0Produktmerkmale<\/span><\/h3>\n<ul>\n<li><strong>Bag Style : <\/strong><span class=\"a-list-item\">Kordelzugbeutel<\/span><\/li>\n<li><strong>Material Typ<\/strong>: Dupont<\/li>\n<li><strong>Material Farbe<\/strong>: Natural brown<\/li>\n<li><strong>Gr\u00f6\u00dfe der Tasche<\/strong>: 24X29CM\uff08 list with popular size, we accept customized size bag \uff09<\/li>\n<li><strong>Impressum Bereich<\/strong>: Plain color in stock ,for custom ,it can be 1 color | 2 color | more color| Full printing, printing one side or two sides<\/li>\n<li><strong>Schlie\u00dfung<\/strong>:\u00a0<span class=\"a-list-item\">Drawstring design make these canvas grocery bags easier to fasten so avoid objects lost. bag size from small to big to suit all your needs.<\/span><\/li>\n<\/ul>\n<p>&nbsp;<\/p>","protected":false},"excerpt":{"rendered":"<p>Aveco mainly provide customized eco bags with one stop shop solution service. We also have some basic shape of bags for an easy start as listed on the website of\u00a0\u00a0 Bags in Stock . most stocked bags are blank without any printing, so it&#8217;s easier for you to do a private logo or label for [&hellip;]<\/p>","protected":false},"featured_media":3886,"comment_status":"open","ping_status":"closed","template":"","meta":{"_seopress_robots_primary_cat":"none","_seopress_titles_title":"","_seopress_titles_desc":"","_seopress_robots_index":""},"product_brand":[],"product_cat":[92,103,112],"product_tag":[136],"class_list":{"0":"post-3884","1":"product","2":"type-product","3":"status-publish","4":"has-post-thumbnail","6":"product_cat-drawstring-bag","7":"product_cat-other-fabric-bag","8":"product_cat-sports","9":"product_tag-dupont-bag","11":"first","12":"instock","13":"taxable","14":"shipping-taxable","15":"product-type-simple"},"_links":{"self":[{"href":"https:\/\/avecobaggie.com\/de\/wp-json\/wp\/v2\/product\/3884","targetHints":{"allow":["GET"]}}],"collection":[{"href":"https:\/\/avecobaggie.com\/de\/wp-json\/wp\/v2\/product"}],"about":[{"href":"https:\/\/avecobaggie.com\/de\/wp-json\/wp\/v2\/types\/product"}],"replies":[{"embeddable":true,"href":"https:\/\/avecobaggie.com\/de\/wp-json\/wp\/v2\/comments?post=3884"}],"wp:featuredmedia":[{"embeddable":true,"href":"https:\/\/avecobaggie.com\/de\/wp-json\/wp\/v2\/media\/3886"}],"wp:attachment":[{"href":"https:\/\/avecobaggie.com\/de\/wp-json\/wp\/v2\/media?parent=3884"}],"wp:term":[{"taxonomy":"product_brand","embeddable":true,"href":"https:\/\/avecobaggie.com\/de\/wp-json\/wp\/v2\/product_brand?post=3884"},{"taxonomy":"product_cat","embeddable":true,"href":"https:\/\/avecobaggie.com\/de\/wp-json\/wp\/v2\/product_cat?post=3884"},{"taxonomy":"product_tag","embeddable":true,"href":"https:\/\/avecobaggie.com\/de\/wp-json\/wp\/v2\/product_tag?post=3884"}],"curies":[{"name":"wp","href":"https:\/\/api.w.org\/{rel}","templated":true}]}}