{"id":3910,"date":"2021-06-29T17:32:12","date_gmt":"2021-06-29T09:32:12","guid":{"rendered":"https:\/\/avecobaggie.com\/?post_type=product&#038;p=3910"},"modified":"2021-07-01T11:58:01","modified_gmt":"2021-07-01T03:58:01","slug":"dupont-paper-messenger-bag-with-leather-strap","status":"publish","type":"product","link":"https:\/\/avecobaggie.com\/de\/produkt\/dupont-paper-messenger-bag-with-leather-strap\/","title":{"rendered":"Dupont Paper Messenger Bag mit Lederriemen"},"content":{"rendered":"<h4>Dupont Tyvek besteht aus wiederverwendbarem, umweltfreundlichem Papier, das abwaschbar, leicht zu zerrei\u00dfen und biologisch abbaubar ist, und kann in verschiedenen Ausf\u00fchrungen hergestellt werden, z. B. als Tragetasche, Kordelzugtasche, Umh\u00e4ngetasche, Rei\u00dfverschlusstasche, Geldb\u00f6rse, Brieftasche oder gro\u00dfer Sack.<\/h4>\n<p>Das Material l\u00e4sst sich auch leicht mit Logos oder Mustern bedrucken, und die Farbe des Dupont-Papiers kann auch an Ihre Pantone-Farbe angepasst werden, was sich weltweit immer gr\u00f6\u00dferer Beliebtheit erfreut.<\/p>\n<h4 class=\"p1\">\u00a0 \u00a0 Produktmerkmale<\/h4>\n<ul>\n<li><strong>Tasche Stil<\/strong>: Kuriertasche<\/li>\n<li><strong>Material Typ<\/strong>: Dupont-Papier<\/li>\n<li><strong>Material Farbe<\/strong>: Braun oder benutzerdefinierte Farbe<\/li>\n<li><strong>Tasche Lagergr\u00f6\u00dfe<\/strong>: 25X34X16CM<\/li>\n<li><strong>Impressum Bereich<\/strong>: kein Druck<\/li>\n<li><strong>Pflegehinweise<\/strong>: Handw\u00e4sche empfohlen, Maschinenw\u00e4sche ist auch in Ordnung, h\u00e4ngen trocken.<\/li>\n<\/ul>\n<p><strong>\u00a0<\/strong><\/p>","protected":false},"excerpt":{"rendered":"<h4>Die Tasche ist aus wiederverwendbarem, umweltfreundlichem Papier hergestellt, das abwaschbar, leicht zu zerrei\u00dfen und biologisch abbaubar ist.<\/h4>","protected":false},"featured_media":3911,"comment_status":"open","ping_status":"closed","template":"","meta":{"_seopress_robots_primary_cat":"none","_seopress_titles_title":"","_seopress_titles_desc":"","_seopress_robots_index":""},"product_brand":[],"product_cat":[100,103,108,109,110],"product_tag":[136],"class_list":{"0":"post-3910","1":"product","2":"type-product","3":"status-publish","4":"has-post-thumbnail","6":"product_cat-other-creative-bag","7":"product_cat-other-fabric-bag","8":"product_cat-work-school","9":"product_cat-everyday","10":"product_cat-travel","11":"product_tag-dupont-bag","13":"first","14":"instock","15":"taxable","16":"shipping-taxable","17":"product-type-simple"},"_links":{"self":[{"href":"https:\/\/avecobaggie.com\/de\/wp-json\/wp\/v2\/product\/3910","targetHints":{"allow":["GET"]}}],"collection":[{"href":"https:\/\/avecobaggie.com\/de\/wp-json\/wp\/v2\/product"}],"about":[{"href":"https:\/\/avecobaggie.com\/de\/wp-json\/wp\/v2\/types\/product"}],"replies":[{"embeddable":true,"href":"https:\/\/avecobaggie.com\/de\/wp-json\/wp\/v2\/comments?post=3910"}],"wp:featuredmedia":[{"embeddable":true,"href":"https:\/\/avecobaggie.com\/de\/wp-json\/wp\/v2\/media\/3911"}],"wp:attachment":[{"href":"https:\/\/avecobaggie.com\/de\/wp-json\/wp\/v2\/media?parent=3910"}],"wp:term":[{"taxonomy":"product_brand","embeddable":true,"href":"https:\/\/avecobaggie.com\/de\/wp-json\/wp\/v2\/product_brand?post=3910"},{"taxonomy":"product_cat","embeddable":true,"href":"https:\/\/avecobaggie.com\/de\/wp-json\/wp\/v2\/product_cat?post=3910"},{"taxonomy":"product_tag","embeddable":true,"href":"https:\/\/avecobaggie.com\/de\/wp-json\/wp\/v2\/product_tag?post=3910"}],"curies":[{"name":"wp","href":"https:\/\/api.w.org\/{rel}","templated":true}]}}