{"id":3930,"date":"2021-06-30T13:55:42","date_gmt":"2021-06-30T05:55:42","guid":{"rendered":"https:\/\/avecobaggie.com\/?post_type=product&#038;p=3930"},"modified":"2021-07-01T12:00:34","modified_gmt":"2021-07-01T04:00:34","slug":"extra-large-dupont-backpacks-for-men","status":"publish","type":"product","link":"https:\/\/avecobaggie.com\/de\/produkt\/extra-large-dupont-backpacks-for-men\/","title":{"rendered":"Extra gro\u00dfe Dupont Rucks\u00e4cke f\u00fcr M\u00e4nner"},"content":{"rendered":"<h4 class=\"p1\">\u00a0 \u00a0 Produktmerkmale<\/h4>\n<ul>\n<li><strong>Tasche Stil<\/strong>Rucks\u00e4cke<\/li>\n<li><strong>Material Typ<\/strong>: Dupont-Rucksack<\/li>\n<li><strong>Material Farbe<\/strong>: Benutzerdefinierte Farbe<\/li>\n<li><strong>Tasche Lagergr\u00f6\u00dfe<\/strong>: 28X57X9CM<\/li>\n<li><strong>Impressum Bereich<\/strong>: kein Druck<\/li>\n<li><strong>Pflegehinweise<\/strong>: Handw\u00e4sche empfohlen, Maschinenw\u00e4sche ist auch in Ordnung, h\u00e4ngen trocken.<\/li>\n<\/ul>","protected":false},"excerpt":{"rendered":"<p>Extra gro\u00dfer, umweltfreundlicher, waschbarer Rucksack f\u00fcr M\u00e4nner, leicht und wasserdicht.<\/p>","protected":false},"featured_media":3931,"comment_status":"open","ping_status":"closed","template":"","meta":{"_seopress_robots_primary_cat":"none","_seopress_titles_title":"","_seopress_titles_desc":"","_seopress_robots_index":""},"product_brand":[],"product_cat":[98,103,110],"product_tag":[136],"class_list":{"0":"post-3930","1":"product","2":"type-product","3":"status-publish","4":"has-post-thumbnail","6":"product_cat-backpack-bag","7":"product_cat-other-fabric-bag","8":"product_cat-travel","9":"product_tag-dupont-bag","11":"first","12":"instock","13":"taxable","14":"shipping-taxable","15":"product-type-simple"},"_links":{"self":[{"href":"https:\/\/avecobaggie.com\/de\/wp-json\/wp\/v2\/product\/3930","targetHints":{"allow":["GET"]}}],"collection":[{"href":"https:\/\/avecobaggie.com\/de\/wp-json\/wp\/v2\/product"}],"about":[{"href":"https:\/\/avecobaggie.com\/de\/wp-json\/wp\/v2\/types\/product"}],"replies":[{"embeddable":true,"href":"https:\/\/avecobaggie.com\/de\/wp-json\/wp\/v2\/comments?post=3930"}],"wp:featuredmedia":[{"embeddable":true,"href":"https:\/\/avecobaggie.com\/de\/wp-json\/wp\/v2\/media\/3931"}],"wp:attachment":[{"href":"https:\/\/avecobaggie.com\/de\/wp-json\/wp\/v2\/media?parent=3930"}],"wp:term":[{"taxonomy":"product_brand","embeddable":true,"href":"https:\/\/avecobaggie.com\/de\/wp-json\/wp\/v2\/product_brand?post=3930"},{"taxonomy":"product_cat","embeddable":true,"href":"https:\/\/avecobaggie.com\/de\/wp-json\/wp\/v2\/product_cat?post=3930"},{"taxonomy":"product_tag","embeddable":true,"href":"https:\/\/avecobaggie.com\/de\/wp-json\/wp\/v2\/product_tag?post=3930"}],"curies":[{"name":"wp","href":"https:\/\/api.w.org\/{rel}","templated":true}]}}