{"id":3948,"date":"2021-06-30T16:07:09","date_gmt":"2021-06-30T08:07:09","guid":{"rendered":"https:\/\/avecobaggie.com\/?post_type=product&#038;p=3948"},"modified":"2021-06-30T17:10:22","modified_gmt":"2021-06-30T09:10:22","slug":"fashionable-best-waterproof-backpack-for-college-students","status":"publish","type":"product","link":"https:\/\/avecobaggie.com\/de\/produkt\/fashionable-best-waterproof-backpack-for-college-students\/","title":{"rendered":"Modischer bester wasserdichter Rucksack f\u00fcr College-Studenten"},"content":{"rendered":"<p>Der Dupont-Rucksack ist aus TYVEK-Gewebe gefertigt:<span style=\"font-family: Arial;\">\u00a0der Handelsname eines von DuPont entwickelten Vliesstoffs, unter dem eine Familie starker, langlebiger Stoffe mit papier\u00e4hnlichem Aussehen angeboten wird.<\/span><\/p>\n<h3 class=\"p1\"><span style=\"color: #333333;\">Produktmerkmale\u00a0<\/span><\/h3>\n<ul>\n<li><strong>Tasche Stil<\/strong>: Braunes waschbares Bastelpapier Dupont-Rucksack<\/li>\n<li><strong>Material Typ<\/strong>: Tyvek, es ist langlebig, sehr schwer zu rei\u00dfen, und es ist wasserdicht.auch leicht, und es ist sehr einfach zu falten.das Material selbst, wenn umweltfreundlich.<\/li>\n<li><strong>Material Farbe<\/strong>: Natrual Brown Farbe oder andere kundenspezifische Farbe<\/li>\n<li><strong>Gr\u00f6\u00dfe der Tasche<\/strong>: 29X38X13CM\uff08 Liste mit beliebten Gr\u00f6\u00dfe, wir akzeptieren kundenspezifische Gr\u00f6\u00dfe Tasche \uff09<\/li>\n<li><strong>Impressum Bereich<\/strong>Blanko, 1 Farbe, 2 Farben, mehrere Farben, Volldruck, ein- oder zweiseitiger Druck<\/li>\n<li><strong>Pflegehinweise<\/strong>: Handw\u00e4sche empfohlen, Maschinenw\u00e4sche ist auch ok, h\u00e4ngen trocken.<\/li>\n<li><span class=\"a-list-item\">Sch\u00f6n und langlebig:<\/span><span style=\"font-family: Arial;\">beh\u00e4lt seine Festigkeit und Flexibilit\u00e4t bei -75 \u00b0C. Es beginnt bei 118 \u00b0C zu schrumpfen und schmilzt bei 135 \u00b0C. Kann in der Waschmaschine gewaschen werden.<\/span><\/li>\n<\/ul>\n<p>&nbsp;<\/p>","protected":false},"excerpt":{"rendered":"<p><strong><span data-spm-anchor-id=\"2114.12057483.0.i27.78455ac5eyqclA\">Waschbar, rei\u00dft nicht auseinander, wasserfestes und ultraleichtes Material<\/span><\/strong><\/p>","protected":false},"featured_media":3949,"comment_status":"open","ping_status":"closed","template":"","meta":{"_seopress_robots_primary_cat":"none","_seopress_titles_title":"","_seopress_titles_desc":"","_seopress_robots_index":""},"product_brand":[],"product_cat":[98,103,108],"product_tag":[136],"class_list":{"0":"post-3948","1":"product","2":"type-product","3":"status-publish","4":"has-post-thumbnail","6":"product_cat-backpack-bag","7":"product_cat-other-fabric-bag","8":"product_cat-work-school","9":"product_tag-dupont-bag","11":"first","12":"instock","13":"taxable","14":"shipping-taxable","15":"product-type-simple"},"_links":{"self":[{"href":"https:\/\/avecobaggie.com\/de\/wp-json\/wp\/v2\/product\/3948","targetHints":{"allow":["GET"]}}],"collection":[{"href":"https:\/\/avecobaggie.com\/de\/wp-json\/wp\/v2\/product"}],"about":[{"href":"https:\/\/avecobaggie.com\/de\/wp-json\/wp\/v2\/types\/product"}],"replies":[{"embeddable":true,"href":"https:\/\/avecobaggie.com\/de\/wp-json\/wp\/v2\/comments?post=3948"}],"wp:featuredmedia":[{"embeddable":true,"href":"https:\/\/avecobaggie.com\/de\/wp-json\/wp\/v2\/media\/3949"}],"wp:attachment":[{"href":"https:\/\/avecobaggie.com\/de\/wp-json\/wp\/v2\/media?parent=3948"}],"wp:term":[{"taxonomy":"product_brand","embeddable":true,"href":"https:\/\/avecobaggie.com\/de\/wp-json\/wp\/v2\/product_brand?post=3948"},{"taxonomy":"product_cat","embeddable":true,"href":"https:\/\/avecobaggie.com\/de\/wp-json\/wp\/v2\/product_cat?post=3948"},{"taxonomy":"product_tag","embeddable":true,"href":"https:\/\/avecobaggie.com\/de\/wp-json\/wp\/v2\/product_tag?post=3948"}],"curies":[{"name":"wp","href":"https:\/\/api.w.org\/{rel}","templated":true}]}}