{"id":3961,"date":"2021-06-30T16:31:17","date_gmt":"2021-06-30T08:31:17","guid":{"rendered":"https:\/\/avecobaggie.com\/?post_type=product&#038;p=3961"},"modified":"2021-07-01T15:02:03","modified_gmt":"2021-07-01T07:02:03","slug":"business-stylish-office-backpack-for-man","status":"publish","type":"product","link":"https:\/\/avecobaggie.com\/de\/produkt\/business-stylish-office-backpack-for-man\/","title":{"rendered":"Business Stylish Office Rucksack f\u00fcr M\u00e4nner"},"content":{"rendered":"<p>Aveco bietet haupts\u00e4chlich kundenspezifische \u00d6ko-Taschen mit einem One-Stop-Shop-L\u00f6sungs-Service. Wir haben auch einige grundlegende Form der Taschen f\u00fcr einen einfachen Start als auf der Website von aufgef\u00fchrt\u00a0\u00a0<a href=\"https:\/\/avecobaggie.com\/de\/produkt-kategorie\/bags-in-stock\/\"> Taschen auf Lager <\/a>. die meisten der auf Lager befindlichen Taschen sind unbedruckt, so dass es f\u00fcr Sie einfacher ist, ein eigenes Logo oder Etikett f\u00fcr Ihre Kunden zu erstellen, ohne dass Sie ein Minimum ben\u00f6tigen.<\/p>\n<p><span class=\"Apple-converted-space\">\u00a0 \u00a0Wenn Sie diese \u00d6ko-Taschen individuell gestalten wollen, ist das auch ganz einfach, einige der Taschen sind sogar mit extrem niedrigen <\/span>MOQ f\u00fcr kundenspezifische Oberfl\u00e4chen. Besonders Baumwolle oder Segeltuch Tasche ist extrem niedrig bei 100pieces oder sogar weniger zu unterst\u00fctzen Anf\u00e4nger, gehen Sie zu <a href=\"https:\/\/avecobaggie.com\/de\/custom-solutions\/\"><strong>MASSGESCHNEIDERTE L\u00d6SUNGEN<\/strong><\/a> um mehr \u00fcber individuelle Taschen zu erfahren.<\/p>\n<p>The Extra Large Dupont Backpack Is made of TYVEK fabric:<span style=\"font-family: Arial;\">\u00a0der Handelsname eines von DuPont entwickelten Vliesstoffs, unter dem eine Familie starker, langlebiger Stoffe mit papier\u00e4hnlichem Aussehen angeboten wird.<\/span><\/p>\n<h3 class=\"p1\"><span style=\"color: #333333;\">Produktmerkmale\u00a0<\/span><\/h3>\n<ul>\n<li><strong>Tasche Stil<\/strong>: Business Backpack for men<\/li>\n<li><strong>Material Typ<\/strong>: Tyvek, es ist langlebig, sehr schwer zu rei\u00dfen, und es ist wasserdicht.auch leicht, und es ist sehr einfach zu falten.das Material selbst, wenn umweltfreundlich.<\/li>\n<li><strong>Material Farbe<\/strong>: Natrual Brown Farbe oder andere kundenspezifische Farbe<\/li>\n<li><strong>Gr\u00f6\u00dfe der Tasche<\/strong>: 26X33X13CM\uff08 list with popular size, we accept customized size bag \uff09<\/li>\n<li><strong>Impressum Bereich<\/strong>Blanko, 1 Farbe, 2 Farben, mehrere Farben, Volldruck, ein- oder zweiseitiger Druck<\/li>\n<li><strong>Pflegehinweise<\/strong>: Handw\u00e4sche empfohlen, Maschinenw\u00e4sche ist auch ok, h\u00e4ngen trocken.<\/li>\n<li><span class=\"a-list-item\">Sch\u00f6n und langlebig:<\/span><span style=\"font-family: Arial;\">beh\u00e4lt seine Festigkeit und Flexibilit\u00e4t bei -75 \u00b0C. Es beginnt bei 118 \u00b0C zu schrumpfen und schmilzt bei 135 \u00b0C. Kann in der Waschmaschine gewaschen werden.<\/span><\/li>\n<\/ul>\n<p>&nbsp;<\/p>","protected":false},"excerpt":{"rendered":"<p><strong><span data-spm-anchor-id=\"2114.12057483.0.i27.78455ac5eyqclA\">Waschbar, rei\u00dft nicht auseinander, wasserfestes und ultraleichtes Material<\/span><\/strong><\/p>","protected":false},"featured_media":3962,"comment_status":"open","ping_status":"closed","template":"","meta":{"_seopress_robots_primary_cat":"none","_seopress_titles_title":"","_seopress_titles_desc":"","_seopress_robots_index":""},"product_brand":[],"product_cat":[98,103,108,109],"product_tag":[136],"class_list":{"0":"post-3961","1":"product","2":"type-product","3":"status-publish","4":"has-post-thumbnail","6":"product_cat-backpack-bag","7":"product_cat-other-fabric-bag","8":"product_cat-work-school","9":"product_cat-everyday","10":"product_tag-dupont-bag","12":"first","13":"instock","14":"taxable","15":"shipping-taxable","16":"product-type-simple"},"_links":{"self":[{"href":"https:\/\/avecobaggie.com\/de\/wp-json\/wp\/v2\/product\/3961","targetHints":{"allow":["GET"]}}],"collection":[{"href":"https:\/\/avecobaggie.com\/de\/wp-json\/wp\/v2\/product"}],"about":[{"href":"https:\/\/avecobaggie.com\/de\/wp-json\/wp\/v2\/types\/product"}],"replies":[{"embeddable":true,"href":"https:\/\/avecobaggie.com\/de\/wp-json\/wp\/v2\/comments?post=3961"}],"wp:featuredmedia":[{"embeddable":true,"href":"https:\/\/avecobaggie.com\/de\/wp-json\/wp\/v2\/media\/3962"}],"wp:attachment":[{"href":"https:\/\/avecobaggie.com\/de\/wp-json\/wp\/v2\/media?parent=3961"}],"wp:term":[{"taxonomy":"product_brand","embeddable":true,"href":"https:\/\/avecobaggie.com\/de\/wp-json\/wp\/v2\/product_brand?post=3961"},{"taxonomy":"product_cat","embeddable":true,"href":"https:\/\/avecobaggie.com\/de\/wp-json\/wp\/v2\/product_cat?post=3961"},{"taxonomy":"product_tag","embeddable":true,"href":"https:\/\/avecobaggie.com\/de\/wp-json\/wp\/v2\/product_tag?post=3961"}],"curies":[{"name":"wp","href":"https:\/\/api.w.org\/{rel}","templated":true}]}}