{"id":397,"date":"2021-02-01T16:10:34","date_gmt":"2021-02-01T08:10:34","guid":{"rendered":"https:\/\/avecobaggie.com\/?post_type=product&#038;p=397"},"modified":"2025-04-25T15:16:32","modified_gmt":"2025-04-25T07:16:32","slug":"cotton-mesh-produce-bag","status":"publish","type":"product","link":"https:\/\/avecobaggie.com\/de\/produkt\/cotton-mesh-produce-bag\/","title":{"rendered":"Wiederverwendbare Baumwollmaschentasche f\u00fcr Obst und Gem\u00fcse"},"content":{"rendered":"<p>Aveco bietet haupts\u00e4chlich kundenspezifische \u00d6ko-Taschen mit einem One-Stop-Shop-Service. Unsere Taschen sind langlebig, von hoher Qualit\u00e4t und erschwinglich, um verschiedene Zwecke zu erf\u00fcllen.<\/p>\n<p>Die wiederverwendbaren Mesh-Produkttaschen sind aus 100%-Baumwolle hergestellt, die umweltfreundlich und kompostierbar ist, und sind mit doppelten N\u00e4hten gen\u00e4ht, die schwere Gewichte tragen k\u00f6nnen.<\/p>\n<p>Die Taschen werden normalerweise in einem B\u00fcndel verkauft, mit 3 St\u00fcck, 6 St\u00fcck oder 9 St\u00fcck in einem Satz, Gr\u00f6\u00dfe von S, M, L (8X10\u2033, 10X12\u2033, 12X14\u2033), jede Tasche mit einem Tara-Gewicht-Etikett und Ihr Logo, wenn n\u00f6tig. andere Gr\u00f6\u00dfen k\u00f6nnen auch angepasst werden, wenn erforderlich.<\/p>\n<p>Die Taschen sind extrem dehnbar, strapazierf\u00e4hig und stark, sie k\u00f6nnen mehr als ihre Gr\u00f6\u00dfe tragen, sind leicht zu reinigen, absolut sp\u00fclmaschinenfest und wiederverwendbar.<\/p>\n<p>Diese Taschen sind multifunktional: Sie k\u00f6nnen Gem\u00fcse und Obst im K\u00fchlschrank aufbewahren, aber auch Feinw\u00e4sche, kleine Sportger\u00e4te, Strandausfl\u00fcge, Sportkleidung, Schulessen, Spielzeug, B\u00fcromaterial, Campingausfl\u00fcge, Roadtrips und praktisch jede Form von Haushaltsorganisation, die Sie sich vorstellen k\u00f6nnen.<\/p>\n<p>PRODUKTMERKMALE<\/p>\n<ul>\n<li><strong>Tasche Stil<\/strong>: Baumwollnetz-Produktsack<\/li>\n<li><strong>Material Typ<\/strong>: 100% Baumwollgewebe<\/li>\n<li><strong>Material Farbe<\/strong>: Nat\u00fcrlich<\/li>\n<li><strong>Gr\u00f6\u00dfe der Tasche<\/strong>: S,M,L(8X10\u2033,10X12\u2033,12X14\u2033)(Liste mit Standardgr\u00f6\u00dfe, wir akzeptieren kundenspezifische Gr\u00f6\u00dfe Tasche \uff09<\/li>\n<li><strong>Impressum Bereich<\/strong>: Normalerweise Netztasche mit Tara-Etikett auf der Seite, und es kann auch in der Mitte mit gr\u00f6\u00dferem Logo Gr\u00f6\u00dfe gen\u00e4ht werden.<\/li>\n<li><strong>Schlie\u00dfung<\/strong>: Kordelzug mit Plastikverschluss, Metall- oder anderen Endverschl\u00fcssen<\/li>\n<li><strong>Pflegehinweise<\/strong>: Handw\u00e4sche empfohlen, Maschinenw\u00e4sche ist auch ok, h\u00e4ngen trocken.<\/li>\n<\/ul>\n<p><strong>Hinweise:Bei Baumwollstoffen kann es nach dem Waschen zu einem leichten Einlaufen kommen.<\/strong><\/p>\n<p>&nbsp;<\/p>\n<p>&nbsp;<\/p>","protected":false},"excerpt":{"rendered":"<p>Hergestellt aus 100% Bio-Baumwolle, sind unsere wiederverwendbaren Netztaschen abfallfrei, blei-, BPA- und quecksilberfrei, vollst\u00e4ndig biologisch abbaubar und besonders im E-Commerce-Einzelhandel sehr beliebt.<\/p>","protected":false},"featured_media":398,"comment_status":"closed","ping_status":"closed","template":"","meta":{"_seopress_robots_primary_cat":"none","_seopress_titles_title":"","_seopress_titles_desc":"","_seopress_robots_index":""},"product_brand":[185],"product_cat":[188,96,109],"product_tag":[],"class_list":{"0":"post-397","1":"product","2":"type-product","3":"status-publish","4":"has-post-thumbnail","6":"product_brand-avecobaggie","7":"product_cat-custom-canvas-bag","8":"product_cat-mesh-bag","9":"product_cat-everyday","11":"first","12":"instock","13":"taxable","14":"shipping-taxable","15":"product-type-simple"},"_links":{"self":[{"href":"https:\/\/avecobaggie.com\/de\/wp-json\/wp\/v2\/product\/397","targetHints":{"allow":["GET"]}}],"collection":[{"href":"https:\/\/avecobaggie.com\/de\/wp-json\/wp\/v2\/product"}],"about":[{"href":"https:\/\/avecobaggie.com\/de\/wp-json\/wp\/v2\/types\/product"}],"replies":[{"embeddable":true,"href":"https:\/\/avecobaggie.com\/de\/wp-json\/wp\/v2\/comments?post=397"}],"wp:featuredmedia":[{"embeddable":true,"href":"https:\/\/avecobaggie.com\/de\/wp-json\/wp\/v2\/media\/398"}],"wp:attachment":[{"href":"https:\/\/avecobaggie.com\/de\/wp-json\/wp\/v2\/media?parent=397"}],"wp:term":[{"taxonomy":"product_brand","embeddable":true,"href":"https:\/\/avecobaggie.com\/de\/wp-json\/wp\/v2\/product_brand?post=397"},{"taxonomy":"product_cat","embeddable":true,"href":"https:\/\/avecobaggie.com\/de\/wp-json\/wp\/v2\/product_cat?post=397"},{"taxonomy":"product_tag","embeddable":true,"href":"https:\/\/avecobaggie.com\/de\/wp-json\/wp\/v2\/product_tag?post=397"}],"curies":[{"name":"wp","href":"https:\/\/api.w.org\/{rel}","templated":true}]}}