{"id":3970,"date":"2021-06-30T17:10:12","date_gmt":"2021-06-30T09:10:12","guid":{"rendered":"https:\/\/avecobaggie.com\/?post_type=product&#038;p=3970"},"modified":"2021-06-30T18:09:39","modified_gmt":"2021-06-30T10:09:39","slug":"dupont-tyvek-small-cool-lunch-bags-for-adults","status":"publish","type":"product","link":"https:\/\/avecobaggie.com\/de\/produkt\/dupont-tyvek-small-cool-lunch-bags-for-adults\/","title":{"rendered":"Dupont Tyvek Small Cool Lunch Bags f\u00fcr Erwachsene"},"content":{"rendered":"<p>Aveco Company ist spezialisiert auf umweltfreundliche Taschen auf Materialbasis, wie z.B. Baumwoll-Canvas-Taschen, Musselin-Taschen, Jute-Burlap-Taschen, Vliesstoff-Taschen, etc. Alle Taschen k\u00f6nnen mit Ihren eigenen Anfragen angepasst oder personalisiert werden.wir bieten One-Stop-Shop-L\u00f6sung Service von Materialbeschaffung bis zum Versand... ur Taschen sind langlebig, hohe Qualit\u00e4t und erschwinglich, um verschiedene Zwecke zu erf\u00fcllen, k\u00f6nnen wir Ihre Masse Bed\u00fcrfnisse mit ganz einem niedrigen MOQ und schnelle Lieferung dienen.<\/p>\n<p>PRODUKTMERKMALE<\/p>\n<ul>\n<li><strong>Tasche Stil<\/strong>: Beleidigte Luncht\u00fcte<\/li>\n<li><strong>Material Typ<\/strong>: Dupont + Aluminiumfolie<\/li>\n<li><strong>Material Farbe<\/strong>: Braun oder andere kundenspezifische Farbe<\/li>\n<li><strong>Gr\u00f6\u00dfe der Tasche<\/strong>: 21X16X13CM ( Liste mit Standardgr\u00f6\u00dfe, wir akzeptieren kundenspezifische Gr\u00f6\u00dfe Tasche \uff09<\/li>\n<li><strong>Impressum Bereich<\/strong>: 1-farbig | 2-farbig | mehrfarbig| Vollfl\u00e4chiger Druck, ein- oder zweiseitiger Druck<\/li>\n<li><strong>Schlie\u00dfung<\/strong>: Mit Rei\u00dfverschluss<\/li>\n<li><strong>Pflegehinweise<\/strong>: Handw\u00e4sche empfohlen, Maschinenw\u00e4sche ist auch ok, h\u00e4ngen trocken.<\/li>\n<\/ul>","protected":false},"excerpt":{"rendered":"<p>Diese beleidigte Lunch Bag ist f\u00fcr Frauen geeignet, mit Rei\u00dfverschluss, und kann in die Tiffin Lunch Box passen, die Tasche kann auch Logo oder Muster drucken.<\/p>","protected":false},"featured_media":3972,"comment_status":"open","ping_status":"closed","template":"","meta":{"_seopress_robots_primary_cat":"none","_seopress_titles_title":"%%post_title%% %%sep%% %%sitetitle%%","_seopress_titles_desc":"","_seopress_robots_index":""},"product_brand":[],"product_cat":[30,108],"product_tag":[],"class_list":{"0":"post-3970","1":"product","2":"type-product","3":"status-publish","4":"has-post-thumbnail","6":"product_cat-cooler-bag","7":"product_cat-work-school","9":"first","10":"instock","11":"taxable","12":"shipping-taxable","13":"product-type-simple"},"_links":{"self":[{"href":"https:\/\/avecobaggie.com\/de\/wp-json\/wp\/v2\/product\/3970","targetHints":{"allow":["GET"]}}],"collection":[{"href":"https:\/\/avecobaggie.com\/de\/wp-json\/wp\/v2\/product"}],"about":[{"href":"https:\/\/avecobaggie.com\/de\/wp-json\/wp\/v2\/types\/product"}],"replies":[{"embeddable":true,"href":"https:\/\/avecobaggie.com\/de\/wp-json\/wp\/v2\/comments?post=3970"}],"wp:featuredmedia":[{"embeddable":true,"href":"https:\/\/avecobaggie.com\/de\/wp-json\/wp\/v2\/media\/3972"}],"wp:attachment":[{"href":"https:\/\/avecobaggie.com\/de\/wp-json\/wp\/v2\/media?parent=3970"}],"wp:term":[{"taxonomy":"product_brand","embeddable":true,"href":"https:\/\/avecobaggie.com\/de\/wp-json\/wp\/v2\/product_brand?post=3970"},{"taxonomy":"product_cat","embeddable":true,"href":"https:\/\/avecobaggie.com\/de\/wp-json\/wp\/v2\/product_cat?post=3970"},{"taxonomy":"product_tag","embeddable":true,"href":"https:\/\/avecobaggie.com\/de\/wp-json\/wp\/v2\/product_tag?post=3970"}],"curies":[{"name":"wp","href":"https:\/\/api.w.org\/{rel}","templated":true}]}}