{"id":3976,"date":"2021-06-30T17:22:51","date_gmt":"2021-06-30T09:22:51","guid":{"rendered":"https:\/\/avecobaggie.com\/?post_type=product&#038;p=3976"},"modified":"2021-06-30T18:14:04","modified_gmt":"2021-06-30T10:14:04","slug":"cute-dupont-lunch-bags-for-women","status":"publish","type":"product","link":"https:\/\/avecobaggie.com\/de\/produkt\/cute-dupont-lunch-bags-for-women\/","title":{"rendered":"Niedliche Dupont Lunch Bags f\u00fcr Frauen"},"content":{"rendered":"<p>Aveco Company ist spezialisiert auf umweltfreundliche Taschen auf Materialbasis, wie z.B. Baumwoll-Canvas-Taschen, Musselin-Taschen, Jute-Burlap-Taschen, Vliesstoff-Taschen, etc. Alle Taschen k\u00f6nnen mit Ihren eigenen Anfragen angepasst oder personalisiert werden.wir bieten One-Stop-Shop-L\u00f6sung Service von Materialbeschaffung bis zum Versand... ur Taschen sind langlebig, hohe Qualit\u00e4t und erschwinglich, um verschiedene Zwecke zu erf\u00fcllen, k\u00f6nnen wir Ihre Masse Bed\u00fcrfnisse mit ganz einem niedrigen MOQ und schnelle Lieferung dienen.<\/p>\n<p>PRODUKTMERKMALE<\/p>\n<ul>\n<li><strong>Tasche Stil<\/strong>:Lunch Cooler<\/li>\n<li><strong>Material Typ<\/strong>: Dupont + Aluminiumfolie<\/li>\n<li><strong>Material Gewicht<\/strong>:\u00a0 70g<\/li>\n<li><strong>Material Farbe<\/strong>: Blue or other customized color<\/li>\n<li><strong>Gr\u00f6\u00dfe der Tasche<\/strong>: 20X18X12CM ( list with standard size, we accept customized size bag \uff09<\/li>\n<li><strong>Impressum Bereich<\/strong>: 1-farbig | 2-farbig | mehrfarbig| Vollfl\u00e4chiger Druck, ein- oder zweiseitiger Druck<\/li>\n<li><strong>Schlie\u00dfung<\/strong>: Mit Rei\u00dfverschluss<\/li>\n<li><strong>Pflegehinweise<\/strong>: Handw\u00e4sche empfohlen, Maschinenw\u00e4sche ist auch in Ordnung, h\u00e4ngen trocken.<\/li>\n<\/ul>","protected":false},"excerpt":{"rendered":"<p>Aveco\u00a0 Company specialized in eco-friendly material based bags such as cotton canvas bag, muslin bag, jute burlap bag,Non-woven bag ,etc. All the bags can be customized or personalized with your own requests.we offer\u00a0 one stop shop solution service from material sourcing till shipment.. ur\u00a0 bags are durable, high quality and affordable to meet different purposes, [&hellip;]<\/p>","protected":false},"featured_media":3977,"comment_status":"open","ping_status":"closed","template":"","meta":{"_seopress_robots_primary_cat":"none","_seopress_titles_title":"%%post_title%% %%sep%% %%sitetitle%%","_seopress_titles_desc":"","_seopress_robots_index":""},"product_brand":[],"product_cat":[30,108,109],"product_tag":[136],"class_list":{"0":"post-3976","1":"product","2":"type-product","3":"status-publish","4":"has-post-thumbnail","6":"product_cat-cooler-bag","7":"product_cat-work-school","8":"product_cat-everyday","9":"product_tag-dupont-bag","11":"first","12":"instock","13":"taxable","14":"shipping-taxable","15":"product-type-simple"},"_links":{"self":[{"href":"https:\/\/avecobaggie.com\/de\/wp-json\/wp\/v2\/product\/3976","targetHints":{"allow":["GET"]}}],"collection":[{"href":"https:\/\/avecobaggie.com\/de\/wp-json\/wp\/v2\/product"}],"about":[{"href":"https:\/\/avecobaggie.com\/de\/wp-json\/wp\/v2\/types\/product"}],"replies":[{"embeddable":true,"href":"https:\/\/avecobaggie.com\/de\/wp-json\/wp\/v2\/comments?post=3976"}],"wp:featuredmedia":[{"embeddable":true,"href":"https:\/\/avecobaggie.com\/de\/wp-json\/wp\/v2\/media\/3977"}],"wp:attachment":[{"href":"https:\/\/avecobaggie.com\/de\/wp-json\/wp\/v2\/media?parent=3976"}],"wp:term":[{"taxonomy":"product_brand","embeddable":true,"href":"https:\/\/avecobaggie.com\/de\/wp-json\/wp\/v2\/product_brand?post=3976"},{"taxonomy":"product_cat","embeddable":true,"href":"https:\/\/avecobaggie.com\/de\/wp-json\/wp\/v2\/product_cat?post=3976"},{"taxonomy":"product_tag","embeddable":true,"href":"https:\/\/avecobaggie.com\/de\/wp-json\/wp\/v2\/product_tag?post=3976"}],"curies":[{"name":"wp","href":"https:\/\/api.w.org\/{rel}","templated":true}]}}