{"id":3983,"date":"2021-06-30T17:34:26","date_gmt":"2021-06-30T09:34:26","guid":{"rendered":"https:\/\/avecobaggie.com\/?post_type=product&#038;p=3983"},"modified":"2021-06-30T22:27:43","modified_gmt":"2021-06-30T14:27:43","slug":"tyvek-brown-crossbody-sling-bag","status":"publish","type":"product","link":"https:\/\/avecobaggie.com\/de\/produkt\/tyvek-brown-crossbody-sling-bag\/","title":{"rendered":"Tyvek Braun Crossbody Sling Tasche"},"content":{"rendered":"<h4 class=\"p1\">\u00a0Produktmerkmale<\/h4>\n<ul>\n<li><strong>Tasche Stil<\/strong>: Tragetasche<\/li>\n<li><strong>Material Typ<\/strong>: Dupont Tyrek<\/li>\n<li><strong>Material Farbe<\/strong>: Farbe Braun oder benutzerdefinierte Farbe<\/li>\n<li><strong>Tasche Lagergr\u00f6\u00dfe<\/strong>: 18X18X5CM<\/li>\n<li><strong>Impressum Bereich<\/strong>: kein Druck oder individueller Druck m\u00f6glich<\/li>\n<li><strong>Pflegehinweise<\/strong>: Handw\u00e4sche empfohlen, Maschinenw\u00e4sche ist auch ok, h\u00e4ngen trocken.<\/li>\n<\/ul>\n<p><strong>\u00a0 \u00a0 Anmerkungen: Bei Baumwoll- oder Leinenstoffen kann es nach dem Waschen zu einem leichten Einlaufen kommen.<\/strong><\/p>","protected":false},"excerpt":{"rendered":"<p>Modisch, leicht zu waschen, rei\u00dffest, umweltfreundlich und biologisch abbaubar.<\/p>","protected":false},"featured_media":3984,"comment_status":"open","ping_status":"closed","template":"","meta":{"_seopress_robots_primary_cat":"none","_seopress_titles_title":"","_seopress_titles_desc":"","_seopress_robots_index":""},"product_brand":[],"product_cat":[29,103,108,109],"product_tag":[136],"class_list":{"0":"post-3983","1":"product","2":"type-product","3":"status-publish","4":"has-post-thumbnail","6":"product_cat-tote-bag","7":"product_cat-other-fabric-bag","8":"product_cat-work-school","9":"product_cat-everyday","10":"product_tag-dupont-bag","12":"first","13":"instock","14":"taxable","15":"shipping-taxable","16":"product-type-simple"},"_links":{"self":[{"href":"https:\/\/avecobaggie.com\/de\/wp-json\/wp\/v2\/product\/3983","targetHints":{"allow":["GET"]}}],"collection":[{"href":"https:\/\/avecobaggie.com\/de\/wp-json\/wp\/v2\/product"}],"about":[{"href":"https:\/\/avecobaggie.com\/de\/wp-json\/wp\/v2\/types\/product"}],"replies":[{"embeddable":true,"href":"https:\/\/avecobaggie.com\/de\/wp-json\/wp\/v2\/comments?post=3983"}],"wp:featuredmedia":[{"embeddable":true,"href":"https:\/\/avecobaggie.com\/de\/wp-json\/wp\/v2\/media\/3984"}],"wp:attachment":[{"href":"https:\/\/avecobaggie.com\/de\/wp-json\/wp\/v2\/media?parent=3983"}],"wp:term":[{"taxonomy":"product_brand","embeddable":true,"href":"https:\/\/avecobaggie.com\/de\/wp-json\/wp\/v2\/product_brand?post=3983"},{"taxonomy":"product_cat","embeddable":true,"href":"https:\/\/avecobaggie.com\/de\/wp-json\/wp\/v2\/product_cat?post=3983"},{"taxonomy":"product_tag","embeddable":true,"href":"https:\/\/avecobaggie.com\/de\/wp-json\/wp\/v2\/product_tag?post=3983"}],"curies":[{"name":"wp","href":"https:\/\/api.w.org\/{rel}","templated":true}]}}