{"id":4018,"date":"2021-07-01T13:58:32","date_gmt":"2021-07-01T05:58:32","guid":{"rendered":"https:\/\/avecobaggie.com\/?post_type=product&#038;p=4018"},"modified":"2021-07-01T15:41:39","modified_gmt":"2021-07-01T07:41:39","slug":"2-color-splicing-tyvek-totes-for-work","status":"publish","type":"product","link":"https:\/\/avecobaggie.com\/de\/produkt\/2-color-splicing-tyvek-totes-for-work\/","title":{"rendered":"2-Farben-Splei\u00df-Tyvek-Taschen f\u00fcr die Arbeit"},"content":{"rendered":"<p>Aveco Unternehmen kann anpassen und Gro\u00dfhandel Leinwand Tragetaschen mit One-Stop-Shop-L\u00f6sung Service. Wir haben auch einige grundlegende Form der Taschen f\u00fcr einen einfachen Start wie auf der Website von aufgef\u00fchrt\u00a0\u00a0<a href=\"https:\/\/avecobaggie.com\/de\/produkt-kategorie\/bags-in-stock\/\"> Taschen auf Lager <\/a>. die meisten der auf Lager befindlichen Taschen sind unbedruckt, so dass es f\u00fcr Sie einfacher ist, ein eigenes Logo oder Etikett f\u00fcr Ihre Kunden zu erstellen, ohne dass Sie ein Minimum ben\u00f6tigen.<\/p>\n<p><span class=\"Apple-converted-space\">\u00a0 \u00a0 Wenn Sie diese \u00d6ko-Taschen individuell gestalten wollen, ist das auch ganz einfach, einige der Taschen sind sogar mit extrem niedrigen <\/span>MOQ f\u00fcr kundenspezifische Oberfl\u00e4chen. Besonders Baumwolle oder Segeltuch Tasche ist extrem niedrig bei 100pieces oder sogar weniger zu unterst\u00fctzen Anf\u00e4nger, gehen Sie zu <a href=\"https:\/\/avecobaggie.com\/de\/custom-solutions\/\"><strong>MASSGESCHNEIDERTE L\u00d6SUNGEN<\/strong><\/a> um mehr \u00fcber individuelle Taschen zu erfahren.<\/p>\n<h4 class=\"p1\"><span style=\"color: #333333;\">Produktmerkmale<\/span><\/h4>\n<ul>\n<li><strong>Tasche Stil<\/strong>: Tragetasche<\/li>\n<li><strong>Material Typ<\/strong>: Dupont Tyvek<\/li>\n<li><strong>Material Farbe<\/strong>: Naturbeige<\/li>\n<li><strong>Gr\u00f6\u00dfe der Tasche<\/strong>:20X27X12CM ( list with standard size, we accept customized size bag \uff09<\/li>\n<li><strong>Impressum Bereich<\/strong>: 1-farbig | 2-farbig | mehrfarbig| Vollfl\u00e4chiger Druck, ein- oder zweiseitiger Druck<\/li>\n<li><strong>Schlie\u00dfung<\/strong>: offen<\/li>\n<li><strong>Merkmal:<\/strong> wiederverwendbar, recycelbar, nachhaltig und langlebig, gro\u00dfer Stauraum f\u00fcr Ihr iPad, B\u00fccher, Handy und andere wichtige Dinge<\/li>\n<\/ul>","protected":false},"excerpt":{"rendered":"<p>Wiederverwendbar, recycelbar, nachhaltig und langlebig, gro\u00dfer Platz f\u00fcr iPad, B\u00fccher, Handy und andere wichtige Dinge<\/p>","protected":false},"featured_media":4019,"comment_status":"open","ping_status":"closed","template":"","meta":{"_seopress_robots_primary_cat":"none","_seopress_titles_title":"","_seopress_titles_desc":"","_seopress_robots_index":""},"product_brand":[],"product_cat":[29,103,109],"product_tag":[136],"class_list":{"0":"post-4018","1":"product","2":"type-product","3":"status-publish","4":"has-post-thumbnail","6":"product_cat-tote-bag","7":"product_cat-other-fabric-bag","8":"product_cat-everyday","9":"product_tag-dupont-bag","11":"first","12":"instock","13":"taxable","14":"shipping-taxable","15":"product-type-simple"},"_links":{"self":[{"href":"https:\/\/avecobaggie.com\/de\/wp-json\/wp\/v2\/product\/4018","targetHints":{"allow":["GET"]}}],"collection":[{"href":"https:\/\/avecobaggie.com\/de\/wp-json\/wp\/v2\/product"}],"about":[{"href":"https:\/\/avecobaggie.com\/de\/wp-json\/wp\/v2\/types\/product"}],"replies":[{"embeddable":true,"href":"https:\/\/avecobaggie.com\/de\/wp-json\/wp\/v2\/comments?post=4018"}],"wp:featuredmedia":[{"embeddable":true,"href":"https:\/\/avecobaggie.com\/de\/wp-json\/wp\/v2\/media\/4019"}],"wp:attachment":[{"href":"https:\/\/avecobaggie.com\/de\/wp-json\/wp\/v2\/media?parent=4018"}],"wp:term":[{"taxonomy":"product_brand","embeddable":true,"href":"https:\/\/avecobaggie.com\/de\/wp-json\/wp\/v2\/product_brand?post=4018"},{"taxonomy":"product_cat","embeddable":true,"href":"https:\/\/avecobaggie.com\/de\/wp-json\/wp\/v2\/product_cat?post=4018"},{"taxonomy":"product_tag","embeddable":true,"href":"https:\/\/avecobaggie.com\/de\/wp-json\/wp\/v2\/product_tag?post=4018"}],"curies":[{"name":"wp","href":"https:\/\/api.w.org\/{rel}","templated":true}]}}