{"id":4067,"date":"2021-07-01T16:50:31","date_gmt":"2021-07-01T08:50:31","guid":{"rendered":"https:\/\/avecobaggie.com\/?post_type=product&#038;p=4067"},"modified":"2021-07-01T22:21:34","modified_gmt":"2021-07-01T14:21:34","slug":"washable-paper-mini-crossbody-bag-with-leather-strap","status":"publish","type":"product","link":"https:\/\/avecobaggie.com\/de\/produkt\/washable-paper-mini-crossbody-bag-with-leather-strap\/","title":{"rendered":"Waschbare Mini-Crossbody-Tasche aus Papier mit Lederriemen"},"content":{"rendered":"<h4 class=\"p1\">\u00a0Produktmerkmale<\/h4>\n<ul>\n<li><strong>Tasche Stil<\/strong>: Crossbody<\/li>\n<li><strong>Material Typ<\/strong>: Dupont Tyrek<\/li>\n<li><strong>Material Farbe<\/strong>: Farbe Braun oder benutzerdefinierte Farbe<\/li>\n<li><strong>Tasche Lagergr\u00f6\u00dfe<\/strong>: 30X24X15CM<\/li>\n<li><strong>Impressum Bereich<\/strong>: kein Druck oder individueller Druck m\u00f6glich<\/li>\n<li><strong>Pflegehinweise<\/strong>: Handw\u00e4sche empfohlen, Maschinenw\u00e4sche ist auch ok, h\u00e4ngen trocken.<\/li>\n<\/ul>\n<p><strong>\u00a0 \u00a0 Anmerkungen: Bei Baumwoll- oder Leinenstoffen kann es nach dem Waschen zu einem leichten Einlaufen kommen.<\/strong><\/p>","protected":false},"excerpt":{"rendered":"<p>Modisch, leicht zu waschen, rei\u00dffest, umweltfreundlich und biologisch abbaubar.<\/p>","protected":false},"featured_media":4068,"comment_status":"open","ping_status":"closed","template":"","meta":{"_seopress_robots_primary_cat":"none","_seopress_titles_title":"","_seopress_titles_desc":"","_seopress_robots_index":""},"product_brand":[],"product_cat":[100,103,108,109],"product_tag":[136],"class_list":{"0":"post-4067","1":"product","2":"type-product","3":"status-publish","4":"has-post-thumbnail","6":"product_cat-other-creative-bag","7":"product_cat-other-fabric-bag","8":"product_cat-work-school","9":"product_cat-everyday","10":"product_tag-dupont-bag","12":"first","13":"instock","14":"taxable","15":"shipping-taxable","16":"product-type-simple"},"_links":{"self":[{"href":"https:\/\/avecobaggie.com\/de\/wp-json\/wp\/v2\/product\/4067","targetHints":{"allow":["GET"]}}],"collection":[{"href":"https:\/\/avecobaggie.com\/de\/wp-json\/wp\/v2\/product"}],"about":[{"href":"https:\/\/avecobaggie.com\/de\/wp-json\/wp\/v2\/types\/product"}],"replies":[{"embeddable":true,"href":"https:\/\/avecobaggie.com\/de\/wp-json\/wp\/v2\/comments?post=4067"}],"wp:featuredmedia":[{"embeddable":true,"href":"https:\/\/avecobaggie.com\/de\/wp-json\/wp\/v2\/media\/4068"}],"wp:attachment":[{"href":"https:\/\/avecobaggie.com\/de\/wp-json\/wp\/v2\/media?parent=4067"}],"wp:term":[{"taxonomy":"product_brand","embeddable":true,"href":"https:\/\/avecobaggie.com\/de\/wp-json\/wp\/v2\/product_brand?post=4067"},{"taxonomy":"product_cat","embeddable":true,"href":"https:\/\/avecobaggie.com\/de\/wp-json\/wp\/v2\/product_cat?post=4067"},{"taxonomy":"product_tag","embeddable":true,"href":"https:\/\/avecobaggie.com\/de\/wp-json\/wp\/v2\/product_tag?post=4067"}],"curies":[{"name":"wp","href":"https:\/\/api.w.org\/{rel}","templated":true}]}}