{"id":4679,"date":"2021-10-09T16:52:47","date_gmt":"2021-10-09T08:52:47","guid":{"rendered":"https:\/\/avecobaggie.com\/?post_type=product&#038;p=4679"},"modified":"2021-10-13T15:37:12","modified_gmt":"2021-10-13T07:37:12","slug":"wholesale-d-cut-shape-shopping-non-woven-bag","status":"publish","type":"product","link":"https:\/\/avecobaggie.com\/de\/produkt\/wholesale-d-cut-shape-shopping-non-woven-bag\/","title":{"rendered":"Gro\u00dfhandel D-Cut Form Einkaufen nicht gewebte Tasche"},"content":{"rendered":"<p>Aveco Company hat sich auf wiederverwendbare Taschen von hoher Qualit\u00e4t spezialisiert, verschiedene Anpassungen erf\u00fcllen Ihren pers\u00f6nlichen Wunsch: 1. Pantone Farbe Stoff 2. Markenlogo auf Tasche gedruckt 3. F\u00fcgen Sie Tasche innen oder au\u00dfen 4. verschiedene Formen String,<\/p>\n<p>Au\u00dferdem bietet Aveco mehr als 10 Materialien f\u00fcr Sie zu w\u00e4hlen. Wie 100% Baumwolltasche, schwere Segeltuchtasche, nat\u00fcrliche Leinentasche, \u00d6ko-Jutetasche, billige Vliestasche...<\/p>\n<p>PRODUKTMERKMALE<\/p>\n<ul>\n<li><strong>Tasche Stil<\/strong>: Einkaufen nicht gewebte Tragetasche<\/li>\n<li><strong>Material Typ<\/strong>: 65gsm Vliesstoff<\/li>\n<li><strong>Material Farbe<\/strong>: Gelb, gr\u00fcn, orange, blau, oder andere kundenspezifische Farben<\/li>\n<li><strong>Gr\u00f6\u00dfe der Tasche<\/strong>: 30X23CM (Liste mit Standardgr\u00f6\u00dfe, wir akzeptieren kundenspezifische Gr\u00f6\u00dfe Tasche \uff09<\/li>\n<li><strong>Impressum Bereich<\/strong>: 1-farbig | 2-farbig | mehrfarbig| Vollfl\u00e4chiger Druck, ein- oder zweiseitiger Druck<\/li>\n<li><strong>Pflegehinweise<\/strong>: Nur Handw\u00e4sche.<\/li>\n<\/ul>","protected":false},"excerpt":{"rendered":"<p>Die D-cut Einkaufstasche aus Vliesstoff eignet sich f\u00fcr Werbeprojekte, Pantone Farbe Stoff oder gedruckte Muster sind beide zur Verf\u00fcgung,<br \/>\nbillig und leicht, wenn Sie Geschenke f\u00fcr ein neues Gesch\u00e4ft oder eine Feier suchen, sind Einkaufstaschen aus Vliesstoff Ihre beste Wahl.<\/p>\n<p>&nbsp;<\/p>","protected":false},"featured_media":4680,"comment_status":"open","ping_status":"closed","template":"","meta":{"_seopress_robots_primary_cat":"none","_seopress_titles_title":"Wholesale D-cut shape shopping non-woven bag","_seopress_titles_desc":"","_seopress_robots_index":""},"product_brand":[],"product_cat":[29,105,111],"product_tag":[139],"class_list":{"0":"post-4679","1":"product","2":"type-product","3":"status-publish","4":"has-post-thumbnail","6":"product_cat-tote-bag","7":"product_cat-non-woven-bag","8":"product_cat-promotional-events","9":"product_tag-non-woven-bag","11":"first","12":"instock","13":"taxable","14":"shipping-taxable","15":"product-type-simple"},"_links":{"self":[{"href":"https:\/\/avecobaggie.com\/de\/wp-json\/wp\/v2\/product\/4679","targetHints":{"allow":["GET"]}}],"collection":[{"href":"https:\/\/avecobaggie.com\/de\/wp-json\/wp\/v2\/product"}],"about":[{"href":"https:\/\/avecobaggie.com\/de\/wp-json\/wp\/v2\/types\/product"}],"replies":[{"embeddable":true,"href":"https:\/\/avecobaggie.com\/de\/wp-json\/wp\/v2\/comments?post=4679"}],"wp:featuredmedia":[{"embeddable":true,"href":"https:\/\/avecobaggie.com\/de\/wp-json\/wp\/v2\/media\/4680"}],"wp:attachment":[{"href":"https:\/\/avecobaggie.com\/de\/wp-json\/wp\/v2\/media?parent=4679"}],"wp:term":[{"taxonomy":"product_brand","embeddable":true,"href":"https:\/\/avecobaggie.com\/de\/wp-json\/wp\/v2\/product_brand?post=4679"},{"taxonomy":"product_cat","embeddable":true,"href":"https:\/\/avecobaggie.com\/de\/wp-json\/wp\/v2\/product_cat?post=4679"},{"taxonomy":"product_tag","embeddable":true,"href":"https:\/\/avecobaggie.com\/de\/wp-json\/wp\/v2\/product_tag?post=4679"}],"curies":[{"name":"wp","href":"https:\/\/api.w.org\/{rel}","templated":true}]}}