{"id":4695,"date":"2021-10-12T14:43:16","date_gmt":"2021-10-12T06:43:16","guid":{"rendered":"https:\/\/avecobaggie.com\/?post_type=product&#038;p=4695"},"modified":"2021-10-13T15:35:32","modified_gmt":"2021-10-13T07:35:32","slug":"halloween-gift-non-woven-tote-bag","status":"publish","type":"product","link":"https:\/\/avecobaggie.com\/de\/produkt\/halloween-gift-non-woven-tote-bag\/","title":{"rendered":"Halloween Geschenk nicht gewebte Tragetasche"},"content":{"rendered":"<p>Non-woven bag has stitching and heat press 2 different splicing methods, normally heat press is popular.<br \/>\nThe Halloween gift non-woven bag use stitching, it&#8217;s more durable than heat-press.<br \/>\nDifferent from other Halloween gifts, the design for bags is not scary and full of Halloween elements, even kindergarten children can use.<br \/>\nWhatever you are sourcing for Halloween bags or promotional non-woven bags for Halloween, gift non-woven tote bags fit your request.<br \/>\nHalloween is coming! Even you haven&#8217;t start Halloween bag business, place your order right away!<br \/>\nFast production time and quick delivery days won&#8217;t delay your Halloween plans!<\/p>\n<p>PRODUKTMERKMALE<\/p>\n<ul>\n<li><strong>Tasche Stil<\/strong>: Halloween gift non-woven bag<\/li>\n<li><strong>Material Typ<\/strong>: 65gsm Vliesstoff<\/li>\n<li><strong>Material Farbe<\/strong>: Gelb, lila, orange, schwarz oder andere individuelle Farben<\/li>\n<li><strong>Gr\u00f6\u00dfe der Tasche<\/strong>: 35X30CM (Liste mit Standardgr\u00f6\u00dfe, wir akzeptieren kundenspezifische Gr\u00f6\u00dfe Tasche \uff09<\/li>\n<li><strong>Impressum Bereich<\/strong>: 1-farbig | 2-farbig | mehrfarbig| Vollfl\u00e4chiger Druck, ein- oder zweiseitiger Druck<\/li>\n<li><strong>Pflegehinweise<\/strong>: Nur Handw\u00e4sche.<\/li>\n<\/ul>","protected":false},"excerpt":{"rendered":"<p>Halloween Vliesbeutel mit Cartoon-Muster und Elemente machen Geschenk-Taschen f\u00fchlen sich niedlich, aber nicht erschrecken, kreative Verpackung mit S\u00fc\u00dfigkeiten Spielzeug sieht luxuri\u00f6s.<br \/>\nWenn Sie eine eigene Halloween-Vliestasche entwerfen m\u00f6chten, senden Sie uns Ihre Designdatei und Sie erhalten nach 15 Tagen ein Halloween-Geschenk.<\/p>","protected":false},"featured_media":4696,"comment_status":"open","ping_status":"closed","template":"","meta":{"_seopress_robots_primary_cat":"none","_seopress_titles_title":"Halloween gift non woven tote bag","_seopress_titles_desc":"","_seopress_robots_index":""},"product_brand":[],"product_cat":[29,105,111],"product_tag":[139],"class_list":{"0":"post-4695","1":"product","2":"type-product","3":"status-publish","4":"has-post-thumbnail","6":"product_cat-tote-bag","7":"product_cat-non-woven-bag","8":"product_cat-promotional-events","9":"product_tag-non-woven-bag","11":"first","12":"instock","13":"taxable","14":"shipping-taxable","15":"product-type-simple"},"_links":{"self":[{"href":"https:\/\/avecobaggie.com\/de\/wp-json\/wp\/v2\/product\/4695","targetHints":{"allow":["GET"]}}],"collection":[{"href":"https:\/\/avecobaggie.com\/de\/wp-json\/wp\/v2\/product"}],"about":[{"href":"https:\/\/avecobaggie.com\/de\/wp-json\/wp\/v2\/types\/product"}],"replies":[{"embeddable":true,"href":"https:\/\/avecobaggie.com\/de\/wp-json\/wp\/v2\/comments?post=4695"}],"wp:featuredmedia":[{"embeddable":true,"href":"https:\/\/avecobaggie.com\/de\/wp-json\/wp\/v2\/media\/4696"}],"wp:attachment":[{"href":"https:\/\/avecobaggie.com\/de\/wp-json\/wp\/v2\/media?parent=4695"}],"wp:term":[{"taxonomy":"product_brand","embeddable":true,"href":"https:\/\/avecobaggie.com\/de\/wp-json\/wp\/v2\/product_brand?post=4695"},{"taxonomy":"product_cat","embeddable":true,"href":"https:\/\/avecobaggie.com\/de\/wp-json\/wp\/v2\/product_cat?post=4695"},{"taxonomy":"product_tag","embeddable":true,"href":"https:\/\/avecobaggie.com\/de\/wp-json\/wp\/v2\/product_tag?post=4695"}],"curies":[{"name":"wp","href":"https:\/\/api.w.org\/{rel}","templated":true}]}}