{"id":4700,"date":"2021-10-12T15:54:52","date_gmt":"2021-10-12T07:54:52","guid":{"rendered":"https:\/\/avecobaggie.com\/?post_type=product&#038;p=4700"},"modified":"2021-10-13T15:38:53","modified_gmt":"2021-10-13T07:38:53","slug":"non-woven-drawstring-shoe-bag","status":"publish","type":"product","link":"https:\/\/avecobaggie.com\/de\/produkt\/non-woven-drawstring-shoe-bag\/","title":{"rendered":"Schuhbeutel mit Kordelzug aus Vliesstoff"},"content":{"rendered":"<p>Have you noticed there always have paper or fabric between 2 shoes?<br \/>\nWhatever we fitting shoes in mall or receive package from eCommerce shop, once open box lid, you can see shoe packed well,<br \/>\nshoes will be rubbing against each other during delivery.<br \/>\nDifferent from acid-free paper, non-woven shoe bag is more durable and eco-friendly, paper will be broken when meeting water or take rudely, non-woven shoe bag is reusable and lightweight.<br \/>\nAdding string not only helps shoe bag closed, but you can also use it with your travel shoes.<br \/>\nHeat press non-woven bag is best solution to replace acid-free paper:<br \/>\n1. If you are selling children shoes, you can customize small size drawstring shoe bags and print cartoon patterns for attracting customers.<br \/>\n2. If your customer group is mainly adult men, simple unicolor bag will useful.<br \/>\n3. If you focus on fashionable women shoes, full of design shoe bags will get more attentions than shoes<\/p>\n<p>&nbsp;<\/p>\n<p>PRODUKTMERKMALE<\/p>\n<ul>\n<li><strong>Tasche Stil<\/strong>: Non-woven drawstring shoe bag<\/li>\n<li><strong>Material Typ<\/strong>: 65gsm Vliesstoff<\/li>\n<li><strong>Material Farbe<\/strong>: White, we can customize other Pantone colors<\/li>\n<li><strong>Gr\u00f6\u00dfe der Tasche<\/strong>: 30X20CM (Liste mit Standardgr\u00f6\u00dfe, wir akzeptieren kundenspezifische Gr\u00f6\u00dfe Tasche \uff09<\/li>\n<li><strong>Impressum Bereich<\/strong>: 1-farbig | 2-farbig | mehrfarbig| Vollfl\u00e4chiger Druck, ein- oder zweiseitiger Druck<\/li>\n<li><strong>Pflegehinweise<\/strong>: Nur Handw\u00e4sche.<\/li>\n<\/ul>","protected":false},"excerpt":{"rendered":"<p>Nicht gewebter Kordelzug-Schuhbeutel aus beigefarbenem Vliesstoff, Verschluss verhindert, dass Schuhe beim Sch\u00fctteln herauskommen, geeignet als Pakettasche, Werbung und t\u00e4glicher Gebrauch.<\/p>","protected":false},"featured_media":4709,"comment_status":"open","ping_status":"closed","template":"","meta":{"_seopress_robots_primary_cat":"none","_seopress_titles_title":"Non-woven drawstring shoe bag","_seopress_titles_desc":"","_seopress_robots_index":""},"product_brand":[],"product_cat":[92,105,112,110],"product_tag":[139],"class_list":{"0":"post-4700","1":"product","2":"type-product","3":"status-publish","4":"has-post-thumbnail","6":"product_cat-drawstring-bag","7":"product_cat-non-woven-bag","8":"product_cat-sports","9":"product_cat-travel","10":"product_tag-non-woven-bag","12":"first","13":"instock","14":"taxable","15":"shipping-taxable","16":"product-type-simple"},"_links":{"self":[{"href":"https:\/\/avecobaggie.com\/de\/wp-json\/wp\/v2\/product\/4700","targetHints":{"allow":["GET"]}}],"collection":[{"href":"https:\/\/avecobaggie.com\/de\/wp-json\/wp\/v2\/product"}],"about":[{"href":"https:\/\/avecobaggie.com\/de\/wp-json\/wp\/v2\/types\/product"}],"replies":[{"embeddable":true,"href":"https:\/\/avecobaggie.com\/de\/wp-json\/wp\/v2\/comments?post=4700"}],"wp:featuredmedia":[{"embeddable":true,"href":"https:\/\/avecobaggie.com\/de\/wp-json\/wp\/v2\/media\/4709"}],"wp:attachment":[{"href":"https:\/\/avecobaggie.com\/de\/wp-json\/wp\/v2\/media?parent=4700"}],"wp:term":[{"taxonomy":"product_brand","embeddable":true,"href":"https:\/\/avecobaggie.com\/de\/wp-json\/wp\/v2\/product_brand?post=4700"},{"taxonomy":"product_cat","embeddable":true,"href":"https:\/\/avecobaggie.com\/de\/wp-json\/wp\/v2\/product_cat?post=4700"},{"taxonomy":"product_tag","embeddable":true,"href":"https:\/\/avecobaggie.com\/de\/wp-json\/wp\/v2\/product_tag?post=4700"}],"curies":[{"name":"wp","href":"https:\/\/api.w.org\/{rel}","templated":true}]}}