{"id":4727,"date":"2021-10-15T14:43:58","date_gmt":"2021-10-15T06:43:58","guid":{"rendered":"https:\/\/avecobaggie.com\/?post_type=product&#038;p=4727"},"modified":"2022-09-05T11:02:32","modified_gmt":"2022-09-05T03:02:32","slug":"black-nylon-non-woven-bag","status":"publish","type":"product","link":"https:\/\/avecobaggie.com\/de\/produkt\/black-nylon-non-woven-bag\/","title":{"rendered":"Schwarzer Nylon-Vliesstoffbeutel"},"content":{"rendered":"<p>Haben Sie sich auch schon ge\u00e4rgert, wenn Sie einkaufen gehen und keine passende Tasche dabei haben?<br \/>\nDie normale Tragetasche ist zu gro\u00df f\u00fcr 2 Kartoffeln, aber es gibt keine Tasche, die keine Kartoffeln aufnehmen kann.<br \/>\nWarum nicht Nylontaschen aus Vliesstoff in Ihre Alltagstasche packen?<br \/>\nEr ist faltbar und leicht, so dass er in der Tragetasche verstaut werden kann, wenn er nicht gebraucht wird.<br \/>\nAufgrund des Materials und des Produktionsprozesses ist der Preis von Vliesstofftaschen niedriger als der von nat\u00fcrlichen Baumwoll-, Leinen- und Jutes\u00e4cken.<br \/>\nAls Einkaufstasche kann sie als Kombination verkauft werden, z. B. 10 St\u00fcck oder 20 St\u00fcck mit unterschiedlichen Informationen, die den Benutzern die Wiedererkennung erleichtern.<\/p>\n<p>&nbsp;<\/p>\n<p>&nbsp;<\/p>\n<p>PRODUKTMERKMALE<\/p>\n<ul>\n<li><strong>Tasche Stil<\/strong>: Nicht gewebte Nylontasche<\/li>\n<li><strong>Material Typ<\/strong>: 65gsm Vliesstoff<\/li>\n<li><strong>Material Farbe<\/strong>: Schwarz, wir k\u00f6nnen andere Pantone-Farben anpassen<\/li>\n<li><strong>Gr\u00f6\u00dfe der Tasche<\/strong>: 30X20CM (Liste mit Standardgr\u00f6\u00dfe, wir akzeptieren kundenspezifische Gr\u00f6\u00dfe Tasche \uff09<\/li>\n<li><strong>Impressum Bereich<\/strong>: 1-farbig | 2-farbig | mehrfarbig| Vollfl\u00e4chiger Druck, ein- oder zweiseitiger Druck<\/li>\n<li><strong>Pflegehinweise<\/strong>: Nur Handw\u00e4sche.<\/li>\n<\/ul>","protected":false},"excerpt":{"rendered":"<p>Die faltbare Nylontasche aus Vliesstoff hat die gleiche Form wie die Nylontasche aus Kunststoff,<br \/>\naber es ist wiederverwendbar, recycelbar und abbaubar.<\/p>","protected":false},"featured_media":4728,"comment_status":"open","ping_status":"closed","template":"","meta":{"_seopress_robots_primary_cat":"none","_seopress_titles_title":"Black nylon non-woven bag","_seopress_titles_desc":"","_seopress_robots_index":""},"product_brand":[],"product_cat":[29,105,109],"product_tag":[139],"class_list":{"0":"post-4727","1":"product","2":"type-product","3":"status-publish","4":"has-post-thumbnail","6":"product_cat-tote-bag","7":"product_cat-non-woven-bag","8":"product_cat-everyday","9":"product_tag-non-woven-bag","11":"first","12":"instock","13":"taxable","14":"shipping-taxable","15":"product-type-simple"},"_links":{"self":[{"href":"https:\/\/avecobaggie.com\/de\/wp-json\/wp\/v2\/product\/4727","targetHints":{"allow":["GET"]}}],"collection":[{"href":"https:\/\/avecobaggie.com\/de\/wp-json\/wp\/v2\/product"}],"about":[{"href":"https:\/\/avecobaggie.com\/de\/wp-json\/wp\/v2\/types\/product"}],"replies":[{"embeddable":true,"href":"https:\/\/avecobaggie.com\/de\/wp-json\/wp\/v2\/comments?post=4727"}],"wp:featuredmedia":[{"embeddable":true,"href":"https:\/\/avecobaggie.com\/de\/wp-json\/wp\/v2\/media\/4728"}],"wp:attachment":[{"href":"https:\/\/avecobaggie.com\/de\/wp-json\/wp\/v2\/media?parent=4727"}],"wp:term":[{"taxonomy":"product_brand","embeddable":true,"href":"https:\/\/avecobaggie.com\/de\/wp-json\/wp\/v2\/product_brand?post=4727"},{"taxonomy":"product_cat","embeddable":true,"href":"https:\/\/avecobaggie.com\/de\/wp-json\/wp\/v2\/product_cat?post=4727"},{"taxonomy":"product_tag","embeddable":true,"href":"https:\/\/avecobaggie.com\/de\/wp-json\/wp\/v2\/product_tag?post=4727"}],"curies":[{"name":"wp","href":"https:\/\/api.w.org\/{rel}","templated":true}]}}