{"id":7481,"date":"2022-11-03T13:27:31","date_gmt":"2022-11-03T05:27:31","guid":{"rendered":"https:\/\/avecobaggie.com\/?post_type=product&#038;p=7481"},"modified":"2022-11-07T11:00:19","modified_gmt":"2022-11-07T03:00:19","slug":"custom-multicolor-tote-bags","status":"publish","type":"product","link":"https:\/\/avecobaggie.com\/de\/produkt\/custom-multicolor-tote-bags\/","title":{"rendered":"Individuelle Multicolor Tragetaschen"},"content":{"rendered":"<h4 class=\"p1\">\u00a0Produktmerkmale<\/h4>\n<ul>\n<li><strong>Tasche Stil<\/strong>:Totes<\/li>\n<li><strong>Material Typ<\/strong>: Segeltuch<\/li>\n<li><strong>Material Farbe<\/strong>: Benutzerdefinierte Farbe<\/li>\n<li><strong>Tasche Lagergr\u00f6\u00dfe<\/strong>: 22*28CM,27*31CM,31*36CM,31*36*6CM, Gr\u00f6\u00dfe anpassen<\/li>\n<li><strong>Impressum Bereich<\/strong>: kein Druck oder individueller Druck m\u00f6glich<\/li>\n<li><strong>Pflegehinweise<\/strong>: Handw\u00e4sche empfohlen, Maschinenw\u00e4sche ist auch in Ordnung, h\u00e4ngen trocken.<\/li>\n<\/ul>","protected":false},"excerpt":{"rendered":"<p>Super umweltfreundliches Canvas-Material, verstellbare Riemen<\/p>","protected":false},"featured_media":3424,"comment_status":"open","ping_status":"closed","template":"","meta":{"_seopress_robots_primary_cat":"none","_seopress_titles_title":"","_seopress_titles_desc":"","_seopress_robots_index":""},"product_brand":[],"product_cat":[29,100,102],"product_tag":[],"class_list":{"0":"post-7481","1":"product","2":"type-product","3":"status-publish","4":"has-post-thumbnail","6":"product_cat-tote-bag","7":"product_cat-other-creative-bag","8":"product_cat-cotton-canvas-bag","10":"first","11":"instock","12":"taxable","13":"shipping-taxable","14":"product-type-simple"},"_links":{"self":[{"href":"https:\/\/avecobaggie.com\/de\/wp-json\/wp\/v2\/product\/7481","targetHints":{"allow":["GET"]}}],"collection":[{"href":"https:\/\/avecobaggie.com\/de\/wp-json\/wp\/v2\/product"}],"about":[{"href":"https:\/\/avecobaggie.com\/de\/wp-json\/wp\/v2\/types\/product"}],"replies":[{"embeddable":true,"href":"https:\/\/avecobaggie.com\/de\/wp-json\/wp\/v2\/comments?post=7481"}],"wp:featuredmedia":[{"embeddable":true,"href":"https:\/\/avecobaggie.com\/de\/wp-json\/wp\/v2\/media\/3424"}],"wp:attachment":[{"href":"https:\/\/avecobaggie.com\/de\/wp-json\/wp\/v2\/media?parent=7481"}],"wp:term":[{"taxonomy":"product_brand","embeddable":true,"href":"https:\/\/avecobaggie.com\/de\/wp-json\/wp\/v2\/product_brand?post=7481"},{"taxonomy":"product_cat","embeddable":true,"href":"https:\/\/avecobaggie.com\/de\/wp-json\/wp\/v2\/product_cat?post=7481"},{"taxonomy":"product_tag","embeddable":true,"href":"https:\/\/avecobaggie.com\/de\/wp-json\/wp\/v2\/product_tag?post=7481"}],"curies":[{"name":"wp","href":"https:\/\/api.w.org\/{rel}","templated":true}]}}