{"id":7507,"date":"2022-11-07T11:55:54","date_gmt":"2022-11-07T03:55:54","guid":{"rendered":"https:\/\/avecobaggie.com\/?post_type=product&#038;p=7507"},"modified":"2022-11-07T11:59:53","modified_gmt":"2022-11-07T03:59:53","slug":"canvas-bag-with-logo-and-thick-streamer-canvas-bag","status":"publish","type":"product","link":"https:\/\/avecobaggie.com\/de\/produkt\/canvas-bag-with-logo-and-thick-streamer-canvas-bag\/","title":{"rendered":"Segeltuchtasche mit Logo und dicker Luftschlangen-Stofftasche"},"content":{"rendered":"<h4 class=\"p1\">\u00a0Produktmerkmale<\/h4>\n<ul>\n<li><strong>Tasche Stil<\/strong>: Totes<\/li>\n<li><strong>Material Typ<\/strong>: Segeltuch , Baumwolle<\/li>\n<li><strong>Material Farbe<\/strong>: Benutzerdefinierte Farbe<\/li>\n<li><strong>Tasche Lagergr\u00f6\u00dfe<\/strong>: Gr\u00f6\u00dfe anpassen<\/li>\n<li><strong>Impressum Bereich<\/strong>: kein Druck oder individueller Druck m\u00f6glich<\/li>\n<li><strong>Pflegehinweise<\/strong>: Handw\u00e4sche empfohlen, Maschinenw\u00e4sche ist auch in Ordnung, h\u00e4ngen trocken.<\/li>\n<\/ul>","protected":false},"excerpt":{"rendered":"<p>Stilvolle Canvas-Tasche mit einer Au\u00dfentasche, einfach, kleine Dinge zu setzen.Top-Rei\u00dfverschluss, um Sie sicher zu machen.Die beliebte in Form und exquisite in der Verarbeitung.Einfach zu benutzerdefinierten Logo sowie Muster druckt.<\/p>","protected":false},"featured_media":7511,"comment_status":"open","ping_status":"closed","template":"","meta":{"_seopress_robots_primary_cat":"none","_seopress_titles_title":"","_seopress_titles_desc":"","_seopress_robots_index":""},"product_brand":[],"product_cat":[29,100,102],"product_tag":[],"class_list":{"0":"post-7507","1":"product","2":"type-product","3":"status-publish","4":"has-post-thumbnail","6":"product_cat-tote-bag","7":"product_cat-other-creative-bag","8":"product_cat-cotton-canvas-bag","10":"first","11":"instock","12":"taxable","13":"shipping-taxable","14":"product-type-simple"},"_links":{"self":[{"href":"https:\/\/avecobaggie.com\/de\/wp-json\/wp\/v2\/product\/7507","targetHints":{"allow":["GET"]}}],"collection":[{"href":"https:\/\/avecobaggie.com\/de\/wp-json\/wp\/v2\/product"}],"about":[{"href":"https:\/\/avecobaggie.com\/de\/wp-json\/wp\/v2\/types\/product"}],"replies":[{"embeddable":true,"href":"https:\/\/avecobaggie.com\/de\/wp-json\/wp\/v2\/comments?post=7507"}],"wp:featuredmedia":[{"embeddable":true,"href":"https:\/\/avecobaggie.com\/de\/wp-json\/wp\/v2\/media\/7511"}],"wp:attachment":[{"href":"https:\/\/avecobaggie.com\/de\/wp-json\/wp\/v2\/media?parent=7507"}],"wp:term":[{"taxonomy":"product_brand","embeddable":true,"href":"https:\/\/avecobaggie.com\/de\/wp-json\/wp\/v2\/product_brand?post=7507"},{"taxonomy":"product_cat","embeddable":true,"href":"https:\/\/avecobaggie.com\/de\/wp-json\/wp\/v2\/product_cat?post=7507"},{"taxonomy":"product_tag","embeddable":true,"href":"https:\/\/avecobaggie.com\/de\/wp-json\/wp\/v2\/product_tag?post=7507"}],"curies":[{"name":"wp","href":"https:\/\/api.w.org\/{rel}","templated":true}]}}