{"id":7512,"date":"2022-11-07T14:54:56","date_gmt":"2022-11-07T06:54:56","guid":{"rendered":"https:\/\/avecobaggie.com\/?post_type=product&#038;p=7512"},"modified":"2022-11-07T15:11:05","modified_gmt":"2022-11-07T07:11:05","slug":"coffee-mug-cover-drink-strap-canvas-bag","status":"publish","type":"product","link":"https:\/\/avecobaggie.com\/de\/produkt\/coffee-mug-cover-drink-strap-canvas-bag\/","title":{"rendered":"Kaffeetasse Abdeckung Getr\u00e4nk Riemen Leinwand Tasche"},"content":{"rendered":"<h4 class=\"p1\">\u00a0Produktmerkmale<\/h4>\n<ul>\n<li><strong>Tasche Stil<\/strong>: Totes<\/li>\n<li><strong>Material Typ<\/strong>: Segeltuch<\/li>\n<li><strong>Material Farbe<\/strong>: Benutzerdefinierte Farbe<\/li>\n<li><strong>Tasche Lagergr\u00f6\u00dfe<\/strong>: Gr\u00f6\u00dfe anpassen<\/li>\n<li><strong>Impressum Bereich<\/strong>: kein Druck oder individueller Druck m\u00f6glich<\/li>\n<li><strong>Pflegehinweise<\/strong>: Handw\u00e4sche empfohlen, Maschinenw\u00e4sche ist auch in Ordnung, h\u00e4ngen trocken.<\/li>\n<\/ul>","protected":false},"excerpt":{"rendered":"<p>Kreative H\u00fclle f\u00fcr hitzebest\u00e4ndige, leicht zu tragende lange Riemen.<\/p>","protected":false},"featured_media":7515,"comment_status":"open","ping_status":"closed","template":"","meta":{"_seopress_robots_primary_cat":"none","_seopress_titles_title":"","_seopress_titles_desc":"","_seopress_robots_index":""},"product_brand":[],"product_cat":[29,100,102,109],"product_tag":[],"class_list":{"0":"post-7512","1":"product","2":"type-product","3":"status-publish","4":"has-post-thumbnail","6":"product_cat-tote-bag","7":"product_cat-other-creative-bag","8":"product_cat-cotton-canvas-bag","9":"product_cat-everyday","11":"first","12":"instock","13":"taxable","14":"shipping-taxable","15":"product-type-simple"},"_links":{"self":[{"href":"https:\/\/avecobaggie.com\/de\/wp-json\/wp\/v2\/product\/7512","targetHints":{"allow":["GET"]}}],"collection":[{"href":"https:\/\/avecobaggie.com\/de\/wp-json\/wp\/v2\/product"}],"about":[{"href":"https:\/\/avecobaggie.com\/de\/wp-json\/wp\/v2\/types\/product"}],"replies":[{"embeddable":true,"href":"https:\/\/avecobaggie.com\/de\/wp-json\/wp\/v2\/comments?post=7512"}],"wp:featuredmedia":[{"embeddable":true,"href":"https:\/\/avecobaggie.com\/de\/wp-json\/wp\/v2\/media\/7515"}],"wp:attachment":[{"href":"https:\/\/avecobaggie.com\/de\/wp-json\/wp\/v2\/media?parent=7512"}],"wp:term":[{"taxonomy":"product_brand","embeddable":true,"href":"https:\/\/avecobaggie.com\/de\/wp-json\/wp\/v2\/product_brand?post=7512"},{"taxonomy":"product_cat","embeddable":true,"href":"https:\/\/avecobaggie.com\/de\/wp-json\/wp\/v2\/product_cat?post=7512"},{"taxonomy":"product_tag","embeddable":true,"href":"https:\/\/avecobaggie.com\/de\/wp-json\/wp\/v2\/product_tag?post=7512"}],"curies":[{"name":"wp","href":"https:\/\/api.w.org\/{rel}","templated":true}]}}