{"id":7518,"date":"2022-11-07T17:35:51","date_gmt":"2022-11-07T09:35:51","guid":{"rendered":"https:\/\/avecobaggie.com\/?post_type=product&#038;p=7518"},"modified":"2022-11-16T11:47:25","modified_gmt":"2022-11-16T03:47:25","slug":"folding-portable-shopping-bag-reusable-bag-waterproof-storage-oxford-cloth-bag-can-be-printed-with-logo","status":"publish","type":"product","link":"https:\/\/avecobaggie.com\/de\/produkt\/folding-portable-shopping-bag-reusable-bag-waterproof-storage-oxford-cloth-bag-can-be-printed-with-logo\/","title":{"rendered":"Faltbare tragbare Einkaufstasche wiederverwendbare Tasche wasserdichte Lagerung Oxford Tuch Tasche kann mit LOGO gedruckt werden"},"content":{"rendered":"<p>PRODUKTMERKMALE<\/p>\n<ul>\n<li><strong>Tasche Stil<\/strong>: Faltbare tragbare Einkaufstasche<\/li>\n<li><strong>Material Typ<\/strong>: <a class=\"color_pc_blue_text\" data-keyword=\"oxford cloth\">Oxford-Stoff<\/a><\/li>\n<li><strong>Material Farbe<\/strong>: Gelb, lila, orange, schwarz oder andere individuelle Farben<\/li>\n<li><strong>Gr\u00f6\u00dfe der Tasche<\/strong>: 35X30CM (Liste mit Standardgr\u00f6\u00dfe, wir akzeptieren kundenspezifische Gr\u00f6\u00dfe Tasche \uff09<\/li>\n<li><strong>Impressum Bereich<\/strong>: 1-farbig | 2-farbig | mehrfarbig| Vollfl\u00e4chiger Druck, ein- oder zweiseitiger Druck<\/li>\n<li><strong>Pflegehinweise<\/strong>: Nur Handw\u00e4sche.<\/li>\n<\/ul>","protected":false},"excerpt":{"rendered":"<p>Halloween Vliesbeutel mit Cartoon-Muster und Elemente machen Geschenk-Taschen f\u00fchlen sich niedlich, aber nicht erschrecken, kreative Verpackung mit S\u00fc\u00dfigkeiten Spielzeug sieht luxuri\u00f6s.<br \/>\nWenn Sie eine eigene Halloween-Vliestasche entwerfen m\u00f6chten, senden Sie uns Ihre Designdatei und Sie erhalten nach 15 Tagen ein Halloween-Geschenk.<\/p>","protected":false},"featured_media":7519,"comment_status":"open","ping_status":"closed","template":"","meta":{"_seopress_robots_primary_cat":"none","_seopress_titles_title":"","_seopress_titles_desc":"","_seopress_robots_index":""},"product_brand":[],"product_cat":[29,105,111],"product_tag":[139],"class_list":{"0":"post-7518","1":"product","2":"type-product","3":"status-publish","4":"has-post-thumbnail","6":"product_cat-tote-bag","7":"product_cat-non-woven-bag","8":"product_cat-promotional-events","9":"product_tag-non-woven-bag","11":"first","12":"instock","13":"taxable","14":"shipping-taxable","15":"product-type-simple"},"_links":{"self":[{"href":"https:\/\/avecobaggie.com\/de\/wp-json\/wp\/v2\/product\/7518","targetHints":{"allow":["GET"]}}],"collection":[{"href":"https:\/\/avecobaggie.com\/de\/wp-json\/wp\/v2\/product"}],"about":[{"href":"https:\/\/avecobaggie.com\/de\/wp-json\/wp\/v2\/types\/product"}],"replies":[{"embeddable":true,"href":"https:\/\/avecobaggie.com\/de\/wp-json\/wp\/v2\/comments?post=7518"}],"wp:featuredmedia":[{"embeddable":true,"href":"https:\/\/avecobaggie.com\/de\/wp-json\/wp\/v2\/media\/7519"}],"wp:attachment":[{"href":"https:\/\/avecobaggie.com\/de\/wp-json\/wp\/v2\/media?parent=7518"}],"wp:term":[{"taxonomy":"product_brand","embeddable":true,"href":"https:\/\/avecobaggie.com\/de\/wp-json\/wp\/v2\/product_brand?post=7518"},{"taxonomy":"product_cat","embeddable":true,"href":"https:\/\/avecobaggie.com\/de\/wp-json\/wp\/v2\/product_cat?post=7518"},{"taxonomy":"product_tag","embeddable":true,"href":"https:\/\/avecobaggie.com\/de\/wp-json\/wp\/v2\/product_tag?post=7518"}],"curies":[{"name":"wp","href":"https:\/\/api.w.org\/{rel}","templated":true}]}}