{"id":7652,"date":"2023-02-14T15:19:02","date_gmt":"2023-02-14T07:19:02","guid":{"rendered":"https:\/\/avecobaggie.com\/?post_type=product&#038;p=7652"},"modified":"2023-02-14T15:52:57","modified_gmt":"2023-02-14T07:52:57","slug":"wholesale-classic-jute-burlap-bag-supermarket-shopping-bag-gift-tote-bag","status":"publish","type":"product","link":"https:\/\/avecobaggie.com\/de\/produkt\/wholesale-classic-jute-burlap-bag-supermarket-shopping-bag-gift-tote-bag\/","title":{"rendered":"Gro\u00dfhandel klassische Jute Sackleinen Tasche Supermarkt Einkaufstasche Geschenk Tragetasche"},"content":{"rendered":"<p>Aveco bietet haupts\u00e4chlich kundenspezifische \u00d6ko-Taschen mit einem One-Stop-Shop-L\u00f6sungs-Service. Wir haben auch einige grundlegende Form der Taschen f\u00fcr einen einfachen Start als auf der Website von aufgef\u00fchrt\u00a0\u00a0<a href=\"https:\/\/avecobaggie.com\/de\/produkt-kategorie\/bags-in-stock\/\"> Taschen auf Lager <\/a>. die meisten der auf Lager befindlichen Taschen sind unbedruckt, so dass es f\u00fcr Sie einfacher ist, ein eigenes Logo oder Etikett f\u00fcr Ihre Kunden zu erstellen, ohne dass Sie ein Minimum ben\u00f6tigen.<\/p>\n<p><span class=\"Apple-converted-space\">\u00a0 \u00a0 Wenn Sie diese \u00d6ko-Taschen individuell gestalten wollen, ist das auch ganz einfach, einige der Taschen sind sogar mit extrem niedrigen <\/span>MOQ f\u00fcr kundenspezifische Oberfl\u00e4chen. Besonders Baumwolle oder Segeltuch Tasche ist extrem niedrig bei 100pieces oder sogar weniger zu unterst\u00fctzen Anf\u00e4nger, gehen Sie zu <a href=\"https:\/\/avecobaggie.com\/de\/custom-solutions\/\"><strong>MASSGESCHNEIDERTE L\u00d6SUNGEN<\/strong><\/a> um mehr \u00fcber individuelle Taschen zu erfahren.<\/p>\n<p>The listed jute tote bags are\u00a0 made of jute, natural vintage brown, and lined with PVC ,which is waterproof, dirt-resistant, also shedding is minimal.Reinforced side sewing, and wide bottom gusset are helpful to keep bag in elegant shape.Handle straps are filled with cotton and tightly sewed to jute tote bags, soft, heavy duty and comfortable.With in stock for 4 sizes, fast delivery.<\/p>\n<h3 class=\"p1\"><span style=\"color: #333333;\">\u00a0Product Features for the Stock jute tote bag wholesale<\/span><\/h3>\n<ul>\n<li><strong>Tasche Stil<\/strong>: jute tote bag with bottom and side gusset<\/li>\n<li><strong>Material Typ<\/strong>: Jute<\/li>\n<li><strong>Gr\u00f6\u00dfe der Tasche<\/strong>: for stock ,we have 4 sized as\u00a0 26X27X10CM| 30X39X15CM| 31X25X10CM| 39X31X15CM| 45X35X18CM<\/li>\n<li><strong>Impressum Bereich<\/strong>: blank in stock<\/li>\n<li><strong>Schlie\u00dfung<\/strong>: \u00d6ffnen Sie<\/li>\n<li><strong>Pflegehinweise<\/strong>: Hand wash recommend, <strong>machine wash not recommended.<\/strong><\/li>\n<\/ul>\n<p><span class=\"a-list-item\">Application &#8212; perfect jute gift bags with handles for wedding, bridesmaid, hotel, birthday, celebrations as giveaways, party favor bags; for women as shopping bags, for DIY ART Crafts like print crocheting writing embroidery.<\/span><\/p>","protected":false},"excerpt":{"rendered":"<p><span class=\"a-list-item\">Made of natural burlap fabric and waterproof PE film material.<\/span>The jute bag is made of high density jute and lined with waterproof PVC film, high stiffness which is not easy to shrink,Splice canvas, make diy tote bag more convenient, create your own unique gift.<\/p>","protected":false},"featured_media":7657,"comment_status":"open","ping_status":"closed","template":"","meta":{"_seopress_robots_primary_cat":"none","_seopress_titles_title":"Wholesale DIY Jute burlap bag - Free Sample -Get Quote ","_seopress_titles_desc":"Low MOQ and ready to ship help you start business right away. OEM\/ODM \u00b7 Free Sample \u00b7 Flexible Shipping Ways \u00b7 7X24hours Available","_seopress_robots_index":""},"product_brand":[],"product_cat":[104,109],"product_tag":[],"class_list":{"0":"post-7652","1":"product","2":"type-product","3":"status-publish","4":"has-post-thumbnail","6":"product_cat-jute-burlap-bag","7":"product_cat-everyday","9":"first","10":"instock","11":"taxable","12":"shipping-taxable","13":"product-type-simple"},"_links":{"self":[{"href":"https:\/\/avecobaggie.com\/de\/wp-json\/wp\/v2\/product\/7652","targetHints":{"allow":["GET"]}}],"collection":[{"href":"https:\/\/avecobaggie.com\/de\/wp-json\/wp\/v2\/product"}],"about":[{"href":"https:\/\/avecobaggie.com\/de\/wp-json\/wp\/v2\/types\/product"}],"replies":[{"embeddable":true,"href":"https:\/\/avecobaggie.com\/de\/wp-json\/wp\/v2\/comments?post=7652"}],"wp:featuredmedia":[{"embeddable":true,"href":"https:\/\/avecobaggie.com\/de\/wp-json\/wp\/v2\/media\/7657"}],"wp:attachment":[{"href":"https:\/\/avecobaggie.com\/de\/wp-json\/wp\/v2\/media?parent=7652"}],"wp:term":[{"taxonomy":"product_brand","embeddable":true,"href":"https:\/\/avecobaggie.com\/de\/wp-json\/wp\/v2\/product_brand?post=7652"},{"taxonomy":"product_cat","embeddable":true,"href":"https:\/\/avecobaggie.com\/de\/wp-json\/wp\/v2\/product_cat?post=7652"},{"taxonomy":"product_tag","embeddable":true,"href":"https:\/\/avecobaggie.com\/de\/wp-json\/wp\/v2\/product_tag?post=7652"}],"curies":[{"name":"wp","href":"https:\/\/api.w.org\/{rel}","templated":true}]}}