{"id":8982,"date":"2025-03-17T17:30:21","date_gmt":"2025-03-17T09:30:21","guid":{"rendered":"https:\/\/avecobaggie.com\/?post_type=product&#038;p=8982"},"modified":"2025-03-18T14:37:51","modified_gmt":"2025-03-18T06:37:51","slug":"jute-totes-with-woven-handle","status":"publish","type":"product","link":"https:\/\/avecobaggie.com\/de\/produkt\/jute-totes-with-woven-handle\/","title":{"rendered":"Jute-Taschen mit gewebtem Griff"},"content":{"rendered":"<h2 class=\"wp-block-heading has-text-align-center\">Product Features for Jute totes with Woven handle<\/h2>\n\n\n\n<ul class=\"wp-block-list\">\n<li>Large Size: 42\u00d730\u00d710cm. This Jute Shopping Bag is large enough to hold food vegatables, fruits, etc.<\/li>\n\n\n\n<li>High Quality &#8211; The jute tote bag is made of 100% natural jute fiber with a clear coating of PE, it&#8217;s waterproof.<\/li>\n\n\n\n<li>Professional Design &#8211; thickened canvas trim + double-stitched handles with foam inside (15kg static\/8kg dynamic load)<\/li>\n\n\n\n<li>Multiple Occasions &#8211; The jute tote bag for women brings nature, unique and chic, perfect for beach, party, shopping, camping, and dating.<\/li>\n<\/ul>\n\n\n\n<p>Easy to Customize with logo,pattern , size,a nd shape.<\/p>\n\n\n\n<h3 class=\"wp-block-heading has-text-align-center\">Kundenspezifische L\u00f6sungen<\/h3>\n\n\n\n<figure class=\"wp-block-image size-large\"><img fetchpriority=\"high\" width=\"1024\" height=\"816\" src=\"https:\/\/avecobaggie.com\/wp-content\/uploads\/2025\/03\/Handle-Style-1024x816.jpg\" alt=\"\" class=\"wp-image-8939\" srcset=\"https:\/\/avecobaggie.com\/wp-content\/uploads\/2025\/03\/Handle-Style-1024x816.jpg 1024w, https:\/\/avecobaggie.com\/wp-content\/uploads\/2025\/03\/Handle-Style-300x239.jpg 300w, https:\/\/avecobaggie.com\/wp-content\/uploads\/2025\/03\/Handle-Style-768x612.jpg 768w, https:\/\/avecobaggie.com\/wp-content\/uploads\/2025\/03\/Handle-Style-600x478.jpg 600w, https:\/\/avecobaggie.com\/wp-content\/uploads\/2025\/03\/Handle-Style.jpg 1444w\" sizes=\"(max-width: 1024px) 100vw, 1024px\" \/><\/figure>\n\n\n\n<figure class=\"wp-block-table\"><table><tbody><tr><td>Material<\/td><td>Jute, Leinen, Juteimitat<\/td><\/tr><tr><td>Farbe<\/td><td>W\u00e4hlen Sie aus unseren verf\u00fcgbaren Stoffen oder passen Sie sie durch F\u00e4rben an bestimmte Pantone-Farben an.<\/td><\/tr><tr><td>Dicke des Gewebes<\/td><td>200-450 g\/m\u00b2<\/td><\/tr><tr><td>Drucken<\/td><td>Siebdruck, Thermotransferdruck, Digitaldruck, Pr\u00e4gung<\/td><\/tr><tr><td>Handgriff Typ<\/td><td>Jute, Leinen, Baumwolle, Leder, Gurtband, Bambus<\/td><\/tr><tr><td>Zubeh\u00f6r<\/td><td>Innentasche, Au\u00dfentasche, Rei\u00dfverschluss, Druckknopf, Magnetverschluss, Klettverschluss, Kordelzug, Bodenfalte, Seitenfalte, D-Ring, Schnallen, \u00d6se, Unterteilungen, Anh\u00e4nger, Etikett<\/td><\/tr><tr><td>Verwendung<\/td><td>Einkaufen, Verschenken, Werbung, Verpacken, Strandtaschen, pers\u00f6nlicher t\u00e4glicher Transport<\/td><\/tr><tr><td rowspan=\"4\">Musterproduktion<\/td><td>Vorlaufzeit: 3-7 Tage.<\/td><\/tr><tr><td>Kosten: 30USD-80USD Variiert je nach Produktdetails.<\/td><\/tr><tr><td>Erstattungspolitik: Vollst\u00e4ndige R\u00fcckerstattung bei einer Bestellung von 1000 St\u00fcck oder mehr.<\/td><\/tr><tr><td>Standardmuster sind kostenlos. Sie m\u00fcssen nur die Versandkosten tragen.<\/td><\/tr><tr><td>Verpacken<\/td><td>PE-Beutel + Karton (anpassbar)<\/td><\/tr><tr><td>Massenproduktion<\/td><td>7-30 Tage je nach Menge<\/td><\/tr><tr><td>Sendung<\/td><td>Per Express (DHL, UPS, FedEx, TNT, EMS), per Luft, per See<\/td><\/tr><\/tbody><\/table><\/figure>","protected":false},"excerpt":{"rendered":"<p>Logo Print | Low MOQ | Eco Friendly | Water resist<\/p>","protected":false},"featured_media":8990,"comment_status":"open","ping_status":"closed","template":"","meta":{"_seopress_robots_primary_cat":"none","_seopress_titles_title":"%%post_title%% %%sep%% Get Customized Now","_seopress_titles_desc":"The jute tote bag is made of 100% natural jute fiber,Large Size: 42\u00d730\u00d710cm,Easy to Customize at low MOQ with logo,pattern , size,a nd shape.","_seopress_robots_index":""},"product_brand":[],"product_cat":[187,29],"product_tag":[],"class_list":{"0":"post-8982","1":"product","2":"type-product","3":"status-publish","4":"has-post-thumbnail","6":"product_cat-custom-jute-bag","7":"product_cat-tote-bag","9":"first","10":"instock","11":"taxable","12":"shipping-taxable","13":"product-type-simple"},"_links":{"self":[{"href":"https:\/\/avecobaggie.com\/de\/wp-json\/wp\/v2\/product\/8982","targetHints":{"allow":["GET"]}}],"collection":[{"href":"https:\/\/avecobaggie.com\/de\/wp-json\/wp\/v2\/product"}],"about":[{"href":"https:\/\/avecobaggie.com\/de\/wp-json\/wp\/v2\/types\/product"}],"replies":[{"embeddable":true,"href":"https:\/\/avecobaggie.com\/de\/wp-json\/wp\/v2\/comments?post=8982"}],"wp:featuredmedia":[{"embeddable":true,"href":"https:\/\/avecobaggie.com\/de\/wp-json\/wp\/v2\/media\/8990"}],"wp:attachment":[{"href":"https:\/\/avecobaggie.com\/de\/wp-json\/wp\/v2\/media?parent=8982"}],"wp:term":[{"taxonomy":"product_brand","embeddable":true,"href":"https:\/\/avecobaggie.com\/de\/wp-json\/wp\/v2\/product_brand?post=8982"},{"taxonomy":"product_cat","embeddable":true,"href":"https:\/\/avecobaggie.com\/de\/wp-json\/wp\/v2\/product_cat?post=8982"},{"taxonomy":"product_tag","embeddable":true,"href":"https:\/\/avecobaggie.com\/de\/wp-json\/wp\/v2\/product_tag?post=8982"}],"curies":[{"name":"wp","href":"https:\/\/api.w.org\/{rel}","templated":true}]}}