{"id":9038,"date":"2025-03-18T16:37:10","date_gmt":"2025-03-18T08:37:10","guid":{"rendered":"https:\/\/avecobaggie.com\/?post_type=product&#038;p=9038"},"modified":"2025-03-19T08:40:18","modified_gmt":"2025-03-19T00:40:18","slug":"promotional-cute-bear-jute-canvas-tote-bag","status":"publish","type":"product","link":"https:\/\/avecobaggie.com\/de\/produkt\/promotional-cute-bear-jute-canvas-tote-bag\/","title":{"rendered":"Werbeartikel Niedlicher B\u00e4r Jute Canvas Tragetasche"},"content":{"rendered":"<h2 class=\"wp-block-heading has-text-align-center\">Product Features for Promotional Cute Bear Jute Canvas Tote Bag<\/h2>\n\n\n\n<ul class=\"wp-block-list\">\n<li>This natural jute tote combines rustic charm with modern durability. Perfect for Supermarket grocery hauls, beach days, or farmers&#8217; market adventures \u2013 its spacious design and reinforced handles handle life&#8217;s hustle. <\/li>\n\n\n\n<li>The water-resistant laminated coating upgrades traditional jute into a practical fashion hero. Roomy enough for books, yoga gear, or weekend treasures (12cm depth!)<\/li>\n\n\n\n<li>From brunch dates to urban errands, this 34cm tall eco-warrior does it all! <\/li>\n\n\n\n<li>Bigger meets better! This large jute shopper (fits 3-4 reusable grocery bags!) boasts a sleek laminated finish that shrugs off spills. The 32cm wide base stays sturdy whether you&#8217;re carrying fresh produce or library finds.<\/li>\n<\/ul>\n\n\n\n<p><\/p>\n\n\n\n<h3 class=\"wp-block-heading has-text-align-center\">Kundenspezifische L\u00f6sungen<\/h3>\n\n\n\n<figure class=\"wp-block-image size-large\"><img fetchpriority=\"high\" width=\"1024\" height=\"816\" src=\"https:\/\/avecobaggie.com\/wp-content\/uploads\/2025\/03\/Handle-Style-1024x816.jpg\" alt=\"Handle style and accessories for customizing the jute bag\" class=\"wp-image-8939\" srcset=\"https:\/\/avecobaggie.com\/wp-content\/uploads\/2025\/03\/Handle-Style-1024x816.jpg 1024w, https:\/\/avecobaggie.com\/wp-content\/uploads\/2025\/03\/Handle-Style-300x239.jpg 300w, https:\/\/avecobaggie.com\/wp-content\/uploads\/2025\/03\/Handle-Style-768x612.jpg 768w, https:\/\/avecobaggie.com\/wp-content\/uploads\/2025\/03\/Handle-Style-600x478.jpg 600w, https:\/\/avecobaggie.com\/wp-content\/uploads\/2025\/03\/Handle-Style.jpg 1444w\" sizes=\"(max-width: 1024px) 100vw, 1024px\" \/><\/figure>\n\n\n\n<figure class=\"wp-block-table\"><table><tbody><tr><td>Material<\/td><td>7-30 days depending on quantity<\/td><\/tr><tr><td>Farbe<\/td><td>W\u00e4hlen Sie aus unseren verf\u00fcgbaren Stoffen oder passen Sie sie durch F\u00e4rben an bestimmte Pantone-Farben an.<\/td><\/tr><tr><td>Dicke des Gewebes<\/td><td>200-450 g\/m\u00b2<\/td><\/tr><tr><td>Drucken<\/td><td>Siebdruck, Thermotransferdruck, Digitaldruck, Pr\u00e4gung<\/td><\/tr><tr><td>Handgriff Typ<\/td><td>Jute, Leinen, Baumwolle, Leder, Gurtband, Bambus<\/td><\/tr><tr><td>Zubeh\u00f6r<\/td><td>Innentasche, Au\u00dfentasche, Rei\u00dfverschluss, Druckknopf, Magnetverschluss, Klettverschluss, Kordelzug, Bodenfalte, Seitenfalte, D-Ring, Schnallen, \u00d6se, Unterteilungen, Anh\u00e4nger, Etikett<\/td><\/tr><tr><td>Verwendung<\/td><td>Einkaufen, Verschenken, Werbung, Verpacken, Strandtaschen, pers\u00f6nlicher t\u00e4glicher Transport<\/td><\/tr><tr><td rowspan=\"4\">Musterproduktion<\/td><td>Vorlaufzeit: 3-7 Tage.<\/td><\/tr><tr><td>Kosten: 30USD-80USD Variiert je nach Produktdetails.<\/td><\/tr><tr><td>Erstattungspolitik: Vollst\u00e4ndige R\u00fcckerstattung bei einer Bestellung von 1000 St\u00fcck oder mehr.<\/td><\/tr><tr><td>Standardmuster sind kostenlos. Sie m\u00fcssen nur die Versandkosten tragen.<\/td><\/tr><tr><td>Verpacken<\/td><td>PE-Beutel + Karton (anpassbar)<\/td><\/tr><tr><td>Massenproduktion<\/td><td>7-30 days depending on the quantity<\/td><\/tr><tr><td>Sendung<\/td><td>By Express (DHL, UPS, FedEx, TNT, EMS), By Air, By Sea, DDP to Door service<\/td><\/tr><\/tbody><\/table><\/figure>","protected":false},"excerpt":{"rendered":"<p>Print on Demand\u00a0 | Low MOQ | Natural and Eco Friendly\u00a0<\/p>","protected":false},"featured_media":9039,"comment_status":"open","ping_status":"closed","template":"","meta":{"_seopress_robots_primary_cat":"none","_seopress_titles_title":"%%post_title%% %%sep%% Get Customized Now","_seopress_titles_desc":"The jute tote bag is made of jute fiber and bleached canvas in front ,Large Size,Easy to Customize with brand Logo such as supermarket","_seopress_robots_index":""},"product_brand":[],"product_cat":[187,29],"product_tag":[],"class_list":{"0":"post-9038","1":"product","2":"type-product","3":"status-publish","4":"has-post-thumbnail","6":"product_cat-custom-jute-bag","7":"product_cat-tote-bag","9":"first","10":"instock","11":"taxable","12":"shipping-taxable","13":"product-type-simple"},"_links":{"self":[{"href":"https:\/\/avecobaggie.com\/de\/wp-json\/wp\/v2\/product\/9038","targetHints":{"allow":["GET"]}}],"collection":[{"href":"https:\/\/avecobaggie.com\/de\/wp-json\/wp\/v2\/product"}],"about":[{"href":"https:\/\/avecobaggie.com\/de\/wp-json\/wp\/v2\/types\/product"}],"replies":[{"embeddable":true,"href":"https:\/\/avecobaggie.com\/de\/wp-json\/wp\/v2\/comments?post=9038"}],"wp:featuredmedia":[{"embeddable":true,"href":"https:\/\/avecobaggie.com\/de\/wp-json\/wp\/v2\/media\/9039"}],"wp:attachment":[{"href":"https:\/\/avecobaggie.com\/de\/wp-json\/wp\/v2\/media?parent=9038"}],"wp:term":[{"taxonomy":"product_brand","embeddable":true,"href":"https:\/\/avecobaggie.com\/de\/wp-json\/wp\/v2\/product_brand?post=9038"},{"taxonomy":"product_cat","embeddable":true,"href":"https:\/\/avecobaggie.com\/de\/wp-json\/wp\/v2\/product_cat?post=9038"},{"taxonomy":"product_tag","embeddable":true,"href":"https:\/\/avecobaggie.com\/de\/wp-json\/wp\/v2\/product_tag?post=9038"}],"curies":[{"name":"wp","href":"https:\/\/api.w.org\/{rel}","templated":true}]}}