{"id":9134,"date":"2025-03-21T13:37:03","date_gmt":"2025-03-21T05:37:03","guid":{"rendered":"https:\/\/avecobaggie.com\/?post_type=product&#038;p=9134"},"modified":"2025-03-21T19:51:13","modified_gmt":"2025-03-21T11:51:13","slug":"insulated-tyvek-lunch-tote-thermal-lining-custom-print","status":"publish","type":"product","link":"https:\/\/avecobaggie.com\/de\/produkt\/insulated-tyvek-lunch-tote-thermal-lining-custom-print\/","title":{"rendered":"Individuell bedruckte isolierte Tyvek\u00ae Lunch Bag"},"content":{"rendered":"<h2 class=\"wp-block-heading has-text-align-center\">Produktmerkmale f\u00fcr Isolierte Tyvek\u00ae Lunch Tote | Thermofutter &amp; individueller Druck<\/h2>\n\n\n\n<p><strong>1. Halten Sie Mahlzeiten frisch und umweltfreundlich:<\/strong><br>Diese <strong>Tyvek\u00ae Isolierte Lunch-Tasche<\/strong> ist konzipiert f\u00fcr <strong>Lebensmittel frisch halten<\/strong> und bietet gleichzeitig eine <strong>nachhaltige Alternative<\/strong> zu Einwegt\u00fcten. Ausgestattet mit einem <strong>innere Aluminiumfolienschicht<\/strong>bietet es ausgezeichnete <strong>Isolierung<\/strong>und damit perfekt f\u00fcr <strong>Schule, Arbeit oder Picknick<\/strong>.<\/p>\n\n\n\n<p><strong>2. Faltbares &amp; tragbares Design:<\/strong><br>Mit Abmessungen von <strong>34x40x11cm<\/strong>ist diese Brotzeittasche <strong>ger\u00e4umig genug f\u00fcr Mahlzeiten und Snacks<\/strong> dennoch <strong>kompakt zusammengeklappt<\/strong>. Seine <strong>leichtes und tragbares Design<\/strong> Es ist leicht zu transportieren und zu verstauen, ideal f\u00fcr <strong>t\u00e4glicher Gebrauch oder auf Reisen<\/strong>.<\/p>\n\n\n\n<p><strong>3. Sicherer und bequemer Verschluss:<\/strong><br>Die <strong>Kordelzugverschluss mit Knopf<\/strong> gew\u00e4hrleistet <strong>leichter Zugang<\/strong> unter Beibehaltung des Inhalts <strong>sicher und gesch\u00fctzt<\/strong>. Dieses durchdachte Designmerkmal tr\u00e4gt dazu bei <strong>Funktionalit\u00e4t und Einfachheit<\/strong> zur allgemeinen Attraktivit\u00e4t der Tasche bei.<\/p>\n\n\n\n<p><strong>4. Hochwertige Konstruktionsdetails:<\/strong><\/p>\n\n\n\n<ul class=\"wp-block-list\">\n<li><strong>Tyvek\u00ae Werkstoff:<\/strong>\u00a0Bekannt f\u00fcr seine\u00a0<strong>Haltbarkeit, Wasserbest\u00e4ndigkeit und umweltfreundliche Eigenschaften<\/strong>Tyvek\u00ae ist ein\u00a0<strong>recycelbares, ungiftiges Material<\/strong>\u00a0das perfekt f\u00fcr wiederverwendbare Produkte ist.<\/li>\n\n\n\n<li><strong>Isolierung mit Aluminiumfolie:<\/strong>\u00a0Die\u00a0<strong>innere Aluminiumschicht<\/strong>\u00a0hilft\u00a0<strong>Aufrechterhaltung der Lebensmitteltemperatur<\/strong>So bleibt das Mittagessen frisch und appetitlich.<\/li>\n\n\n\n<li><strong>Wiederverwendbar und waschbar:<\/strong>\u00a0Diese Tasche ist\u00a0<strong>leicht zu reinigen und zu pflegen<\/strong>und stellt sicher, dass sie\u00a0<strong>mehrfach verwendet<\/strong>\u00a0ohne seine Funktionalit\u00e4t oder Attraktivit\u00e4t zu verlieren.<\/li>\n<\/ul>\n\n\n\n<p><strong>5. Perfekt f\u00fcr umweltbewusste Marken:<\/strong><br>Diese Brotzeittasche ist ein <strong>vielseitige L\u00f6sung<\/strong> f\u00fcr:<\/p>\n\n\n\n<ul class=\"wp-block-list\">\n<li><strong>Schulen:<\/strong>\u00a0A\u00a0<strong>nachhaltig und funktionell<\/strong>\u00a0Option f\u00fcr Sch\u00fcler und Eltern.<\/li>\n\n\n\n<li><strong>Arbeitsstellen:<\/strong>\u00a0A\u00a0<strong>stilvoll und praktisch<\/strong>\u00a0Wahl f\u00fcr Mitarbeiter, die ihr Mittagessen mit ins B\u00fcro bringen.<\/li>\n\n\n\n<li><strong>Picknicks und Aktivit\u00e4ten im Freien:<\/strong>\u00a0A\u00a0<strong>tragbar und umweltfreundlich<\/strong>\u00a0Begleiter f\u00fcr Mahlzeiten zwischendurch.<\/li>\n\n\n\n<li><strong>Einzelh\u00e4ndler:<\/strong>\u00a0A\u00a0<strong>anpassbares Produkt<\/strong>\u00a0f\u00fcr umweltbewusste Geschenkel\u00e4den oder Werbekampagnen.<\/li>\n<\/ul>\n\n\n\n<p><strong>6. Anpassbar f\u00fcr Ihre Marke:<\/strong><br>Die schlanke <strong>Tyvek\u00ae Oberfl\u00e4che<\/strong> ist <strong>perfekt f\u00fcr Branding<\/strong> und Personalisierung, einschlie\u00dflich:<\/p>\n\n\n\n<ul class=\"wp-block-list\">\n<li><strong>Logos:<\/strong>\u00a0F\u00fcgen Sie Ihr\u00a0<strong>Logo oder Slogan<\/strong>\u00a0um Ihre Marke zu f\u00f6rdern.<\/li>\n\n\n\n<li><strong>Entw\u00fcrfe:<\/strong>\u00a0Merkmal\u00a0<strong>Muster, Farben oder Slogans<\/strong>\u00a0um Ihre Zielgruppe anzusprechen.<\/li>\n\n\n\n<li><strong>Minimalistische \u00c4sthetik:<\/strong>\u00a0Halten Sie es sauber und einfach mit\u00a0<strong>neutrale T\u00f6ne oder monochrome Designs<\/strong>.<\/li>\n<\/ul>\n\n\n\n<p><strong>7. Umweltfreundlich und nachhaltig:<\/strong><br>Hergestellt aus <strong>Tyvek\u00ae, ein recycelbares und ungiftiges Material<\/strong>Diese Lunchbag entspricht der wachsenden Nachfrage nach <strong>nachhaltige, wiederverwendbare Alternativen<\/strong> zu Einweg-Plastik.<\/p>\n\n\n\n<p><strong>8. Appell an umweltbewusste K\u00e4ufer:<\/strong><br>Diese Brotzeittasche ist ein <strong>vielseitige L\u00f6sung<\/strong> f\u00fcr:<\/p>\n\n\n\n<ul class=\"wp-block-list\">\n<li><strong>Einzelh\u00e4ndler:<\/strong>\u00a0A\u00a0<strong>verkaufsfertiges Produkt<\/strong>\u00a0f\u00fcr umweltfreundliche Marken, Geschenkel\u00e4den oder Lifestyle-L\u00e4den.<\/li>\n\n\n\n<li><strong>Die Verbraucher:<\/strong>\u00a0A\u00a0<strong>stilvoll und praktisch<\/strong>\u00a0Begleiter f\u00fcr das t\u00e4gliche Mittagessen.<\/li>\n\n\n\n<li><strong>Veranstaltungsplaner:<\/strong>\u00a0A\u00a0<strong>anpassbares Werbegeschenk<\/strong>\u00a0f\u00fcr umweltbewusste Veranstaltungen oder Werbekampagnen.<\/li>\n<\/ul>\n\n\n\n<p><\/p>\n\n\n\n<hr class=\"wp-block-separator has-alpha-channel-opacity\"\/>\n\n\n\n<h4 class=\"wp-block-heading has-text-align-center\"><strong><a href=\"https:\/\/avecobaggie.com\/de\/custom-tyvek-bag-manufacturer\/\" data-type=\"page\" data-id=\"8777\">Anpassungsoptionen:<\/a><\/strong><\/h4>\n\n\n\n<p>W\u00e4hrend diese <strong>Tyvek\u00ae Isolierte Lunch-Tasche<\/strong> ist eine <strong>gebrauchsfertige L\u00f6sung<\/strong>Wir sind spezialisiert auf <strong>Sonderanfertigungen<\/strong> zugeschnitten auf Ihre Bed\u00fcrfnisse. Ob es um <strong>\u00c4nderung von Materialien, Anpassung von Gr\u00f6\u00dfen oder Hinzuf\u00fcgen einzigartiger Merkmale<\/strong>k\u00f6nnen wir Produkte schaffen, die <strong>Ihre Vision perfekt repr\u00e4sentieren<\/strong>.<\/p>\n\n\n\n<p><strong>Kontaktieren Sie uns heute<\/strong> um herauszufinden, wie wir Ihnen bei der Gestaltung <strong>umweltfreundliche, funktionelle Lunchpakete<\/strong> die Ihr Angebot erweitern und Ihre Kunden begeistern.<\/p>\n\n\n\n<figure class=\"wp-block-image size-large\"><img fetchpriority=\"high\" width=\"1024\" height=\"752\" src=\"https:\/\/avecobaggie.com\/wp-content\/uploads\/2025\/03\/Handling-process-selection-3-1024x752.jpg\" alt=\"Zubeh\u00f6r f\u00fcr Tyvekbeutel\" class=\"wp-image-9131\" srcset=\"https:\/\/avecobaggie.com\/wp-content\/uploads\/2025\/03\/Handling-process-selection-3-1024x752.jpg 1024w, https:\/\/avecobaggie.com\/wp-content\/uploads\/2025\/03\/Handling-process-selection-3-300x220.jpg 300w, https:\/\/avecobaggie.com\/wp-content\/uploads\/2025\/03\/Handling-process-selection-3-768x564.jpg 768w, https:\/\/avecobaggie.com\/wp-content\/uploads\/2025\/03\/Handling-process-selection-3-600x441.jpg 600w, https:\/\/avecobaggie.com\/wp-content\/uploads\/2025\/03\/Handling-process-selection-3.jpg 1140w\" sizes=\"(max-width: 1024px) 100vw, 1024px\" \/><\/figure>\n\n\n\n<figure class=\"wp-block-image size-large\"><img width=\"929\" height=\"1024\" src=\"https:\/\/avecobaggie.com\/wp-content\/uploads\/2025\/03\/Handling-process-selection-4-929x1024.jpg\" alt=\"Verschiedene Griffe zur individuellen Gestaltung der Tyvek-Tasche\" class=\"wp-image-9132\" srcset=\"https:\/\/avecobaggie.com\/wp-content\/uploads\/2025\/03\/Handling-process-selection-4-929x1024.jpg 929w, https:\/\/avecobaggie.com\/wp-content\/uploads\/2025\/03\/Handling-process-selection-4-272x300.jpg 272w, https:\/\/avecobaggie.com\/wp-content\/uploads\/2025\/03\/Handling-process-selection-4-768x846.jpg 768w, https:\/\/avecobaggie.com\/wp-content\/uploads\/2025\/03\/Handling-process-selection-4-600x661.jpg 600w, https:\/\/avecobaggie.com\/wp-content\/uploads\/2025\/03\/Handling-process-selection-4.jpg 1140w\" sizes=\"(max-width: 929px) 100vw, 929px\" \/><\/figure>\n\n\n\n<figure class=\"wp-block-table\"><table><tbody><tr><td>Material<\/td><td>DuPont Tyvek-Papier<\/td><\/tr><tr><td>Farbe<\/td><td>W\u00e4hlen Sie aus unseren verf\u00fcgbaren Stoffen oder passen Sie sie durch F\u00e4rben an bestimmte Pantone-Farben an.<\/td><\/tr><tr><td>Dicke des Gewebes<\/td><td>35-105 g\/m\u00b2<\/td><\/tr><tr><td>Gr\u00f6\u00dfe<\/td><td>Anpassbar<\/td><\/tr><tr><td>Drucken<\/td><td>Digitaldruck, Siebdruck, Thermotransferdruck, Flexodruck<\/td><\/tr><tr><td>Handgriff Typ<\/td><td>Tyvek, Leder, Baumwolle, Nylon<\/td><\/tr><tr><td>Zubeh\u00f6r<\/td><td>Innentasche, Au\u00dfentasche, Rei\u00dfverschluss, Druckknopf, Magnetverschluss, Klettverschluss, Kordelzug, Bodenfalte, Seitenfalte, D-Ring, Schnallen, \u00d6se, Unterteilungen, Anh\u00e4nger, Etikett<\/td><\/tr><tr><td>Eigenschaften<\/td><td>Leicht und dennoch langlebig, wasserfest, rei\u00dffest, atmungsaktiv, umweltfreundlich und recycelbar, einzigartige Textur und Optik, leicht anpassbar<\/td><\/tr><tr><td>Verwendung<\/td><td>Werbeveranstaltungen, Shopping, Reisen, Konferenzen, Ausstellungen, Strandausfl\u00fcge, Picknicks, t\u00e4glicher Gebrauch<\/td><\/tr><tr><td>Qualit\u00e4t<\/td><td>Hochwertige Materialien und erstklassige Handwerkskunst garantiert<\/td><\/tr><tr><td>OEM\/ODM<\/td><td>Annehmbar<\/td><\/tr><tr><td rowspan=\"4\">Musterproduktion<\/td><td>Vorlaufzeit: 3-7 Tage.<\/td><\/tr><tr><td>Kosten: 30USD-80USD Variiert je nach Produktdetails.<\/td><\/tr><tr><td>Erstattungspolitik: Vollst\u00e4ndig erstattungsf\u00e4hig bei einer Bestellung von 1000 St\u00fcck oder mehr.<\/td><\/tr><tr><td>Standardmuster sind kostenlos. Sie m\u00fcssen nur die Versandkosten tragen.<\/td><\/tr><tr><td>Verpacken<\/td><td>PE-Beutel + Karton (anpassbar)<\/td><\/tr><tr><td>Massenproduktion<\/td><td>7-30 Tage je nach Menge<\/td><\/tr><tr><td>Sendung<\/td><td>Per Express (DHL, UPS, FedEx, TNT, EMS), per Luft, per See<\/td><\/tr><\/tbody><\/table><\/figure>","protected":false},"excerpt":{"rendered":"<p>Dupont\u2122 Tyvek\u00ae | 5-Stunden-W\u00e4rmer\u00fcckhaltung | Faltbarer Verschluss<\/p>","protected":false},"featured_media":9164,"comment_status":"open","ping_status":"closed","template":"","meta":{"_seopress_robots_primary_cat":"none","_seopress_titles_title":"%%post_title%% %%sep%% Get Customized Now","_seopress_titles_desc":"Insulated lunch tote \u2013 34x40x11cm, Dupont\u2122 Tyvek\u00ae, 5-hour heat retention, bulk orders,Customize Now","_seopress_robots_index":""},"product_brand":[185],"product_cat":[189],"product_tag":[136],"class_list":{"0":"post-9134","1":"product","2":"type-product","3":"status-publish","4":"has-post-thumbnail","6":"product_brand-avecobaggie","7":"product_cat-custom-tyvek-bag","8":"product_tag-dupont-bag","10":"first","11":"instock","12":"taxable","13":"shipping-taxable","14":"product-type-simple"},"_links":{"self":[{"href":"https:\/\/avecobaggie.com\/de\/wp-json\/wp\/v2\/product\/9134","targetHints":{"allow":["GET"]}}],"collection":[{"href":"https:\/\/avecobaggie.com\/de\/wp-json\/wp\/v2\/product"}],"about":[{"href":"https:\/\/avecobaggie.com\/de\/wp-json\/wp\/v2\/types\/product"}],"replies":[{"embeddable":true,"href":"https:\/\/avecobaggie.com\/de\/wp-json\/wp\/v2\/comments?post=9134"}],"wp:featuredmedia":[{"embeddable":true,"href":"https:\/\/avecobaggie.com\/de\/wp-json\/wp\/v2\/media\/9164"}],"wp:attachment":[{"href":"https:\/\/avecobaggie.com\/de\/wp-json\/wp\/v2\/media?parent=9134"}],"wp:term":[{"taxonomy":"product_brand","embeddable":true,"href":"https:\/\/avecobaggie.com\/de\/wp-json\/wp\/v2\/product_brand?post=9134"},{"taxonomy":"product_cat","embeddable":true,"href":"https:\/\/avecobaggie.com\/de\/wp-json\/wp\/v2\/product_cat?post=9134"},{"taxonomy":"product_tag","embeddable":true,"href":"https:\/\/avecobaggie.com\/de\/wp-json\/wp\/v2\/product_tag?post=9134"}],"curies":[{"name":"wp","href":"https:\/\/api.w.org\/{rel}","templated":true}]}}