{"id":9158,"date":"2025-03-21T14:47:13","date_gmt":"2025-03-21T06:47:13","guid":{"rendered":"https:\/\/avecobaggie.com\/?post_type=product&#038;p=9158"},"modified":"2025-03-21T17:16:33","modified_gmt":"2025-03-21T09:16:33","slug":"casual-jute-tote-with-multi-pockets","status":"publish","type":"product","link":"https:\/\/avecobaggie.com\/de\/produkt\/casual-jute-tote-with-multi-pockets\/","title":{"rendered":"L\u00e4ssige Jute-Tasche mit mehreren Taschen"},"content":{"rendered":"<h2 class=\"wp-block-heading has-text-align-center\">Produktmerkmale f\u00fcr L\u00e4ssige Jute-Tasche mit mehreren F\u00e4chern<\/h2>\n\n\n\n<p><strong>1. Alltagstauglichkeit trifft auf Stil:<\/strong><br>Diese <strong>Tragetasche aus synthetischer Jute<\/strong> ist konzipiert f\u00fcr <strong>t\u00e4gliche Nutzung<\/strong>und kombiniert <strong>nat\u00fcrliches Jutematerial<\/strong> mit einer <strong>10cm Leinwandbasis<\/strong> und <strong>verl\u00e4ngerte Ledergriffe<\/strong>. Seine <strong>l\u00e4ssig-schickes Design<\/strong> macht es perfekt f\u00fcr <strong>Einkaufen, Reisen oder Arbeit<\/strong>und bietet sowohl <strong>\u00e4sthetischer Anklang<\/strong> und <strong>Praktikabilit\u00e4t<\/strong>.<\/p>\n\n\n\n<p><strong>2. Ger\u00e4umiges und organisiertes Interieur:<\/strong><br>Mit Abmessungen von <strong>33x39x15cm<\/strong>ist diese Tasche <strong>ideal f\u00fcr den Transport des t\u00e4glichen Bedarfs<\/strong>. Seine <strong>zwei gro\u00dfe Taschen<\/strong> bieten reichlich Platz f\u00fcr <strong>Wasserflaschen, B\u00fccher oder Lebensmittel<\/strong>, w\u00e4hrend ein <strong>kleine Seitentasche<\/strong> h\u00e4lt <strong>Schl\u00fcssel, Karten oder kleine Accessoires<\/strong> organisiert.<\/p>\n\n\n\n<p><strong>3. Hochwertige Konstruktionsdetails:<\/strong><\/p>\n\n\n\n<ul class=\"wp-block-list\">\n<li><strong>Jute &amp; Segeltuch Basis:<\/strong>\u00a0Die\u00a0<strong>K\u00f6rper aus synthetischer Jute<\/strong>\u00a0bietet eine\u00a0<strong>nat\u00fcrliche, umweltfreundliche \u00c4sthetik<\/strong>, w\u00e4hrend die\u00a0<strong>Zeltboden<\/strong>\u00a0gew\u00e4hrleistet\u00a0<strong>Robustheit und Langlebigkeit<\/strong>.<\/li>\n\n\n\n<li><strong>Erweiterte Griffe aus Leder:<\/strong>\u00a0Die\u00a0<strong>Lederriemen<\/strong>\u00a0sind\u00a0<strong>bequem zu tragen<\/strong>\u00a0und heben den Wert der Tasche\u00a0<strong>l\u00e4ssiger und doch hochwertiger Look<\/strong>.<\/li>\n\n\n\n<li><strong>Gro\u00dfz\u00fcgige Kapazit\u00e4t:<\/strong>\u00a0Der ger\u00e4umige Innenraum ist perfekt f\u00fcr\u00a0<strong>t\u00e4gliche Anwendung<\/strong>und beherbergt alles von\u00a0<strong>Laptops zum Einkaufen<\/strong>.<\/li>\n<\/ul>\n\n\n\n<p><strong>4. Perfekt f\u00fcr umweltbewusste Eink\u00e4ufer:<\/strong><br>Diese Tragetasche ist ein <strong>vielseitige L\u00f6sung<\/strong> f\u00fcr:<\/p>\n\n\n\n<ul class=\"wp-block-list\">\n<li><strong>Lebensmitteleinkauf:<\/strong>\u00a0A\u00a0<strong>wiederverwendbare und stilvolle Alternative<\/strong>\u00a0zu Einweg-Plastikt\u00fcten.<\/li>\n\n\n\n<li><strong>Arbeit oder Schule:<\/strong>\u00a0A\u00a0<strong>funktionelle Tasche<\/strong>\u00a0f\u00fcr den Transport von Laptops, Notebooks und Lunchboxen.<\/li>\n\n\n\n<li><strong>Wochenendausfl\u00fcge:<\/strong>\u00a0A\u00a0<strong>l\u00e4ssiges Accessoire<\/strong>\u00a0f\u00fcr Ausfl\u00fcge in den Park, zum Strand oder zum Markt.<\/li>\n<\/ul>\n\n\n\n<p><strong>5. Anpassbar f\u00fcr Ihre Marke:<\/strong><br>Die <strong>Juteoberfl\u00e4che<\/strong> ist <strong>druckfertig<\/strong>und erm\u00f6glicht es <strong>Personalisierung<\/strong> wie zum Beispiel:<\/p>\n\n\n\n<ul class=\"wp-block-list\">\n<li><strong>Markenlogos:<\/strong>\u00a0F\u00fcgen Sie Ihr\u00a0<strong>Logo oder Slogan<\/strong>\u00a0f\u00fcr Werbezwecke.<\/li>\n\n\n\n<li><strong>Einzigartige Designs:<\/strong>\u00a0Merkmal\u00a0<strong>Muster, Zitate oder kulturelle Symbole<\/strong>\u00a0um bestimmte M\u00e4rkte anzusprechen.<\/li>\n\n\n\n<li><strong>Minimalistische \u00c4sthetik:<\/strong>\u00a0Einfach halten mit\u00a0<strong>neutrale T\u00f6ne oder monochrome Designs<\/strong>.<\/li>\n<\/ul>\n\n\n\n<p><strong>6. Umweltfreundlich &amp; wiederverwendbar:<\/strong><br>Hergestellt aus <strong>synthetische Jute<\/strong>ist diese Tasche <strong>langlebig, wiederverwendbar und umweltfreundlich<\/strong>und entspricht damit der wachsenden Nachfrage nach <strong>nachhaltige Alternativen zu Einwegt\u00fcten<\/strong>.<\/p>\n\n\n\n<p><strong>7. Ansprache von Einzelh\u00e4ndlern und Verbrauchern:<\/strong><br>Diese Tragetasche ist ein <strong>vielseitige L\u00f6sung<\/strong> f\u00fcr:<\/p>\n\n\n\n<ul class=\"wp-block-list\">\n<li><strong>Einzelh\u00e4ndler:<\/strong>\u00a0A\u00a0<strong>verkaufsfertiges Produkt<\/strong>\u00a0f\u00fcr umweltfreundliche Marken, Geschenkel\u00e4den oder Lifestyle-L\u00e4den.<\/li>\n\n\n\n<li><strong>Die Verbraucher:<\/strong>\u00a0A\u00a0<strong>modische und praktische Tasche<\/strong>\u00a0f\u00fcr den t\u00e4glichen Gebrauch oder besondere Anl\u00e4sse.<\/li>\n\n\n\n<li><strong>Veranstaltungsplaner:<\/strong>\u00a0A\u00a0<strong>anpassbares Werbegeschenk<\/strong>\u00a0f\u00fcr umweltbewusste Veranstaltungen oder Werbekampagnen.<\/li>\n<\/ul>\n\n\n\n<p><\/p>\n\n\n\n<hr class=\"wp-block-separator has-alpha-channel-opacity\"\/>\n\n\n\n<h4 class=\"wp-block-heading has-text-align-center\"><strong>Anpassungsoptionen:<\/strong><\/h4>\n\n\n\n<p>W\u00e4hrend diese <strong>L\u00e4ssige Jute-Tasche mit Taschen<\/strong> ist eine <strong>gebrauchsfertige L\u00f6sung<\/strong>Wir sind spezialisiert auf <strong>Sonderanfertigungen<\/strong> zugeschnitten auf Ihre Bed\u00fcrfnisse. Ob es um <strong>\u00c4nderung von Materialien, Anpassung von Gr\u00f6\u00dfen oder Hinzuf\u00fcgen einzigartiger Merkmale<\/strong>k\u00f6nnen wir Produkte schaffen, die <strong>Ihre Vision perfekt repr\u00e4sentieren<\/strong>.<\/p>\n\n\n\n<p><strong>Kontaktieren Sie uns heute<\/strong> um herauszufinden, wie wir Ihnen bei der Gestaltung <strong>umweltfreundliche, funktionelle Tragetaschen<\/strong> die Ihr Angebot erweitern und Ihre Kunden begeistern.<\/p>\n\n\n\n<figure class=\"wp-block-image size-large\"><img fetchpriority=\"high\" width=\"1024\" height=\"926\" src=\"https:\/\/avecobaggie.com\/wp-content\/uploads\/2025\/03\/002-1024x926.jpg\" alt=\"Henkel Stil und Zubeh\u00f6r f\u00fcr Jute Tasche Anpassung\" class=\"wp-image-9083\" srcset=\"https:\/\/avecobaggie.com\/wp-content\/uploads\/2025\/03\/002-1024x926.jpg 1024w, https:\/\/avecobaggie.com\/wp-content\/uploads\/2025\/03\/002-300x271.jpg 300w, https:\/\/avecobaggie.com\/wp-content\/uploads\/2025\/03\/002-768x694.jpg 768w, https:\/\/avecobaggie.com\/wp-content\/uploads\/2025\/03\/002-600x542.jpg 600w, https:\/\/avecobaggie.com\/wp-content\/uploads\/2025\/03\/002-1536x1388.jpg 1536w, https:\/\/avecobaggie.com\/wp-content\/uploads\/2025\/03\/002.jpg 1778w\" sizes=\"(max-width: 1024px) 100vw, 1024px\" \/><\/figure>\n\n\n\n<figure class=\"wp-block-table\"><table><tbody><tr><td>Material<\/td><td>Jute, Leinen, Juteimitat<\/td><\/tr><tr><td>Farbe<\/td><td>W\u00e4hlen Sie aus unseren verf\u00fcgbaren Stoffen oder passen Sie sie durch F\u00e4rben an bestimmte Pantone-Farben an.<\/td><\/tr><tr><td>Dicke des Gewebes<\/td><td>200-450 g\/m\u00b2<\/td><\/tr><tr><td>Drucken<\/td><td>Siebdruck, Thermotransferdruck, Digitaldruck, Pr\u00e4gung<\/td><\/tr><tr><td>Handgriff Typ<\/td><td>Jute, Leinen, Baumwolle, Leder, Gurtband, Bambus<\/td><\/tr><tr><td>Zubeh\u00f6r<\/td><td>Innentasche, Au\u00dfentasche, Rei\u00dfverschluss, Druckknopf, Magnetverschluss, Klettverschluss, Kordelzug, Bodenfalte, Seitenfalte, D-Ring, Schnallen, \u00d6se, Unterteilungen, Anh\u00e4nger, Etikett<\/td><\/tr><tr><td>Verwendung<\/td><td>Einkaufen, Verschenken, Werbung, Verpacken, Strandtaschen, pers\u00f6nlicher t\u00e4glicher Transport<\/td><\/tr><tr><td rowspan=\"4\">Musterproduktion<\/td><td>Vorlaufzeit: 3-7 Tage.<\/td><\/tr><tr><td>Kosten: 30USD-80USD Variiert je nach Produktdetails.<\/td><\/tr><tr><td>Erstattungspolitik: Vollst\u00e4ndige R\u00fcckerstattung bei einer Bestellung von 1000 St\u00fcck oder mehr.<\/td><\/tr><tr><td>Standardmuster sind kostenlos. Sie m\u00fcssen nur die Versandkosten tragen.<\/td><\/tr><tr><td>Verpacken<\/td><td>PE-Beutel + Karton (anpassbar)<\/td><\/tr><tr><td>Massenproduktion<\/td><td>7-30 Tage je nach Menge<\/td><\/tr><tr><td>Sendung<\/td><td>Per Express (DHL, UPS, FedEx, TNT, EMS), per Luft, per See<\/td><\/tr><\/tbody><\/table><\/figure>\n\n\n\n<p><\/p>","protected":false},"excerpt":{"rendered":"<p>Jute &amp; Leinenmischung | Weinaufbewahrungstasche | Verst\u00e4rkte Riemen<\/p>","protected":false},"featured_media":9159,"comment_status":"open","ping_status":"closed","template":"","meta":{"_seopress_robots_primary_cat":"none","_seopress_titles_title":"%%post_title%% %%sep%% Get Customized Now","_seopress_titles_desc":"Casual Jute Tote with Pockets\u2014eco-friendly, stylish, and perfect for everyday use. Customizable for your brand.","_seopress_robots_index":""},"product_brand":[185],"product_cat":[187,29,104],"product_tag":[119],"class_list":{"0":"post-9158","1":"product","2":"type-product","3":"status-publish","4":"has-post-thumbnail","6":"product_brand-avecobaggie","7":"product_cat-custom-jute-bag","8":"product_cat-tote-bag","9":"product_cat-jute-burlap-bag","10":"product_tag-jute-bag","12":"first","13":"instock","14":"taxable","15":"shipping-taxable","16":"product-type-simple"},"_links":{"self":[{"href":"https:\/\/avecobaggie.com\/de\/wp-json\/wp\/v2\/product\/9158","targetHints":{"allow":["GET"]}}],"collection":[{"href":"https:\/\/avecobaggie.com\/de\/wp-json\/wp\/v2\/product"}],"about":[{"href":"https:\/\/avecobaggie.com\/de\/wp-json\/wp\/v2\/types\/product"}],"replies":[{"embeddable":true,"href":"https:\/\/avecobaggie.com\/de\/wp-json\/wp\/v2\/comments?post=9158"}],"wp:featuredmedia":[{"embeddable":true,"href":"https:\/\/avecobaggie.com\/de\/wp-json\/wp\/v2\/media\/9159"}],"wp:attachment":[{"href":"https:\/\/avecobaggie.com\/de\/wp-json\/wp\/v2\/media?parent=9158"}],"wp:term":[{"taxonomy":"product_brand","embeddable":true,"href":"https:\/\/avecobaggie.com\/de\/wp-json\/wp\/v2\/product_brand?post=9158"},{"taxonomy":"product_cat","embeddable":true,"href":"https:\/\/avecobaggie.com\/de\/wp-json\/wp\/v2\/product_cat?post=9158"},{"taxonomy":"product_tag","embeddable":true,"href":"https:\/\/avecobaggie.com\/de\/wp-json\/wp\/v2\/product_tag?post=9158"}],"curies":[{"name":"wp","href":"https:\/\/api.w.org\/{rel}","templated":true}]}}