{"id":9202,"date":"2025-03-24T15:15:28","date_gmt":"2025-03-24T07:15:28","guid":{"rendered":"https:\/\/avecobaggie.com\/?post_type=product&#038;p=9202"},"modified":"2025-03-24T17:36:51","modified_gmt":"2025-03-24T09:36:51","slug":"custom-white-tyvek-crossbody-bag","status":"publish","type":"product","link":"https:\/\/avecobaggie.com\/de\/produkt\/custom-white-tyvek-crossbody-bag\/","title":{"rendered":"Custom White Tyvek Crossbody Bag"},"content":{"rendered":"<h2 class=\"wp-block-heading has-text-align-center\">Product Features for Tyvek Crossbody Bag | Two-Sided Custom Print | Promotional Gifts<\/h2>\n\n\n\n<ol start=\"1\" class=\"wp-block-list\">\n<li><strong>Vibrant &amp; Durable Tyvek\u00ae Material<\/strong>\n<ul class=\"wp-block-list\">\n<li>Hergestellt aus&nbsp;<strong>waterproof, tear-resistant Dupont\u2122 Tyvek\u00ae<\/strong>&nbsp;-&nbsp;<strong>5x lighter than canvas<\/strong>&nbsp;yet reusable for 3+ years.<\/li>\n\n\n\n<li><strong>Crisp white base<\/strong>&nbsp;\u2013 perfect for&nbsp;<strong>high-resolution full-color prints<\/strong>&nbsp;on both sides.<\/li>\n<\/ul>\n<\/li>\n\n\n\n<li><strong>Funktionelles und sicheres Design<\/strong>\n<ul class=\"wp-block-list\">\n<li><strong>28x16x11cm compact size<\/strong>&nbsp;\u2013 fits smartphones, wallets, passports, or small tablets.<\/li>\n\n\n\n<li><strong>YKK black zipper closure<\/strong>&nbsp;\u2013 protects valuables in crowded spaces or travel.<\/li>\n\n\n\n<li><strong>Adjustable green nylon strap<\/strong>&nbsp;(60-120cm) \u2013 switch between crossbody or shoulder carry.<\/li>\n<\/ul>\n<\/li>\n\n\n\n<li><strong>360\u00b0 Branding Impact<\/strong>\n<ul class=\"wp-block-list\">\n<li><strong>Double-sided digital printing<\/strong>&nbsp;- ideal f\u00fcr&nbsp;<strong>festival merch, corporate giveaways, or retail promotions<\/strong>.<\/li>\n\n\n\n<li><strong>Pantone-matched colors<\/strong>&nbsp;\u2013 ensure brand consistency across batches.<\/li>\n<\/ul>\n<\/li>\n\n\n\n<li><strong>B2B-zentrierte Effizienz<\/strong>\n<ul class=\"wp-block-list\">\n<li><strong>MOQ 500St\u00fcck<\/strong>&nbsp;\u2013 lowest in the industry for small campaigns.<\/li>\n\n\n\n<li><strong>20-Tage-Produktion<\/strong>\u00a0+\u00a0<strong>DDP globaler Versand<\/strong>\u00a0<\/li>\n<\/ul>\n<\/li>\n<\/ol>\n\n\n\n<hr class=\"wp-block-separator has-alpha-channel-opacity\"\/>\n\n\n\n<h4 class=\"wp-block-heading has-text-align-center\"><strong><a href=\"https:\/\/avecobaggie.com\/de\/custom-tyvek-bag-manufacturer\/\"><strong>Kundenspezifische L\u00f6sungen<\/strong><\/a><\/strong>:<\/h4>\n\n\n\n<ul class=\"wp-block-list\">\n<li><strong>Alternative strap colors<\/strong>&nbsp;(red, navy, or branded Pantone shades).<\/li>\n\n\n\n<li><strong>Recycled Tyvek\u00ae options<\/strong>&nbsp;oder&nbsp;<strong>biodegradable linings<\/strong>.<\/li>\n\n\n\n<li><strong>QR-Code-Integration<\/strong>&nbsp;oder&nbsp;<strong>RFID-blocking pockets<\/strong>&nbsp;for tech-savvy branding.<br><strong>Request free mockups<\/strong>&nbsp;\u2013 visualize your design in 6 hours!<\/li>\n<\/ul>\n\n\n\n<figure class=\"wp-block-image size-large\"><img fetchpriority=\"high\" width=\"1024\" height=\"752\" src=\"https:\/\/avecobaggie.com\/wp-content\/uploads\/2025\/03\/Handling-process-selection-3-1024x752.jpg\" alt=\"Zubeh\u00f6r f\u00fcr Tyvek-Taschen\" class=\"wp-image-9131\" srcset=\"https:\/\/avecobaggie.com\/wp-content\/uploads\/2025\/03\/Handling-process-selection-3-1024x752.jpg 1024w, https:\/\/avecobaggie.com\/wp-content\/uploads\/2025\/03\/Handling-process-selection-3-300x220.jpg 300w, https:\/\/avecobaggie.com\/wp-content\/uploads\/2025\/03\/Handling-process-selection-3-768x564.jpg 768w, https:\/\/avecobaggie.com\/wp-content\/uploads\/2025\/03\/Handling-process-selection-3-600x441.jpg 600w, https:\/\/avecobaggie.com\/wp-content\/uploads\/2025\/03\/Handling-process-selection-3.jpg 1140w\" sizes=\"(max-width: 1024px) 100vw, 1024px\" \/><\/figure>\n\n\n\n<figure class=\"wp-block-image size-large\"><img width=\"929\" height=\"1024\" src=\"https:\/\/avecobaggie.com\/wp-content\/uploads\/2025\/03\/Handling-process-selection-4-929x1024.jpg\" alt=\"Griff Option f\u00fcr die Herstellung von Tyvek-Taschen\" class=\"wp-image-9132\" srcset=\"https:\/\/avecobaggie.com\/wp-content\/uploads\/2025\/03\/Handling-process-selection-4-929x1024.jpg 929w, https:\/\/avecobaggie.com\/wp-content\/uploads\/2025\/03\/Handling-process-selection-4-272x300.jpg 272w, https:\/\/avecobaggie.com\/wp-content\/uploads\/2025\/03\/Handling-process-selection-4-768x846.jpg 768w, https:\/\/avecobaggie.com\/wp-content\/uploads\/2025\/03\/Handling-process-selection-4-600x661.jpg 600w, https:\/\/avecobaggie.com\/wp-content\/uploads\/2025\/03\/Handling-process-selection-4.jpg 1140w\" sizes=\"(max-width: 929px) 100vw, 929px\" \/><\/figure>\n\n\n\n<figure class=\"wp-block-table\"><table><tbody><tr><td>Material<\/td><td>DuPont Tyvek-Papier<\/td><\/tr><tr><td>Farbe<\/td><td>W\u00e4hlen Sie aus unseren verf\u00fcgbaren Stoffen oder passen Sie sie durch F\u00e4rben an bestimmte Pantone-Farben an.<\/td><\/tr><tr><td>Dicke des Gewebes<\/td><td>35-105 g\/m\u00b2<\/td><\/tr><tr><td>Gr\u00f6\u00dfe<\/td><td>Anpassbar<\/td><\/tr><tr><td>Drucken<\/td><td>Digitaldruck, Siebdruck, Thermotransferdruck, Flexodruck<\/td><\/tr><tr><td>Handgriff Typ<\/td><td>Tyvek, Leder, Baumwolle, Nylon<\/td><\/tr><tr><td>Zubeh\u00f6r<\/td><td>Innentasche, Au\u00dfentasche, Rei\u00dfverschluss, Druckknopf, Magnetverschluss, Klettverschluss, Kordelzug, Bodenfalte, Seitenfalte, D-Ring, Schnallen, \u00d6se, Unterteilungen, Anh\u00e4nger, Etikett<\/td><\/tr><tr><td>Eigenschaften<\/td><td>Leicht und dennoch langlebig, wasserfest, rei\u00dffest, atmungsaktiv, umweltfreundlich und recycelbar, einzigartige Textur und Optik, leicht anpassbar<\/td><\/tr><tr><td>Verwendung<\/td><td>Werbeveranstaltungen, Shopping, Reisen, Konferenzen, Ausstellungen, Strandausfl\u00fcge, Picknicks, t\u00e4glicher Gebrauch<\/td><\/tr><tr><td>Qualit\u00e4t<\/td><td>Hochwertige Materialien und erstklassige Handwerkskunst garantiert<\/td><\/tr><tr><td>OEM\/ODM<\/td><td>Annehmbar<\/td><\/tr><tr><td rowspan=\"4\">Musterproduktion<\/td><td>Vorlaufzeit: 3-7 Tage.<\/td><\/tr><tr><td>Kosten: 30USD-80USD Variiert je nach Produktdetails.<\/td><\/tr><tr><td>Erstattungspolitik: Vollst\u00e4ndig erstattungsf\u00e4hig bei einer Bestellung von 1000 St\u00fcck oder mehr.<\/td><\/tr><tr><td>Standardmuster sind kostenlos. Sie m\u00fcssen nur die Versandkosten tragen.<\/td><\/tr><tr><td>Verpacken<\/td><td>PE-Beutel + Karton (anpassbar)<\/td><\/tr><tr><td>Massenproduktion<\/td><td>7-30 Tage je nach Menge<\/td><\/tr><tr><td>Sendung<\/td><td>Per Express (DHL, UPS, FedEx, TNT, EMS), per Luft, per See<\/td><\/tr><\/tbody><\/table><\/figure>","protected":false},"excerpt":{"rendered":"<p>White Tyvek | Adjustable Green Strap | Full-Color Print<\/p>","protected":false},"featured_media":9203,"comment_status":"open","ping_status":"closed","template":"","meta":{"_seopress_robots_primary_cat":"none","_seopress_titles_title":"%%post_title%% %%sep%% Get Customized Now","_seopress_titles_desc":"Fashion Tyvek\u00ae crossbody bag \u2013 28x16x11cm, two-sided print, with long green printed strap.Perfect for students, Get a Customized quote now!","_seopress_robots_index":""},"product_brand":[185],"product_cat":[189],"product_tag":[136],"class_list":{"0":"post-9202","1":"product","2":"type-product","3":"status-publish","4":"has-post-thumbnail","6":"product_brand-avecobaggie","7":"product_cat-custom-tyvek-bag","8":"product_tag-dupont-bag","10":"first","11":"instock","12":"taxable","13":"shipping-taxable","14":"product-type-simple"},"_links":{"self":[{"href":"https:\/\/avecobaggie.com\/de\/wp-json\/wp\/v2\/product\/9202","targetHints":{"allow":["GET"]}}],"collection":[{"href":"https:\/\/avecobaggie.com\/de\/wp-json\/wp\/v2\/product"}],"about":[{"href":"https:\/\/avecobaggie.com\/de\/wp-json\/wp\/v2\/types\/product"}],"replies":[{"embeddable":true,"href":"https:\/\/avecobaggie.com\/de\/wp-json\/wp\/v2\/comments?post=9202"}],"wp:featuredmedia":[{"embeddable":true,"href":"https:\/\/avecobaggie.com\/de\/wp-json\/wp\/v2\/media\/9203"}],"wp:attachment":[{"href":"https:\/\/avecobaggie.com\/de\/wp-json\/wp\/v2\/media?parent=9202"}],"wp:term":[{"taxonomy":"product_brand","embeddable":true,"href":"https:\/\/avecobaggie.com\/de\/wp-json\/wp\/v2\/product_brand?post=9202"},{"taxonomy":"product_cat","embeddable":true,"href":"https:\/\/avecobaggie.com\/de\/wp-json\/wp\/v2\/product_cat?post=9202"},{"taxonomy":"product_tag","embeddable":true,"href":"https:\/\/avecobaggie.com\/de\/wp-json\/wp\/v2\/product_tag?post=9202"}],"curies":[{"name":"wp","href":"https:\/\/api.w.org\/{rel}","templated":true}]}}