{"id":9219,"date":"2025-03-24T17:39:29","date_gmt":"2025-03-24T09:39:29","guid":{"rendered":"https:\/\/avecobaggie.com\/?post_type=product&#038;p=9219"},"modified":"2025-03-26T11:37:19","modified_gmt":"2025-03-26T03:37:19","slug":"insulated-tyvek-lunch-bag-with-thermal-lining","status":"publish","type":"product","link":"https:\/\/avecobaggie.com\/de\/produkt\/insulated-tyvek-lunch-bag-with-thermal-lining\/","title":{"rendered":"Isolierte Tyvek-Mittagstasche mit Thermofutter"},"content":{"rendered":"<h2 class=\"wp-block-heading has-text-align-center\">Produktmerkmale f\u00fcr Isolierte Tyvek\u00ae Lunch Tote | Thermofutter &amp; individuelles Logo<\/h2>\n\n\n\n<ol start=\"1\" class=\"wp-block-list\">\n<li><strong>Erstklassige thermische Leistung<\/strong>\n<ul class=\"wp-block-list\">\n<li><strong>Isoliertes Futter aus Perlbaumwolle<\/strong>\u00a0mit Alufolie h\u00e4lt die Temperaturen f\u00fcr\u00a0<strong>4+ Stunden<\/strong>\u00a0(0\u00b0C bis 60\u00b0C), ideal f\u00fcr\u00a0<strong>B\u00fcromittagessen oder Essenslieferung als Markenzeichen<\/strong>.<\/li>\n\n\n\n<li><strong>Wasserdichtes Dupont\u2122 Tyvek\u00ae \u00c4u\u00dferes<\/strong>&nbsp;- leicht und dennoch rei\u00dffest f\u00fcr die t\u00e4gliche Wiederverwendung.<\/li>\n<\/ul>\n<\/li>\n\n\n\n<li><strong>Funktionelles und kompaktes Design<\/strong>\n<ul class=\"wp-block-list\">\n<li><strong>25x17x18cm Gr\u00f6\u00dfe<\/strong>&nbsp;- passt&nbsp;<strong>2-3 Standard-Mahlzeitsbeh\u00e4lter<\/strong>&nbsp;oder familiengerechte Gerichte.<\/li>\n\n\n\n<li><strong>Verst\u00e4rkte braune Griffe<\/strong>&nbsp;- getestet f\u00fcr&nbsp;<strong>8 kg Tragf\u00e4higkeit<\/strong>&nbsp;mit Anti-Rutsch-Griff.<\/li>\n<\/ul>\n<\/li>\n\n\n\n<li><strong>Anspruchsvolle \u00e4sthetische Details<\/strong>\n<ul class=\"wp-block-list\">\n<li><strong>YKK-Rei\u00dfverschluss braun<\/strong>&nbsp;mit&nbsp;<strong>antike Messing-Z\u00fcge<\/strong>&nbsp;- f\u00fcgt rustikale Eleganz f\u00fcr hochwertiges Branding hinzu.<\/li>\n\n\n\n<li><strong>Neutrale Kraftausf\u00fchrung<\/strong>&nbsp;- mit minimalistischer, organischer oder luxuri\u00f6ser \u00c4sthetik \u00fcbereinstimmt.<\/li>\n<\/ul>\n<\/li>\n\n\n\n<li><strong>Eindrucksvolles Branding<\/strong>\n<ul class=\"wp-block-list\">\n<li><strong>Einfarbiger Logo-Siebdruck<\/strong>&nbsp;- UV-best\u00e4ndige Tinte gew\u00e4hrleistet&nbsp;<strong>Lichtechte Sichtbarkeit<\/strong>.<\/li>\n\n\n\n<li><strong>MOQ 500St\u00fcck<\/strong>&nbsp;mit&nbsp;<strong>20-Tage-Produktion<\/strong>&nbsp;- skalierbar f\u00fcr Firmengeschenke oder saisonale Kampagnen.<\/li>\n<\/ul>\n<\/li>\n<\/ol>\n\n\n\n<p><\/p>\n\n\n\n<hr class=\"wp-block-separator has-alpha-channel-opacity\"\/>\n\n\n\n<h4 class=\"wp-block-heading has-text-align-center\"><strong><a href=\"https:\/\/avecobaggie.com\/de\/custom-tyvek-bag-manufacturer\/\" data-type=\"page\" data-id=\"8777\"><\/a><strong><a href=\"https:\/\/avecobaggie.com\/de\/custom-tyvek-bag-manufacturer\/\" data-type=\"page\" data-id=\"8777\"><strong><strong><strong><\/strong><\/strong><\/strong><\/a><strong><strong><strong><a href=\"https:\/\/avecobaggie.com\/de\/custom-tyvek-bag-manufacturer\/\" data-type=\"page\" data-id=\"8777\"><strong><strong>Kundenspezifische L\u00f6sungen<\/strong><\/strong><\/a><\/strong><\/strong><\/strong><\/strong><\/strong><\/h4>\n\n\n\n<ul class=\"wp-block-list\">\n<li><strong>Erweiterte W\u00e4rmespeicherung<\/strong>&nbsp;(6+ Stunden mit verbesserten Liner).<\/li>\n\n\n\n<li><strong>Pantone-angepasste Logos<\/strong>&nbsp;oder&nbsp;<strong>Branding mit Folienpr\u00e4gung<\/strong>.<\/li>\n\n\n\n<li><strong>Kundenspezifische Gr\u00f6\u00dfen<\/strong>&nbsp;f\u00fcr Bento-Boxen oder Getr\u00e4nketr\u00e4ger.<br><strong>Kostenlose Muster anfordern<\/strong>&nbsp;- Pr\u00fcfqualit\u00e4t und thermische Leistung!<\/li>\n<\/ul>\n\n\n\n<figure class=\"wp-block-image size-large\"><img fetchpriority=\"high\" width=\"1024\" height=\"752\" src=\"https:\/\/avecobaggie.com\/wp-content\/uploads\/2025\/03\/Handling-process-selection-3-1024x752.jpg\" alt=\"Zubeh\u00f6r f\u00fcr Tyvek-Taschen\" class=\"wp-image-9131\" srcset=\"https:\/\/avecobaggie.com\/wp-content\/uploads\/2025\/03\/Handling-process-selection-3-1024x752.jpg 1024w, https:\/\/avecobaggie.com\/wp-content\/uploads\/2025\/03\/Handling-process-selection-3-300x220.jpg 300w, https:\/\/avecobaggie.com\/wp-content\/uploads\/2025\/03\/Handling-process-selection-3-768x564.jpg 768w, https:\/\/avecobaggie.com\/wp-content\/uploads\/2025\/03\/Handling-process-selection-3-600x441.jpg 600w, https:\/\/avecobaggie.com\/wp-content\/uploads\/2025\/03\/Handling-process-selection-3.jpg 1140w\" sizes=\"(max-width: 1024px) 100vw, 1024px\" \/><\/figure>\n\n\n\n<figure class=\"wp-block-image size-large\"><img width=\"929\" height=\"1024\" src=\"https:\/\/avecobaggie.com\/wp-content\/uploads\/2025\/03\/Handling-process-selection-4-929x1024.jpg\" alt=\"Griff Option f\u00fcr die Herstellung von Tyvek-Taschen\" class=\"wp-image-9132\" srcset=\"https:\/\/avecobaggie.com\/wp-content\/uploads\/2025\/03\/Handling-process-selection-4-929x1024.jpg 929w, https:\/\/avecobaggie.com\/wp-content\/uploads\/2025\/03\/Handling-process-selection-4-272x300.jpg 272w, https:\/\/avecobaggie.com\/wp-content\/uploads\/2025\/03\/Handling-process-selection-4-768x846.jpg 768w, https:\/\/avecobaggie.com\/wp-content\/uploads\/2025\/03\/Handling-process-selection-4-600x661.jpg 600w, https:\/\/avecobaggie.com\/wp-content\/uploads\/2025\/03\/Handling-process-selection-4.jpg 1140w\" sizes=\"(max-width: 929px) 100vw, 929px\" \/><\/figure>\n\n\n\n<figure class=\"wp-block-table\"><table><tbody><tr><td>Material<\/td><td>DuPont Tyvek-Papier<\/td><\/tr><tr><td>Farbe<\/td><td>W\u00e4hlen Sie aus unseren verf\u00fcgbaren Stoffen oder passen Sie sie durch F\u00e4rben an bestimmte Pantone-Farben an.<\/td><\/tr><tr><td>Dicke des Gewebes<\/td><td>35-105 g\/m\u00b2<\/td><\/tr><tr><td>Gr\u00f6\u00dfe<\/td><td>Anpassbar<\/td><\/tr><tr><td>Drucken<\/td><td>Digitaldruck, Siebdruck, Thermotransferdruck, Flexodruck<\/td><\/tr><tr><td>Handgriff Typ<\/td><td>Tyvek, Leder, Baumwolle, Nylon<\/td><\/tr><tr><td>Zubeh\u00f6r<\/td><td>Innentasche, Au\u00dfentasche, Rei\u00dfverschluss, Druckknopf, Magnetverschluss, Klettverschluss, Kordelzug, Bodenfalte, Seitenfalte, D-Ring, Schnallen, \u00d6se, Unterteilungen, Anh\u00e4nger, Etikett<\/td><\/tr><tr><td>Eigenschaften<\/td><td>Leicht und dennoch langlebig, wasserfest, rei\u00dffest, atmungsaktiv, umweltfreundlich und recycelbar, einzigartige Textur und Optik, leicht anpassbar<\/td><\/tr><tr><td>Verwendung<\/td><td>Werbeveranstaltungen, Shopping, Reisen, Konferenzen, Ausstellungen, Strandausfl\u00fcge, Picknicks, t\u00e4glicher Gebrauch<\/td><\/tr><tr><td>Qualit\u00e4t<\/td><td>Hochwertige Materialien und erstklassige Handwerkskunst garantiert<\/td><\/tr><tr><td>OEM\/ODM<\/td><td>Annehmbar<\/td><\/tr><tr><td rowspan=\"4\">Musterproduktion<\/td><td>Vorlaufzeit: 3-7 Tage.<\/td><\/tr><tr><td>Kosten: 30USD-80USD Variiert je nach Produktdetails.<\/td><\/tr><tr><td>Erstattungspolitik: Vollst\u00e4ndig erstattungsf\u00e4hig bei einer Bestellung von 1000 St\u00fcck oder mehr.<\/td><\/tr><tr><td>Standardmuster sind kostenlos. Sie m\u00fcssen nur die Versandkosten tragen.<\/td><\/tr><tr><td>Verpacken<\/td><td>PE-Beutel + Karton (anpassbar)<\/td><\/tr><tr><td>Massenproduktion<\/td><td>7-30 Tage je nach Menge<\/td><\/tr><tr><td>Sendung<\/td><td>Per Express (DHL, UPS, FedEx, TNT, EMS), per Luft, per See<\/td><\/tr><\/tbody><\/table><\/figure>","protected":false},"excerpt":{"rendered":"<p>Kraft Tyvek | 4-Stunden-W\u00e4rmespeicherung | braune Griffe<\/p>","protected":false},"featured_media":9220,"comment_status":"open","ping_status":"closed","template":"","meta":{"_seopress_robots_primary_cat":"none","_seopress_titles_title":"%%post_title%% %%sep%% Get Customized Now","_seopress_titles_desc":"Insulated Tyvek lunch tote \u2013 25x17x18cm, 4-hour heat retention, custom logo, bulk orders.","_seopress_robots_index":""},"product_brand":[185],"product_cat":[189,30,108],"product_tag":[136],"class_list":{"0":"post-9219","1":"product","2":"type-product","3":"status-publish","4":"has-post-thumbnail","6":"product_brand-avecobaggie","7":"product_cat-custom-tyvek-bag","8":"product_cat-cooler-bag","9":"product_cat-work-school","10":"product_tag-dupont-bag","12":"first","13":"instock","14":"taxable","15":"shipping-taxable","16":"product-type-simple"},"_links":{"self":[{"href":"https:\/\/avecobaggie.com\/de\/wp-json\/wp\/v2\/product\/9219","targetHints":{"allow":["GET"]}}],"collection":[{"href":"https:\/\/avecobaggie.com\/de\/wp-json\/wp\/v2\/product"}],"about":[{"href":"https:\/\/avecobaggie.com\/de\/wp-json\/wp\/v2\/types\/product"}],"replies":[{"embeddable":true,"href":"https:\/\/avecobaggie.com\/de\/wp-json\/wp\/v2\/comments?post=9219"}],"wp:featuredmedia":[{"embeddable":true,"href":"https:\/\/avecobaggie.com\/de\/wp-json\/wp\/v2\/media\/9220"}],"wp:attachment":[{"href":"https:\/\/avecobaggie.com\/de\/wp-json\/wp\/v2\/media?parent=9219"}],"wp:term":[{"taxonomy":"product_brand","embeddable":true,"href":"https:\/\/avecobaggie.com\/de\/wp-json\/wp\/v2\/product_brand?post=9219"},{"taxonomy":"product_cat","embeddable":true,"href":"https:\/\/avecobaggie.com\/de\/wp-json\/wp\/v2\/product_cat?post=9219"},{"taxonomy":"product_tag","embeddable":true,"href":"https:\/\/avecobaggie.com\/de\/wp-json\/wp\/v2\/product_tag?post=9219"}],"curies":[{"name":"wp","href":"https:\/\/api.w.org\/{rel}","templated":true}]}}