{"id":9303,"date":"2025-03-26T16:24:50","date_gmt":"2025-03-26T08:24:50","guid":{"rendered":"https:\/\/avecobaggie.com\/?post_type=product&#038;p=9303"},"modified":"2025-03-26T17:06:24","modified_gmt":"2025-03-26T09:06:24","slug":"tyvek-dupont-zip-wallet","status":"publish","type":"product","link":"https:\/\/avecobaggie.com\/de\/produkt\/tyvek-dupont-zip-wallet\/","title":{"rendered":"Tyvek Dupont Brieftasche mit Rei\u00dfverschluss"},"content":{"rendered":"<h2 class=\"wp-block-heading has-text-align-center\">Produktmerkmale f\u00fcr Tyvek\u00ae Zip Wallet | Dual Compartments<\/h2>\n\n\n\n<ol start=\"1\" class=\"wp-block-list\">\n<li><strong>Kompaktes und organisiertes Design<\/strong>\n<ul class=\"wp-block-list\">\n<li><strong>13x10cm schlankes Profil<\/strong>&nbsp;- f\u00fcr Karten, Bargeld oder Ausweise, ideal f\u00fcr&nbsp;<strong>Firmengeschenke oder Reiseutensilien<\/strong>.<\/li>\n\n\n\n<li><strong>Zwei Innenf\u00e4cher<\/strong>&nbsp;- trennen Sie m\u00fchelos Scheine, M\u00fcnzen oder Treuekarten.<\/li>\n<\/ul>\n<\/li>\n\n\n\n<li><strong>Langlebiges Hybridmaterial<\/strong>\n<ul class=\"wp-block-list\">\n<li><strong>Kraft Tyvek\u00ae au\u00dfen<\/strong>&nbsp;-&nbsp;<strong>wasserdicht, rei\u00dffest<\/strong>und 100% recycelbar.<\/li>\n\n\n\n<li><strong>Innenfutter aus Nylon<\/strong>&nbsp;- sch\u00fctzt den Inhalt vor Kratzern und erh\u00f6ht gleichzeitig die strukturelle Stabilit\u00e4t.<\/li>\n<\/ul>\n<\/li>\n\n\n\n<li><strong>Subtiles und doch wirkungsvolles Branding<\/strong>\n<ul class=\"wp-block-list\">\n<li><strong>Einfarbiger Logodruck auf beiden Seiten<\/strong>&nbsp;- unaufdringliche Eleganz f\u00fcr&nbsp;<strong>Luxusmarken, Hotels oder Beutest\u00fccke f\u00fcr Veranstaltungen<\/strong>.<\/li>\n\n\n\n<li><strong>UV-best\u00e4ndige Tinte<\/strong>&nbsp;- sorgt daf\u00fcr, dass die Logos auch bei t\u00e4glichem Tragen gestochen scharf bleiben.<\/li>\n<\/ul>\n<\/li>\n\n\n\n<li><strong>B2B-zentrierte Effizienz<\/strong>\n<ul class=\"wp-block-list\">\n<li><strong>MOQ 500St\u00fcck<\/strong>&nbsp;- niedrigstes Minimum f\u00fcr Boutique-Marken oder limitierte Auflagen.<\/li>\n\n\n\n<li><strong>15-Tage-Produktion<\/strong>\u00a0+\u00a0<strong>Flat-Pack-Versand<\/strong>\u00a0- reduziert die Frachtkosten um 40% gegen\u00fcber einer starren Verpackung.<\/li>\n\n\n\n<li><strong>Kostenloser Entwurfsnachweis<\/strong>&nbsp;- Ihr Logo innerhalb von 6 Stunden genehmigen.<\/li>\n<\/ul>\n<\/li>\n<\/ol>\n\n\n\n<hr class=\"wp-block-separator has-alpha-channel-opacity\"\/>\n\n\n\n<h4 class=\"wp-block-heading has-text-align-center\"><strong><a href=\"https:\/\/avecobaggie.com\/de\/custom-tyvek-bag-manufacturer\/\" data-type=\"page\" data-id=\"8777\"><\/a><strong><a href=\"https:\/\/avecobaggie.com\/de\/custom-tyvek-bag-manufacturer\/\" data-type=\"page\" data-id=\"8777\"><\/a><strong><strong><strong><a href=\"https:\/\/avecobaggie.com\/de\/custom-tyvek-bag-manufacturer\/\" data-type=\"page\" data-id=\"8777\"><strong><strong><strong><strong><strong><strong><strong><\/strong><\/strong><\/strong><\/strong><\/strong><\/strong><\/strong><\/a><strong><strong><strong><a href=\"https:\/\/avecobaggie.com\/de\/custom-tyvek-bag-manufacturer\/\" data-type=\"page\" data-id=\"8777\"><strong><strong><strong>Flexibilit\u00e4t bei der Anpassung<\/strong><\/strong><\/strong><\/a><\/strong><\/strong><\/strong><\/strong><\/strong><\/strong><\/strong><\/strong><\/h4>\n\n\n\n<ul class=\"wp-block-list\">\n<li><strong>Pantone-angepasste Tyvek\u00ae-Farben<\/strong>&nbsp;(z. B. marineblau, anthrazit).<\/li>\n\n\n\n<li><strong>verschiedene Schichten<\/strong>\u00a0oder\u00a0<strong>transparente ID-Fenster<\/strong>.<\/li>\n\n\n\n<li><strong>Gepr\u00e4gte Logos<\/strong>&nbsp;oder&nbsp;<strong>Premium-Rei\u00dfverschluss-Upgrades<\/strong>.<br><strong>Kostenlose Muster anfordern<\/strong>&nbsp;- Testen Sie die Funktionalit\u00e4t mit Ihrem Team!<\/li>\n<\/ul>\n\n\n\n<figure class=\"wp-block-image size-large\"><img fetchpriority=\"high\" width=\"1024\" height=\"752\" src=\"https:\/\/avecobaggie.com\/wp-content\/uploads\/2025\/03\/Handling-process-selection-3-1024x752.jpg\" alt=\"Zubeh\u00f6r f\u00fcr Tyvek-Taschen\" class=\"wp-image-9131\" srcset=\"https:\/\/avecobaggie.com\/wp-content\/uploads\/2025\/03\/Handling-process-selection-3-1024x752.jpg 1024w, https:\/\/avecobaggie.com\/wp-content\/uploads\/2025\/03\/Handling-process-selection-3-300x220.jpg 300w, https:\/\/avecobaggie.com\/wp-content\/uploads\/2025\/03\/Handling-process-selection-3-768x564.jpg 768w, https:\/\/avecobaggie.com\/wp-content\/uploads\/2025\/03\/Handling-process-selection-3-600x441.jpg 600w, https:\/\/avecobaggie.com\/wp-content\/uploads\/2025\/03\/Handling-process-selection-3.jpg 1140w\" sizes=\"(max-width: 1024px) 100vw, 1024px\" \/><\/figure>\n\n\n\n<figure class=\"wp-block-image size-large\"><img width=\"929\" height=\"1024\" src=\"https:\/\/avecobaggie.com\/wp-content\/uploads\/2025\/03\/Handling-process-selection-4-929x1024.jpg\" alt=\"Griff Option f\u00fcr die Herstellung von Tyvek-Taschen\" class=\"wp-image-9132\" srcset=\"https:\/\/avecobaggie.com\/wp-content\/uploads\/2025\/03\/Handling-process-selection-4-929x1024.jpg 929w, https:\/\/avecobaggie.com\/wp-content\/uploads\/2025\/03\/Handling-process-selection-4-272x300.jpg 272w, https:\/\/avecobaggie.com\/wp-content\/uploads\/2025\/03\/Handling-process-selection-4-768x846.jpg 768w, https:\/\/avecobaggie.com\/wp-content\/uploads\/2025\/03\/Handling-process-selection-4-600x661.jpg 600w, https:\/\/avecobaggie.com\/wp-content\/uploads\/2025\/03\/Handling-process-selection-4.jpg 1140w\" sizes=\"(max-width: 929px) 100vw, 929px\" \/><\/figure>\n\n\n\n<figure class=\"wp-block-table\"><table><tbody><tr><td>Material<\/td><td>DuPont Tyvek-Papier<\/td><\/tr><tr><td>Farbe<\/td><td>W\u00e4hlen Sie aus unseren verf\u00fcgbaren Stoffen oder passen Sie sie durch F\u00e4rben an bestimmte Pantone-Farben an.<\/td><\/tr><tr><td>Dicke des Gewebes<\/td><td>35-105 g\/m\u00b2<\/td><\/tr><tr><td>Gr\u00f6\u00dfe<\/td><td>Anpassbar<\/td><\/tr><tr><td>Drucken<\/td><td>Digitaldruck, Siebdruck, Thermotransferdruck, Flexodruck<\/td><\/tr><tr><td>Handgriff Typ<\/td><td>Tyvek, Leder, Baumwolle, Nylon<\/td><\/tr><tr><td>Zubeh\u00f6r<\/td><td>Innentasche, Au\u00dfentasche, Rei\u00dfverschluss, Druckknopf, Magnetverschluss, Klettverschluss, Kordelzug, Bodenfalte, Seitenfalte, D-Ring, Schnallen, \u00d6se, Unterteilungen, Anh\u00e4nger, Etikett<\/td><\/tr><tr><td>Eigenschaften<\/td><td>Leicht und dennoch langlebig, wasserfest, rei\u00dffest, atmungsaktiv, umweltfreundlich und recycelbar, einzigartige Textur und Optik, leicht anpassbar<\/td><\/tr><tr><td>Verwendung<\/td><td>Werbeveranstaltungen, Shopping, Reisen, Konferenzen, Ausstellungen, Strandausfl\u00fcge, Picknicks, t\u00e4glicher Gebrauch<\/td><\/tr><tr><td>Qualit\u00e4t<\/td><td>Hochwertige Materialien und erstklassige Handwerkskunst garantiert<\/td><\/tr><tr><td>OEM\/ODM<\/td><td>Annehmbar<\/td><\/tr><tr><td rowspan=\"4\">Musterproduktion<\/td><td>Vorlaufzeit: 3-7 Tage.<\/td><\/tr><tr><td>Kosten: 30USD-80USD Variiert je nach Produktdetails.<\/td><\/tr><tr><td>Erstattungspolitik: Vollst\u00e4ndig erstattungsf\u00e4hig bei einer Bestellung von 1000 St\u00fcck oder mehr.<\/td><\/tr><tr><td>Standardmuster sind kostenlos. Sie m\u00fcssen nur die Versandkosten tragen.<\/td><\/tr><tr><td>Verpacken<\/td><td>PE-Beutel + Karton (anpassbar)<\/td><\/tr><tr><td>Massenproduktion<\/td><td>7-30 Tage je nach Menge<\/td><\/tr><tr><td>Sendung<\/td><td>Per Express (DHL, UPS, FedEx, TNT, EMS), per Luft, per See<\/td><\/tr><\/tbody><\/table><\/figure>","protected":false},"excerpt":{"rendered":"<p>Dupont Tyvek | Nylon-Futter | Zweiseitiger Druck | Rei\u00dfverschluss<\/p>","protected":false},"featured_media":9305,"comment_status":"open","ping_status":"closed","template":"","meta":{"_seopress_robots_primary_cat":"none","_seopress_titles_title":"%%post_title%% %%sep%% Dual Compartments,Get Customized Now","_seopress_titles_desc":"Tyvek dupont zip wallet \u2013 13x10cm, dual compartments, custom logo, compact but with ideal space.eco friendly ,Get customized Now!","_seopress_robots_index":""},"product_brand":[185],"product_cat":[189,100,108,109],"product_tag":[136],"class_list":{"0":"post-9303","1":"product","2":"type-product","3":"status-publish","4":"has-post-thumbnail","6":"product_brand-avecobaggie","7":"product_cat-custom-tyvek-bag","8":"product_cat-other-creative-bag","9":"product_cat-work-school","10":"product_cat-everyday","11":"product_tag-dupont-bag","13":"first","14":"instock","15":"taxable","16":"shipping-taxable","17":"product-type-simple"},"_links":{"self":[{"href":"https:\/\/avecobaggie.com\/de\/wp-json\/wp\/v2\/product\/9303","targetHints":{"allow":["GET"]}}],"collection":[{"href":"https:\/\/avecobaggie.com\/de\/wp-json\/wp\/v2\/product"}],"about":[{"href":"https:\/\/avecobaggie.com\/de\/wp-json\/wp\/v2\/types\/product"}],"replies":[{"embeddable":true,"href":"https:\/\/avecobaggie.com\/de\/wp-json\/wp\/v2\/comments?post=9303"}],"wp:featuredmedia":[{"embeddable":true,"href":"https:\/\/avecobaggie.com\/de\/wp-json\/wp\/v2\/media\/9305"}],"wp:attachment":[{"href":"https:\/\/avecobaggie.com\/de\/wp-json\/wp\/v2\/media?parent=9303"}],"wp:term":[{"taxonomy":"product_brand","embeddable":true,"href":"https:\/\/avecobaggie.com\/de\/wp-json\/wp\/v2\/product_brand?post=9303"},{"taxonomy":"product_cat","embeddable":true,"href":"https:\/\/avecobaggie.com\/de\/wp-json\/wp\/v2\/product_cat?post=9303"},{"taxonomy":"product_tag","embeddable":true,"href":"https:\/\/avecobaggie.com\/de\/wp-json\/wp\/v2\/product_tag?post=9303"}],"curies":[{"name":"wp","href":"https:\/\/api.w.org\/{rel}","templated":true}]}}