{"id":9414,"date":"2025-03-31T16:15:59","date_gmt":"2025-03-31T08:15:59","guid":{"rendered":"https:\/\/avecobaggie.com\/?post_type=product&#038;p=9414"},"modified":"2025-04-03T11:33:33","modified_gmt":"2025-04-03T03:33:33","slug":"custom-waterproof-tyvek-laptop-sleeve-14-15-16-17-inch","status":"publish","type":"product","link":"https:\/\/avecobaggie.com\/de\/produkt\/custom-waterproof-tyvek-laptop-sleeve-14-15-16-17-inch\/","title":{"rendered":"Benutzerdefinierte wasserdichte Tyvek Laptop-H\u00fclle 14 15 16 17 Zoll"},"content":{"rendered":"<h2 class=\"wp-block-heading has-text-align-center\">Product Features for Waterproof Tyvek Document Pouch | 26x35cm | Custom Branding<\/h2>\n\n\n\n<ol start=\"1\" class=\"wp-block-list\">\n<li><strong>Premium Waterproof Construction<\/strong>\n<ul class=\"wp-block-list\">\n<li><strong>Brown Tyvek\u00ae exterior<\/strong>\u00a0+\u00a0<strong>quilted polyester lining<\/strong>\u00a0-\u00a0<strong>IP54-rated<\/strong>\u00a0to protect Laptop from water, spills, and humidity in\u00a0<strong>outdoor worksites or rainy commutes<\/strong>.<\/li>\n\n\n\n<li><strong>Doppelt gen\u00e4hte N\u00e4hte<\/strong>&nbsp;\u2013 tear-resistant for&nbsp;<strong>3+ years of heavy use<\/strong>&nbsp;in briefcases or site visits.<\/li>\n<\/ul>\n<\/li>\n\n\n\n<li><strong>Funktionelles und sicheres Design<\/strong>\n<ul class=\"wp-block-list\">\n<li><strong>Self-seal Velcro closure<\/strong>&nbsp;\u2013 quick access while keeping contents dust-free and secure.<\/li>\n\n\n\n<li><strong>flat size<\/strong>\u00a0 customized : fits\u00a014inch ,15 inch ,16 inch ,17inch laptop or other sizes.<\/li>\n<\/ul>\n<\/li>\n\n\n\n<li><strong>B2B-zentrierte Effizienz<\/strong>\n<ul class=\"wp-block-list\">\n<li><strong>MOQ 500St\u00fcck<\/strong>&nbsp;\u2013 lowest in the industry for small law firms, architects, or corporate suppliers.<\/li>\n\n\n\n<li><strong>7-day production<\/strong>\u00a0+\u00a0<strong>DDP-Versand<\/strong>\u00a0\u2013 flat-pack .<\/li>\n\n\n\n<li><strong>Free digital proofs<\/strong>\u00a0\u2013 approve logos or patterns.<\/li>\n<\/ul>\n<\/li>\n\n\n\n<li><strong>Commercial Applications<\/strong>\n<ul class=\"wp-block-list\">\n<li><strong>Construction Sites<\/strong>: Protect blueprints from moisture and dirt.<\/li>\n\n\n\n<li><strong>Firmengeschenke<\/strong>: Brand with company values for employee welcome kits.<\/li>\n\n\n\n<li><strong>Travel Consultants<\/strong>: Organize itineraries and tickets for clients.<\/li>\n<\/ul>\n<\/li>\n<\/ol>\n\n\n\n<hr class=\"wp-block-separator has-alpha-channel-opacity\"\/>\n\n\n\n<h4 class=\"wp-block-heading has-text-align-center\"><strong><a href=\"https:\/\/avecobaggie.com\/de\/custom-tyvek-bag-manufacturer\/\" data-type=\"page\" data-id=\"8777\"><\/a><strong><a href=\"https:\/\/avecobaggie.com\/de\/custom-tyvek-bag-manufacturer\/\" data-type=\"page\" data-id=\"8777\"><\/a><strong><strong><strong><a href=\"https:\/\/avecobaggie.com\/de\/custom-tyvek-bag-manufacturer\/\" data-type=\"page\" data-id=\"8777\"><strong><strong><strong><strong><strong><strong><strong><\/strong><\/strong><\/strong><\/strong><\/strong><\/strong><\/strong><\/a><strong><strong><strong><a href=\"https:\/\/avecobaggie.com\/de\/custom-tyvek-bag-manufacturer\/\" data-type=\"page\" data-id=\"8777\"><strong><strong><strong>Flexibilit\u00e4t bei der Anpassung<\/strong><\/strong><\/strong><\/a><\/strong><\/strong><\/strong><\/strong><\/strong><\/strong><\/strong><\/strong><\/h4>\n\n\n\n<ul class=\"wp-block-list\">\n<li><strong>Pantone-angepasste Tyvek\u00ae-Farben<\/strong>&nbsp;(z. B. marineblau, anthrazit).<\/li>\n\n\n\n<li><strong>Gepr\u00e4gte Logos<\/strong>&nbsp;oder&nbsp;<strong>QR-Code-Integration<\/strong>&nbsp;for trackable documents.<\/li>\n\n\n\n<li><strong>RFID-blockierende Schichten<\/strong>&nbsp;oder&nbsp;<strong>inner ID windows<\/strong>&nbsp;for security upgrades.<br><strong>Kostenlose Muster anfordern<\/strong>&nbsp;\u2013 test durability with your team!<\/li>\n<\/ul>\n\n\n\n<figure class=\"wp-block-image size-large is-resized\"><img fetchpriority=\"high\" width=\"1024\" height=\"752\" src=\"https:\/\/avecobaggie.com\/wp-content\/uploads\/2025\/03\/Handling-process-selection-3-1024x752.jpg\" alt=\"Zubeh\u00f6r f\u00fcr Tyvek-Taschen\" class=\"wp-image-9131\" style=\"object-fit:cover;width:1140px;height:837px\" srcset=\"https:\/\/avecobaggie.com\/wp-content\/uploads\/2025\/03\/Handling-process-selection-3-1024x752.jpg 1024w, https:\/\/avecobaggie.com\/wp-content\/uploads\/2025\/03\/Handling-process-selection-3-300x220.jpg 300w, https:\/\/avecobaggie.com\/wp-content\/uploads\/2025\/03\/Handling-process-selection-3-768x564.jpg 768w, https:\/\/avecobaggie.com\/wp-content\/uploads\/2025\/03\/Handling-process-selection-3-600x441.jpg 600w, https:\/\/avecobaggie.com\/wp-content\/uploads\/2025\/03\/Handling-process-selection-3.jpg 1140w\" sizes=\"(max-width: 1024px) 100vw, 1024px\" \/><\/figure>\n\n\n\n<figure class=\"wp-block-image size-large is-resized\"><img width=\"929\" height=\"1024\" src=\"https:\/\/avecobaggie.com\/wp-content\/uploads\/2025\/03\/Handling-process-selection-4-929x1024.jpg\" alt=\"Griff Option f\u00fcr die Herstellung von Tyvek-Taschen\" class=\"wp-image-9132\" style=\"object-fit:cover;width:1140px;height:1256px\" srcset=\"https:\/\/avecobaggie.com\/wp-content\/uploads\/2025\/03\/Handling-process-selection-4-929x1024.jpg 929w, https:\/\/avecobaggie.com\/wp-content\/uploads\/2025\/03\/Handling-process-selection-4-272x300.jpg 272w, https:\/\/avecobaggie.com\/wp-content\/uploads\/2025\/03\/Handling-process-selection-4-768x846.jpg 768w, https:\/\/avecobaggie.com\/wp-content\/uploads\/2025\/03\/Handling-process-selection-4-600x661.jpg 600w, https:\/\/avecobaggie.com\/wp-content\/uploads\/2025\/03\/Handling-process-selection-4.jpg 1140w\" sizes=\"(max-width: 929px) 100vw, 929px\" \/><\/figure>\n\n\n\n<figure class=\"wp-block-table\"><table><tbody><tr><td>Material<\/td><td>DuPont Tyvek-Papier<\/td><\/tr><tr><td>Farbe<\/td><td>W\u00e4hlen Sie aus unseren verf\u00fcgbaren Stoffen oder passen Sie sie durch F\u00e4rben an bestimmte Pantone-Farben an.<\/td><\/tr><tr><td>Dicke des Gewebes<\/td><td>35-105 g\/m\u00b2<\/td><\/tr><tr><td>Gr\u00f6\u00dfe<\/td><td>Anpassbar<\/td><\/tr><tr><td>Drucken<\/td><td>Digitaldruck, Siebdruck, Thermotransferdruck, Flexodruck<\/td><\/tr><tr><td>Handgriff Typ<\/td><td>Tyvek, Leder, Baumwolle, Nylon<\/td><\/tr><tr><td>Zubeh\u00f6r<\/td><td>Innentasche, Au\u00dfentasche, Rei\u00dfverschluss, Druckknopf, Magnetverschluss, Klettverschluss, Kordelzug, Bodenfalte, Seitenfalte, D-Ring, Schnallen, \u00d6se, Unterteilungen, Anh\u00e4nger, Etikett<\/td><\/tr><tr><td>Eigenschaften<\/td><td>Leicht und dennoch langlebig, wasserfest, rei\u00dffest, atmungsaktiv, umweltfreundlich und recycelbar, einzigartige Textur und Optik, leicht anpassbar<\/td><\/tr><tr><td>Verwendung<\/td><td>Werbeveranstaltungen, Shopping, Reisen, Konferenzen, Ausstellungen, Strandausfl\u00fcge, Picknicks, t\u00e4glicher Gebrauch<\/td><\/tr><tr><td>Qualit\u00e4t<\/td><td>Hochwertige Materialien und erstklassige Handwerkskunst garantiert<\/td><\/tr><tr><td>OEM\/ODM<\/td><td>Annehmbar<\/td><\/tr><tr><td rowspan=\"4\">Musterproduktion<\/td><td>Vorlaufzeit: 3-7 Tage.<\/td><\/tr><tr><td>Kosten: 30USD-80USD Variiert je nach Produktdetails.<\/td><\/tr><tr><td>Erstattungspolitik: Vollst\u00e4ndig erstattungsf\u00e4hig bei einer Bestellung von 1000 St\u00fcck oder mehr.<\/td><\/tr><tr><td>Standardmuster sind kostenlos. Sie m\u00fcssen nur die Versandkosten tragen.<\/td><\/tr><tr><td>Verpacken<\/td><td>PE-Beutel + Karton (anpassbar)<\/td><\/tr><tr><td>Massenproduktion<\/td><td>7-30 Tage je nach Menge<\/td><\/tr><tr><td>Sendung<\/td><td>Per Express (DHL, UPS, FedEx, TNT, EMS), per Luft, per See<\/td><\/tr><\/tbody><\/table><\/figure>","protected":false},"excerpt":{"rendered":"<p>Tyvek &amp; Polyester Lining | Waterproof | Self-Seal Closure\u00a0<\/p>","protected":false},"featured_media":9415,"comment_status":"open","ping_status":"closed","template":"","meta":{"_seopress_robots_primary_cat":"none","_seopress_titles_title":"Custom 14 15 16 17 inch Tyvek Laptop From Avecobaggie","_seopress_titles_desc":"Tyvek waterproof laptop sleev \u2013 sutible for 14,15,16,17 inch ,or other requested size, with inner lining, self-seal closure, bulk orders welcome.","_seopress_robots_index":""},"product_brand":[185],"product_cat":[189,100],"product_tag":[136],"class_list":{"0":"post-9414","1":"product","2":"type-product","3":"status-publish","4":"has-post-thumbnail","6":"product_brand-avecobaggie","7":"product_cat-custom-tyvek-bag","8":"product_cat-other-creative-bag","9":"product_tag-dupont-bag","11":"first","12":"instock","13":"taxable","14":"shipping-taxable","15":"product-type-simple"},"_links":{"self":[{"href":"https:\/\/avecobaggie.com\/de\/wp-json\/wp\/v2\/product\/9414","targetHints":{"allow":["GET"]}}],"collection":[{"href":"https:\/\/avecobaggie.com\/de\/wp-json\/wp\/v2\/product"}],"about":[{"href":"https:\/\/avecobaggie.com\/de\/wp-json\/wp\/v2\/types\/product"}],"replies":[{"embeddable":true,"href":"https:\/\/avecobaggie.com\/de\/wp-json\/wp\/v2\/comments?post=9414"}],"wp:featuredmedia":[{"embeddable":true,"href":"https:\/\/avecobaggie.com\/de\/wp-json\/wp\/v2\/media\/9415"}],"wp:attachment":[{"href":"https:\/\/avecobaggie.com\/de\/wp-json\/wp\/v2\/media?parent=9414"}],"wp:term":[{"taxonomy":"product_brand","embeddable":true,"href":"https:\/\/avecobaggie.com\/de\/wp-json\/wp\/v2\/product_brand?post=9414"},{"taxonomy":"product_cat","embeddable":true,"href":"https:\/\/avecobaggie.com\/de\/wp-json\/wp\/v2\/product_cat?post=9414"},{"taxonomy":"product_tag","embeddable":true,"href":"https:\/\/avecobaggie.com\/de\/wp-json\/wp\/v2\/product_tag?post=9414"}],"curies":[{"name":"wp","href":"https:\/\/api.w.org\/{rel}","templated":true}]}}