{"id":9460,"date":"2025-04-02T17:21:46","date_gmt":"2025-04-02T09:21:46","guid":{"rendered":"https:\/\/avecobaggie.com\/?post_type=product&#038;p=9460"},"modified":"2025-04-03T15:40:55","modified_gmt":"2025-04-03T07:40:55","slug":"customized-washed-kraft-paper-tissue-box-holder","status":"publish","type":"product","link":"https:\/\/avecobaggie.com\/de\/produkt\/customized-washed-kraft-paper-tissue-box-holder\/","title":{"rendered":"Individuell gewaschenes Kraftpapier Tissue-Box-Halter"},"content":{"rendered":"<h2 class=\"wp-block-heading has-text-align-center\">Produktmerkmale <\/h2>\n\n\n\n<ol start=\"1\" class=\"wp-block-list\">\n<li><strong>Eco-Friendly &amp; Textured Aesthetic<\/strong>\n<ul class=\"wp-block-list\">\n<li>Hergestellt aus&nbsp;<strong>100% biodegradable washed kraft paper<\/strong>&nbsp;\u2013 develops a&nbsp;<strong>natural patina over time<\/strong>, ideal for&nbsp;<strong>organic brands or rustic retail displays<\/strong>.<\/li>\n\n\n\n<li><strong>Recycled felt inner layer<\/strong>&nbsp;\u2013 protects tissues from dust while adding structural rigidity.<\/li>\n<\/ul>\n<\/li>\n\n\n\n<li><strong>Functional Minimalist Design<\/strong>\n<ul class=\"wp-block-list\">\n<li><strong>Dual Velcro closures<\/strong>&nbsp;\u2013 secure seal for easy tissue access and refill.<\/li>\n\n\n\n<li><strong>25x14x16cm compact size<\/strong>&nbsp;\u2013 fits standard tissue packs (e.g., 20x12x8cm) with room to spare.<\/li>\n<\/ul>\n<\/li>\n\n\n\n<li><strong>Subtle Branding Impact<\/strong>\n<ul class=\"wp-block-list\">\n<li><strong>Crisp black logo screen print<\/strong>&nbsp;\u2013 understated visibility for&nbsp;<strong>hotels, cafes, or wellness brands<\/strong>.<\/li>\n\n\n\n<li><strong>UV-best\u00e4ndige Tinte<\/strong>&nbsp;\u2013 maintains sharpness even with frequent handling.<\/li>\n<\/ul>\n<\/li>\n\n\n\n<li><strong>B2B-Centric Advantages<\/strong>\n<ul class=\"wp-block-list\">\n<li><strong>MOQ 500St\u00fcck<\/strong>&nbsp;\u2013 lowest in the industry for small businesses or hospitality chains.<\/li>\n\n\n\n<li><strong>20-Tage-Produktion<\/strong>\u00a0+\u00a0<strong>flat-pack DDP shipping<\/strong>\u00a0<\/li>\n\n\n\n<li><strong>Free design proofs<\/strong>&nbsp;\u2013 approve artwork within 6 hours.<\/li>\n<\/ul>\n<\/li>\n<\/ol>\n\n\n\n<p><\/p>\n\n\n\n<hr class=\"wp-block-separator has-alpha-channel-opacity\"\/>\n\n\n\n<h4 class=\"wp-block-heading has-text-align-center\"><strong><a href=\"https:\/\/avecobaggie.com\/de\/custom-tyvek-bag-manufacturer\/\" data-type=\"page\" data-id=\"8777\"><\/a><strong><a href=\"https:\/\/avecobaggie.com\/de\/custom-tyvek-bag-manufacturer\/\" data-type=\"page\" data-id=\"8777\"><\/a><strong><strong><strong><a href=\"https:\/\/avecobaggie.com\/de\/custom-tyvek-bag-manufacturer\/\" data-type=\"page\" data-id=\"8777\"><\/a><strong><strong><strong><a href=\"https:\/\/avecobaggie.com\/de\/custom-washable-paper-bag-manufactuer\/\" data-type=\"page\" data-id=\"8845\"><strong><strong><strong>Flexibilit\u00e4t bei der Anpassung<\/strong><\/strong><\/strong><\/a><\/strong><\/strong><\/strong><\/strong><\/strong><\/strong><\/strong><\/strong><\/h4>\n\n\n\n<ul class=\"wp-block-list\">\n<li><strong>Linen or jute accents<\/strong>&nbsp;for enhanced rustic appeal.<\/li>\n\n\n\n<li><strong>QR code tags<\/strong>\u00a0oder\u00a0<strong>embossed logos<\/strong>\u00a0f\u00fcr interaktives Branding.<br><strong>Kundenspezifische Muster anfordern<\/strong>\u00a0\u2013 test functionality in your space!<\/li>\n<\/ul>\n\n\n\n<figure class=\"wp-block-image size-large is-resized\"><img fetchpriority=\"high\" width=\"1024\" height=\"752\" src=\"https:\/\/avecobaggie.com\/wp-content\/uploads\/2025\/03\/Handling-process-selection-3-1024x752.jpg\" alt=\"Zubeh\u00f6r f\u00fcr Tyvek-Taschen\" class=\"wp-image-9131\" style=\"object-fit:cover;width:1140px;height:837px\" srcset=\"https:\/\/avecobaggie.com\/wp-content\/uploads\/2025\/03\/Handling-process-selection-3-1024x752.jpg 1024w, https:\/\/avecobaggie.com\/wp-content\/uploads\/2025\/03\/Handling-process-selection-3-300x220.jpg 300w, https:\/\/avecobaggie.com\/wp-content\/uploads\/2025\/03\/Handling-process-selection-3-768x564.jpg 768w, https:\/\/avecobaggie.com\/wp-content\/uploads\/2025\/03\/Handling-process-selection-3-600x441.jpg 600w, https:\/\/avecobaggie.com\/wp-content\/uploads\/2025\/03\/Handling-process-selection-3.jpg 1140w\" sizes=\"(max-width: 1024px) 100vw, 1024px\" \/><\/figure>\n\n\n\n<figure class=\"wp-block-image size-large is-resized\"><img width=\"929\" height=\"1024\" src=\"https:\/\/avecobaggie.com\/wp-content\/uploads\/2025\/03\/Handling-process-selection-4-929x1024.jpg\" alt=\"Griff Option f\u00fcr die Herstellung von Tyvek-Taschen\" class=\"wp-image-9132\" style=\"object-fit:cover;width:1140px;height:1256px\" srcset=\"https:\/\/avecobaggie.com\/wp-content\/uploads\/2025\/03\/Handling-process-selection-4-929x1024.jpg 929w, https:\/\/avecobaggie.com\/wp-content\/uploads\/2025\/03\/Handling-process-selection-4-272x300.jpg 272w, https:\/\/avecobaggie.com\/wp-content\/uploads\/2025\/03\/Handling-process-selection-4-768x846.jpg 768w, https:\/\/avecobaggie.com\/wp-content\/uploads\/2025\/03\/Handling-process-selection-4-600x661.jpg 600w, https:\/\/avecobaggie.com\/wp-content\/uploads\/2025\/03\/Handling-process-selection-4.jpg 1140w\" sizes=\"(max-width: 929px) 100vw, 929px\" \/><\/figure>\n\n\n\n<figure class=\"wp-block-table\"><table><tbody><tr><td>Beschreibung:<\/td><td><strong>Merkmal<\/strong><\/td><\/tr><tr><td><strong>Vorteile f\u00fcr die Umwelt<\/strong><\/td><td>1.&nbsp;<strong>Wiederverwendbar<\/strong>: Kann mehrfach gewaschen und wiederverwendet werden, was den Einwegm\u00fcll reduziert.<br>2.&nbsp;<strong>Biologisch abbaubares Material<\/strong>: Haupts\u00e4chlich auf Papierbasis, zersetzt sich schneller als Kunststoff.<br>3.&nbsp;<strong>Reduziert Plastikverschmutzung<\/strong>: Ersetzt herk\u00f6mmliche Plastikt\u00fcten und reduziert die Verschmutzung durch Mikroplastik.<\/td><\/tr><tr><td><strong>Funktionelle Merkmale<\/strong><\/td><td>1.&nbsp;<strong>Wasserdicht\/Wasserbest\u00e4ndig<\/strong>: Die behandelten Oberfl\u00e4chen widerstehen Besch\u00e4digungen beim Waschen.<br>2.&nbsp;<strong>Leicht und langlebig<\/strong>: St\u00e4rker als normale Papiers\u00e4cke mit h\u00f6herer Tragf\u00e4higkeit.<br>3.&nbsp;<strong>Leicht zu reinigen<\/strong>: Kann mit der Hand oder in der Maschine gewaschen werden (je nach Design) und trocknet schnell.<\/td><\/tr><tr><td><strong>Wirtschaftlicher Nutzen<\/strong><\/td><td>1.&nbsp;<strong>Langfristig niedrigere Kosten<\/strong>: Kosteng\u00fcnstig pro Anwendung im Vergleich zu Einwegprodukten.<br>2.&nbsp;<strong>Reduzierte R\u00fcckk\u00e4ufe<\/strong>: Die Wiederverwendbarkeit senkt die wiederkehrenden Kosten f\u00fcr Unternehmen\/Verbraucher.<\/td><\/tr><tr><td><strong>Praktische Anwendungen<\/strong><\/td><td>1.&nbsp;<strong>Vielseitig<\/strong>: Ideal zum Einkaufen, Aufbewahren, Reisen und mehr.<br>2.&nbsp;<strong>Tragbar<\/strong>: Kompakt zusammengeklappt, leicht zu transportieren.<br>3.&nbsp;<strong>Hochgradig anpassbar<\/strong>: Bedruckbar mit Designs oder Logos f\u00fcr das Branding.<\/td><\/tr><tr><td><strong>Appell an die Verbraucher<\/strong><\/td><td>1.&nbsp;<strong>Stilvolles Design<\/strong>: Kombiniert die Textur des Papiers mit moderner \u00c4sthetik und entspricht damit einem umweltfreundlichen Trend.<br>2.&nbsp;<strong>Gesundheitssicher<\/strong>: Chemikalienfreie Beschichtungen (bei einigen Produkten), sicherer f\u00fcr den Kontakt mit Lebensmitteln.<\/td><\/tr><tr><td><strong>Einhaltung der Politik<\/strong><\/td><td>1.&nbsp;<strong>Erf\u00fcllt die Vorschriften zum Plastikverbot<\/strong>: Entspricht dem weltweiten Verbot von Einwegplastik.<br>2.&nbsp;<strong>\u00d6ko-Zertifizierungen<\/strong>: Kann sich f\u00fcr Nachhaltigkeitssiegel qualifizieren und die ESG-Bewertung verbessern.<\/td><\/tr><\/tbody><\/table><\/figure>","protected":false},"excerpt":{"rendered":"<p>Washed Kraft | Velcro Seal | Black Logo\u00a0<\/p>","protected":false},"featured_media":9461,"comment_status":"open","ping_status":"closed","template":"","meta":{"_seopress_robots_primary_cat":"none","_seopress_titles_title":"Custom Washed Kraft tissue box holder with Velcro Closure","_seopress_titles_desc":"Washed kraft tissue box holder \u2013 25x14x16cm, Velcro closure, bulk custom.","_seopress_robots_index":""},"product_brand":[185],"product_cat":[190,29],"product_tag":[37,191],"class_list":{"0":"post-9460","1":"product","2":"type-product","3":"status-publish","4":"has-post-thumbnail","6":"product_brand-avecobaggie","7":"product_cat-washable-craft-paper-bag","8":"product_cat-tote-bag","9":"product_tag-tote-bag","10":"product_tag-washable-craft-paper-bag","12":"first","13":"instock","14":"taxable","15":"shipping-taxable","16":"product-type-simple"},"_links":{"self":[{"href":"https:\/\/avecobaggie.com\/de\/wp-json\/wp\/v2\/product\/9460","targetHints":{"allow":["GET"]}}],"collection":[{"href":"https:\/\/avecobaggie.com\/de\/wp-json\/wp\/v2\/product"}],"about":[{"href":"https:\/\/avecobaggie.com\/de\/wp-json\/wp\/v2\/types\/product"}],"replies":[{"embeddable":true,"href":"https:\/\/avecobaggie.com\/de\/wp-json\/wp\/v2\/comments?post=9460"}],"wp:featuredmedia":[{"embeddable":true,"href":"https:\/\/avecobaggie.com\/de\/wp-json\/wp\/v2\/media\/9461"}],"wp:attachment":[{"href":"https:\/\/avecobaggie.com\/de\/wp-json\/wp\/v2\/media?parent=9460"}],"wp:term":[{"taxonomy":"product_brand","embeddable":true,"href":"https:\/\/avecobaggie.com\/de\/wp-json\/wp\/v2\/product_brand?post=9460"},{"taxonomy":"product_cat","embeddable":true,"href":"https:\/\/avecobaggie.com\/de\/wp-json\/wp\/v2\/product_cat?post=9460"},{"taxonomy":"product_tag","embeddable":true,"href":"https:\/\/avecobaggie.com\/de\/wp-json\/wp\/v2\/product_tag?post=9460"}],"curies":[{"name":"wp","href":"https:\/\/api.w.org\/{rel}","templated":true}]}}