{"id":9480,"date":"2025-04-03T14:05:25","date_gmt":"2025-04-03T06:05:25","guid":{"rendered":"https:\/\/avecobaggie.com\/?post_type=product&#038;p=9480"},"modified":"2025-04-03T14:44:52","modified_gmt":"2025-04-03T06:44:52","slug":"custom-printed-washed-brown-paper-wine-bottle-bag","status":"publish","type":"product","link":"https:\/\/avecobaggie.com\/de\/produkt\/custom-printed-washed-brown-paper-wine-bottle-bag\/","title":{"rendered":"Individuell bedruckte gewaschenes braunes Papier Weinflasche Tasche"},"content":{"rendered":"<h2 class=\"wp-block-heading has-text-align-center\">Produktmerkmale <\/h2>\n\n\n\n<ol start=\"1\" class=\"wp-block-list\">\n<li><strong>Sustainable Luxury Design<\/strong>\n<ul class=\"wp-block-list\">\n<li><strong>100% recyclable washed kraft paper<\/strong>&nbsp;\u2013 biodegradable alternative to wasteful wooden boxes, aligning with&nbsp;<strong>zero-waste retail and carbon-neutral goals<\/strong>.<\/li>\n\n\n\n<li><strong>Cement grey or natural kraft color<\/strong>&nbsp;\u2013 minimalist Nordic aesthetic for high-end gifting or boutique wine brands.<\/li>\n<\/ul>\n<\/li>\n\n\n\n<li><strong>Dual Size Versatility<\/strong>\n<ul class=\"wp-block-list\">\n<li><strong>Single Bottle (16&#215;27.5&#215;8.2cm)<\/strong>: Securely holds 750ml standard wine bottles.<\/li>\n\n\n\n<li><strong>Dual Bottle (8.2x27x8.2cm)<\/strong>: Compact design for gift sets or vertical storage.<\/li>\n<\/ul>\n<\/li>\n\n\n\n<li><strong>Premium Functional Details<\/strong>\n<ul class=\"wp-block-list\">\n<li><strong>Full-grain leather handles<\/strong>&nbsp;\u2013 rivet-reinforced for&nbsp;<strong>5kg+ load capacity<\/strong>&nbsp;and ergonomic grip.<\/li>\n\n\n\n<li><strong>Reinforced base<\/strong>&nbsp;\u2013 prevents tipping during transport or display.<\/li>\n<\/ul>\n<\/li>\n\n\n\n<li><strong>B2B-zentrierter Wert<\/strong>\n<ul class=\"wp-block-list\">\n<li><strong>MOQ 500St\u00fcck<\/strong>&nbsp;\u2013 ideal for wineries, luxury hotels, or eco-conscious retailers.<\/li>\n\n\n\n<li><strong>20-Tage-Produktion<\/strong>\u00a0+\u00a0<strong>DDP-Versand<\/strong>\u00a0\u2013 flat-pack design reduces carbon footprint by\u00a0<strong>50%<\/strong>\u00a0vs. wooden crates.<\/li>\n\n\n\n<li><strong>Free UV-resistant logo printing<\/strong>&nbsp;\u2013 brand discreetly on the base or handles.<\/li>\n<\/ul>\n<\/li>\n<\/ol>\n\n\n\n<hr class=\"wp-block-separator has-alpha-channel-opacity\"\/>\n\n\n\n<h4 class=\"wp-block-heading has-text-align-center\"><strong><a href=\"https:\/\/avecobaggie.com\/de\/custom-tyvek-bag-manufacturer\/\" data-type=\"page\" data-id=\"8777\"><\/a><strong><a href=\"https:\/\/avecobaggie.com\/de\/custom-tyvek-bag-manufacturer\/\" data-type=\"page\" data-id=\"8777\"><\/a><strong><strong><strong><a href=\"https:\/\/avecobaggie.com\/de\/custom-tyvek-bag-manufacturer\/\" data-type=\"page\" data-id=\"8777\"><\/a><strong><strong><strong><a href=\"https:\/\/avecobaggie.com\/de\/custom-washable-paper-bag-manufactuer\/\" data-type=\"page\" data-id=\"8845\"><strong><strong><strong>Flexibilit\u00e4t bei der Anpassung<\/strong><\/strong><\/strong><\/a><\/strong><\/strong><\/strong><\/strong><\/strong><\/strong><\/strong><\/strong><\/h4>\n\n\n\n<ul class=\"wp-block-list\">\n<li><strong>Debossed logos<\/strong>&nbsp;oder&nbsp;<strong>foil-stamped patterns<\/strong>&nbsp;for tactile elegance.<\/li>\n\n\n\n<li><strong>QR code tags<\/strong>\u00a0linking to wine origins or tasting notes.<br><strong>Kundenspezifische Muster anfordern<\/strong>\u00a0\u2013 test with your signature wine bottles!<\/li>\n<\/ul>\n\n\n\n<figure class=\"wp-block-image size-large is-resized\"><img fetchpriority=\"high\" width=\"1024\" height=\"752\" src=\"https:\/\/avecobaggie.com\/wp-content\/uploads\/2025\/03\/Handling-process-selection-3-1024x752.jpg\" alt=\"Zubeh\u00f6r f\u00fcr Tyvek-Taschen\" class=\"wp-image-9131\" style=\"object-fit:cover;width:1140px;height:837px\" srcset=\"https:\/\/avecobaggie.com\/wp-content\/uploads\/2025\/03\/Handling-process-selection-3-1024x752.jpg 1024w, https:\/\/avecobaggie.com\/wp-content\/uploads\/2025\/03\/Handling-process-selection-3-300x220.jpg 300w, https:\/\/avecobaggie.com\/wp-content\/uploads\/2025\/03\/Handling-process-selection-3-768x564.jpg 768w, https:\/\/avecobaggie.com\/wp-content\/uploads\/2025\/03\/Handling-process-selection-3-600x441.jpg 600w, https:\/\/avecobaggie.com\/wp-content\/uploads\/2025\/03\/Handling-process-selection-3.jpg 1140w\" sizes=\"(max-width: 1024px) 100vw, 1024px\" \/><\/figure>\n\n\n\n<figure class=\"wp-block-image size-large is-resized\"><img width=\"929\" height=\"1024\" src=\"https:\/\/avecobaggie.com\/wp-content\/uploads\/2025\/03\/Handling-process-selection-4-929x1024.jpg\" alt=\"Griff Option f\u00fcr die Herstellung von Tyvek-Taschen\" class=\"wp-image-9132\" style=\"object-fit:cover;width:1140px;height:1256px\" srcset=\"https:\/\/avecobaggie.com\/wp-content\/uploads\/2025\/03\/Handling-process-selection-4-929x1024.jpg 929w, https:\/\/avecobaggie.com\/wp-content\/uploads\/2025\/03\/Handling-process-selection-4-272x300.jpg 272w, https:\/\/avecobaggie.com\/wp-content\/uploads\/2025\/03\/Handling-process-selection-4-768x846.jpg 768w, https:\/\/avecobaggie.com\/wp-content\/uploads\/2025\/03\/Handling-process-selection-4-600x661.jpg 600w, https:\/\/avecobaggie.com\/wp-content\/uploads\/2025\/03\/Handling-process-selection-4.jpg 1140w\" sizes=\"(max-width: 929px) 100vw, 929px\" \/><\/figure>\n\n\n\n<figure class=\"wp-block-table\"><table><tbody><tr><td>Beschreibung:<\/td><td><strong>Merkmal<\/strong><\/td><\/tr><tr><td><strong>Vorteile f\u00fcr die Umwelt<\/strong><\/td><td>1.&nbsp;<strong>Wiederverwendbar<\/strong>: Kann mehrfach gewaschen und wiederverwendet werden, was den Einwegm\u00fcll reduziert.<br>2.&nbsp;<strong>Biologisch abbaubares Material<\/strong>: Haupts\u00e4chlich auf Papierbasis, zersetzt sich schneller als Kunststoff.<br>3.&nbsp;<strong>Reduziert Plastikverschmutzung<\/strong>: Ersetzt herk\u00f6mmliche Plastikt\u00fcten und reduziert die Verschmutzung durch Mikroplastik.<\/td><\/tr><tr><td><strong>Funktionelle Merkmale<\/strong><\/td><td>1.&nbsp;<strong>Wasserdicht\/Wasserbest\u00e4ndig<\/strong>: Die behandelten Oberfl\u00e4chen widerstehen Besch\u00e4digungen beim Waschen.<br>2.&nbsp;<strong>Leicht und langlebig<\/strong>: St\u00e4rker als normale Papiers\u00e4cke mit h\u00f6herer Tragf\u00e4higkeit.<br>3.&nbsp;<strong>Leicht zu reinigen<\/strong>: Kann mit der Hand oder in der Maschine gewaschen werden (je nach Design) und trocknet schnell.<\/td><\/tr><tr><td><strong>Wirtschaftlicher Nutzen<\/strong><\/td><td>1.&nbsp;<strong>Langfristig niedrigere Kosten<\/strong>: Kosteng\u00fcnstig pro Anwendung im Vergleich zu Einwegprodukten.<br>2.&nbsp;<strong>Reduzierte R\u00fcckk\u00e4ufe<\/strong>: Die Wiederverwendbarkeit senkt die wiederkehrenden Kosten f\u00fcr Unternehmen\/Verbraucher.<\/td><\/tr><tr><td><strong>Praktische Anwendungen<\/strong><\/td><td>1.&nbsp;<strong>Vielseitig<\/strong>: Ideal zum Einkaufen, Aufbewahren, Reisen und mehr.<br>2.&nbsp;<strong>Tragbar<\/strong>: Kompakt zusammengeklappt, leicht zu transportieren.<br>3.&nbsp;<strong>Hochgradig anpassbar<\/strong>: Bedruckbar mit Designs oder Logos f\u00fcr das Branding.<\/td><\/tr><tr><td><strong>Appell an die Verbraucher<\/strong><\/td><td>1.&nbsp;<strong>Stilvolles Design<\/strong>: Kombiniert die Textur des Papiers mit moderner \u00c4sthetik und entspricht damit einem umweltfreundlichen Trend.<br>2.&nbsp;<strong>Gesundheitssicher<\/strong>: Chemikalienfreie Beschichtungen (bei einigen Produkten), sicherer f\u00fcr den Kontakt mit Lebensmitteln.<\/td><\/tr><tr><td><strong>Einhaltung der Politik<\/strong><\/td><td>1.&nbsp;<strong>Erf\u00fcllt die Vorschriften zum Plastikverbot<\/strong>: Entspricht dem weltweiten Verbot von Einwegplastik.<br>2.&nbsp;<strong>\u00d6ko-Zertifizierungen<\/strong>: Kann sich f\u00fcr Nachhaltigkeitssiegel qualifizieren und die ESG-Bewertung verbessern.<\/td><\/tr><\/tbody><\/table><\/figure>","protected":false},"excerpt":{"rendered":"<p>Washed Kraft | 2 Sizes | Eco Recyclable | Nordic Minimalist<\/p>","protected":false},"featured_media":9482,"comment_status":"open","ping_status":"closed","template":"","meta":{"_seopress_robots_primary_cat":"none","_seopress_titles_title":"Recycled Washed Paper Kraft Wine Bottle Bags | 2 Sizes","_seopress_titles_desc":"Washed kraft wine bags \u2013 2 sizes, eco recyclable, Nordic design,leather handle ,logo prints in front, durable not easy to tear. Send an enquiry Now!","_seopress_robots_index":""},"product_brand":[185],"product_cat":[190,29],"product_tag":[37,191],"class_list":{"0":"post-9480","1":"product","2":"type-product","3":"status-publish","4":"has-post-thumbnail","6":"product_brand-avecobaggie","7":"product_cat-washable-craft-paper-bag","8":"product_cat-tote-bag","9":"product_tag-tote-bag","10":"product_tag-washable-craft-paper-bag","12":"first","13":"instock","14":"taxable","15":"shipping-taxable","16":"product-type-simple"},"_links":{"self":[{"href":"https:\/\/avecobaggie.com\/de\/wp-json\/wp\/v2\/product\/9480","targetHints":{"allow":["GET"]}}],"collection":[{"href":"https:\/\/avecobaggie.com\/de\/wp-json\/wp\/v2\/product"}],"about":[{"href":"https:\/\/avecobaggie.com\/de\/wp-json\/wp\/v2\/types\/product"}],"replies":[{"embeddable":true,"href":"https:\/\/avecobaggie.com\/de\/wp-json\/wp\/v2\/comments?post=9480"}],"wp:featuredmedia":[{"embeddable":true,"href":"https:\/\/avecobaggie.com\/de\/wp-json\/wp\/v2\/media\/9482"}],"wp:attachment":[{"href":"https:\/\/avecobaggie.com\/de\/wp-json\/wp\/v2\/media?parent=9480"}],"wp:term":[{"taxonomy":"product_brand","embeddable":true,"href":"https:\/\/avecobaggie.com\/de\/wp-json\/wp\/v2\/product_brand?post=9480"},{"taxonomy":"product_cat","embeddable":true,"href":"https:\/\/avecobaggie.com\/de\/wp-json\/wp\/v2\/product_cat?post=9480"},{"taxonomy":"product_tag","embeddable":true,"href":"https:\/\/avecobaggie.com\/de\/wp-json\/wp\/v2\/product_tag?post=9480"}],"curies":[{"name":"wp","href":"https:\/\/api.w.org\/{rel}","templated":true}]}}