{"id":9509,"date":"2025-04-03T17:14:17","date_gmt":"2025-04-03T09:14:17","guid":{"rendered":"https:\/\/avecobaggie.com\/?post_type=product&#038;p=9509"},"modified":"2025-04-21T17:11:13","modified_gmt":"2025-04-21T09:11:13","slug":"washable-kraft-laptop-sleeve-with-magnetic-closure","status":"publish","type":"product","link":"https:\/\/avecobaggie.com\/de\/produkt\/washable-kraft-laptop-sleeve-with-magnetic-closure\/","title":{"rendered":"Waschbare Kraft-Laptop-Tasche mit Magnetverschluss"},"content":{"rendered":"<h2 class=\"wp-block-heading has-text-align-center\">Produktmerkmale <\/h2>\n\n\n\n<p><strong>Hybrides Schutzdesign<\/strong><br> <strong>\u00c4u\u00dfere Schicht<\/strong>:&nbsp;<strong>Waschbares Kraftpapier<\/strong>&nbsp;- Die wasserfeste Oberfl\u00e4che l\u00e4sst sich leicht abwischen und entwickelt eine einzigartige Vintage-Struktur.<br> <strong>Innere Schicht<\/strong>:&nbsp;<strong>Weicher Flanellstoff<\/strong>&nbsp;- Die kratzfeste Polsterung sch\u00fctzt Bildschirme\/Tastaturen vor St\u00f6\u00dfen.<\/p>\n\n\n\n<p><strong>Passgenauigkeit &amp; Funktion<\/strong><br> &nbsp;<strong>3 Universalgr\u00f6\u00dfen<\/strong>&nbsp;-<br>  30,5\u00d721,3\u00d71,6cm (13\") | \u2461 32,5\u00d722,7\u00d71,8cm (14\") | \u2462 36\u00d724,7\u00d71,8cm (16\")<br> &nbsp;<strong>Versteckte Magnetklappe<\/strong>&nbsp;- Sichere Aufbewahrung von Ger\u00e4ten ohne sperrige Rei\u00dfverschl\u00fcsse, minimalistische \u00c4sthetik.<\/p>\n\n\n\n<p><strong>Zweifache Publikumsansprache<\/strong><br> &nbsp;<strong>Fachleute aus der Wirtschaft<\/strong>: Schlanker Schutz f\u00fcr den Arbeitsweg (passend f\u00fcr MacBook\/Air\/Pro).<br> <strong>College-Studenten<\/strong>: Leicht und kunstvoll f\u00fcr das Campusleben - passt zu Rucks\u00e4cken.<br>&nbsp;<strong>Firmengeschenke<\/strong>: Bulk-Branding auf Kraftpapier f\u00fcr technik- und umweltbewusste Unternehmen.<\/p>\n\n\n\n<p><strong>Massive Vorteile<\/strong><br> <strong>MOQ 500St\u00fcck<\/strong>\u00a0- Mischen Sie die Gr\u00f6\u00dfen\/Designs je nach Ihrem Bedarf.<br> <strong>25-Tage-Produktion<\/strong>\u00a0+\u00a0<strong>DDP-Versand<\/strong>\u00a0- Kosteng\u00fcnstige weltweite Lieferung mit Vorauszahlung der Steuern.<br> <strong>Kostenloses Branding Mockup<\/strong>\u00a0- Vorschau auf die Platzierung des Logos (eingraviert oder gedruckt).<\/p>\n\n\n\n<hr class=\"wp-block-separator has-alpha-channel-opacity\"\/>\n\n\n\n<h4 class=\"wp-block-heading has-text-align-center\"><strong><a href=\"https:\/\/avecobaggie.com\/de\/custom-tyvek-bag-manufacturer\/\" data-type=\"page\" data-id=\"8777\"><\/a><strong><a href=\"https:\/\/avecobaggie.com\/de\/custom-tyvek-bag-manufacturer\/\" data-type=\"page\" data-id=\"8777\"><\/a><strong><strong><strong><a href=\"https:\/\/avecobaggie.com\/de\/custom-tyvek-bag-manufacturer\/\" data-type=\"page\" data-id=\"8777\"><\/a><strong><strong><strong><a href=\"https:\/\/avecobaggie.com\/de\/custom-washable-paper-bag-manufactuer\/\" data-type=\"page\" data-id=\"8845\"><strong><strong><strong>Flexibilit\u00e4t bei der Anpassung<\/strong><\/strong><\/strong><\/a><\/strong><\/strong><\/strong><\/strong><\/strong><\/strong><\/strong><\/strong><\/h4>\n\n\n\n<ul class=\"wp-block-list\">\n<li>- RFID-Blockierschicht f\u00fcr Datensicherheit<br>- Abnehmbarer Schultergurt (\u00d6ko-Gewebeband)<br>- Recyceltes Kraftpapier mit FSC-Zertifizierung<\/li>\n<\/ul>\n\n\n\n<figure class=\"wp-block-image size-large is-resized\"><img fetchpriority=\"high\" width=\"1024\" height=\"752\" src=\"https:\/\/avecobaggie.com\/wp-content\/uploads\/2025\/03\/Handling-process-selection-3-1024x752.jpg\" alt=\"Zubeh\u00f6r f\u00fcr Tyvek-Taschen\" class=\"wp-image-9131\" style=\"object-fit:cover;width:1140px;height:837px\" srcset=\"https:\/\/avecobaggie.com\/wp-content\/uploads\/2025\/03\/Handling-process-selection-3-1024x752.jpg 1024w, https:\/\/avecobaggie.com\/wp-content\/uploads\/2025\/03\/Handling-process-selection-3-300x220.jpg 300w, https:\/\/avecobaggie.com\/wp-content\/uploads\/2025\/03\/Handling-process-selection-3-768x564.jpg 768w, https:\/\/avecobaggie.com\/wp-content\/uploads\/2025\/03\/Handling-process-selection-3-600x441.jpg 600w, https:\/\/avecobaggie.com\/wp-content\/uploads\/2025\/03\/Handling-process-selection-3.jpg 1140w\" sizes=\"(max-width: 1024px) 100vw, 1024px\" \/><\/figure>\n\n\n\n<figure class=\"wp-block-image size-large is-resized\"><img width=\"929\" height=\"1024\" src=\"https:\/\/avecobaggie.com\/wp-content\/uploads\/2025\/03\/Handling-process-selection-4-929x1024.jpg\" alt=\"Griff Option f\u00fcr die Herstellung von Tyvek-Taschen\" class=\"wp-image-9132\" style=\"object-fit:cover;width:1140px;height:1256px\" srcset=\"https:\/\/avecobaggie.com\/wp-content\/uploads\/2025\/03\/Handling-process-selection-4-929x1024.jpg 929w, https:\/\/avecobaggie.com\/wp-content\/uploads\/2025\/03\/Handling-process-selection-4-272x300.jpg 272w, https:\/\/avecobaggie.com\/wp-content\/uploads\/2025\/03\/Handling-process-selection-4-768x846.jpg 768w, https:\/\/avecobaggie.com\/wp-content\/uploads\/2025\/03\/Handling-process-selection-4-600x661.jpg 600w, https:\/\/avecobaggie.com\/wp-content\/uploads\/2025\/03\/Handling-process-selection-4.jpg 1140w\" sizes=\"(max-width: 929px) 100vw, 929px\" \/><\/figure>\n\n\n\n<figure class=\"wp-block-table\"><table><tbody><tr><td>Beschreibung:<\/td><td><strong>Merkmal<\/strong><\/td><\/tr><tr><td><strong>Vorteile f\u00fcr die Umwelt<\/strong><\/td><td>1.&nbsp;<strong>Wiederverwendbar<\/strong>: Kann mehrfach gewaschen und wiederverwendet werden, was den Einwegm\u00fcll reduziert.<br>2.&nbsp;<strong>Biologisch abbaubares Material<\/strong>: Haupts\u00e4chlich auf Papierbasis, zersetzt sich schneller als Kunststoff.<br>3.&nbsp;<strong>Reduziert Plastikverschmutzung<\/strong>: Ersetzt herk\u00f6mmliche Plastikt\u00fcten und reduziert die Verschmutzung durch Mikroplastik.<\/td><\/tr><tr><td><strong>Funktionelle Merkmale<\/strong><\/td><td>1.&nbsp;<strong>Wasserdicht\/Wasserbest\u00e4ndig<\/strong>: Die behandelten Oberfl\u00e4chen widerstehen Besch\u00e4digungen beim Waschen.<br>2.&nbsp;<strong>Leicht und langlebig<\/strong>: St\u00e4rker als normale Papiers\u00e4cke mit h\u00f6herer Tragf\u00e4higkeit.<br>3.&nbsp;<strong>Leicht zu reinigen<\/strong>: Kann mit der Hand oder in der Maschine gewaschen werden (je nach Design) und trocknet schnell.<\/td><\/tr><tr><td><strong>Wirtschaftlicher Nutzen<\/strong><\/td><td>1.&nbsp;<strong>Langfristig niedrigere Kosten<\/strong>: Kosteng\u00fcnstig pro Anwendung im Vergleich zu Einwegprodukten.<br>2.&nbsp;<strong>Reduzierte R\u00fcckk\u00e4ufe<\/strong>: Die Wiederverwendbarkeit senkt die wiederkehrenden Kosten f\u00fcr Unternehmen\/Verbraucher.<\/td><\/tr><tr><td><strong>Praktische Anwendungen<\/strong><\/td><td>1.&nbsp;<strong>Vielseitig<\/strong>: Ideal zum Einkaufen, Aufbewahren, Reisen und mehr.<br>2.&nbsp;<strong>Tragbar<\/strong>: Kompakt zusammengeklappt, leicht zu transportieren.<br>3.&nbsp;<strong>Hochgradig anpassbar<\/strong>: Bedruckbar mit Designs oder Logos f\u00fcr das Branding.<\/td><\/tr><tr><td><strong>Appell an die Verbraucher<\/strong><\/td><td>1.&nbsp;<strong>Stilvolles Design<\/strong>: Kombiniert die Textur des Papiers mit moderner \u00c4sthetik und entspricht damit einem umweltfreundlichen Trend.<br>2.&nbsp;<strong>Gesundheitssicher<\/strong>: Chemikalienfreie Beschichtungen (bei einigen Produkten), sicherer f\u00fcr den Kontakt mit Lebensmitteln.<\/td><\/tr><tr><td><strong>Einhaltung der Politik<\/strong><\/td><td>1.&nbsp;<strong>Erf\u00fcllt die Vorschriften zum Plastikverbot<\/strong>: Entspricht dem weltweiten Verbot von Einwegplastik.<br>2.&nbsp;<strong>\u00d6ko-Zertifizierungen<\/strong>: Kann sich f\u00fcr Nachhaltigkeitssiegel qualifizieren und die ESG-Bewertung verbessern.<\/td><\/tr><\/tbody><\/table><\/figure>","protected":false},"excerpt":{"rendered":"<p>Spritzwassergesch\u00fctztes Kraftpapier | Gepolstertes Innenfutter | Benutzerfreundlich<\/p>","protected":false},"featured_media":9511,"comment_status":"open","ping_status":"closed","template":"","meta":{"_seopress_robots_primary_cat":"none","_seopress_titles_title":"Water-Resistant Kraft Laptop Sleeves | 3 Sizes | Bulk Business\/Student Use","_seopress_titles_desc":"Magnetic closure laptop sleeves: 3 sizes (13''-16''), washable kraft + plush lining. Splash-proof exterior & shock-absorbing core. Ideal for corporate gifts or campus merch.","_seopress_robots_index":""},"product_brand":[185],"product_cat":[190,110],"product_tag":[37,191],"class_list":{"0":"post-9509","1":"product","2":"type-product","3":"status-publish","4":"has-post-thumbnail","6":"product_brand-avecobaggie","7":"product_cat-washable-craft-paper-bag","8":"product_cat-travel","9":"product_tag-tote-bag","10":"product_tag-washable-craft-paper-bag","12":"first","13":"instock","14":"taxable","15":"shipping-taxable","16":"product-type-simple"},"_links":{"self":[{"href":"https:\/\/avecobaggie.com\/de\/wp-json\/wp\/v2\/product\/9509","targetHints":{"allow":["GET"]}}],"collection":[{"href":"https:\/\/avecobaggie.com\/de\/wp-json\/wp\/v2\/product"}],"about":[{"href":"https:\/\/avecobaggie.com\/de\/wp-json\/wp\/v2\/types\/product"}],"replies":[{"embeddable":true,"href":"https:\/\/avecobaggie.com\/de\/wp-json\/wp\/v2\/comments?post=9509"}],"wp:featuredmedia":[{"embeddable":true,"href":"https:\/\/avecobaggie.com\/de\/wp-json\/wp\/v2\/media\/9511"}],"wp:attachment":[{"href":"https:\/\/avecobaggie.com\/de\/wp-json\/wp\/v2\/media?parent=9509"}],"wp:term":[{"taxonomy":"product_brand","embeddable":true,"href":"https:\/\/avecobaggie.com\/de\/wp-json\/wp\/v2\/product_brand?post=9509"},{"taxonomy":"product_cat","embeddable":true,"href":"https:\/\/avecobaggie.com\/de\/wp-json\/wp\/v2\/product_cat?post=9509"},{"taxonomy":"product_tag","embeddable":true,"href":"https:\/\/avecobaggie.com\/de\/wp-json\/wp\/v2\/product_tag?post=9509"}],"curies":[{"name":"wp","href":"https:\/\/api.w.org\/{rel}","templated":true}]}}