{"id":9625,"date":"2025-04-11T10:30:15","date_gmt":"2025-04-11T02:30:15","guid":{"rendered":"https:\/\/avecobaggie.com\/?post_type=product&#038;p=9625"},"modified":"2025-04-23T20:53:55","modified_gmt":"2025-04-23T12:53:55","slug":"die-cut-plain-non-woven-shopping-bags-wholesale","status":"publish","type":"product","link":"https:\/\/avecobaggie.com\/de\/produkt\/die-cut-plain-non-woven-shopping-bags-wholesale\/","title":{"rendered":"Gestanzte einfache nicht gewebte Einkaufstaschen Gro\u00dfhandel"},"content":{"rendered":"<h2 class=\"wp-block-heading has-text-align-center\">Produktmerkmale<\/h2>\n\n\n\n<p><strong>Federleichte Promo-Power<\/strong><br> \u00a0<strong>Unten offenes Design<\/strong>\u00a0- 50% ist leichter als Standardbeh\u00e4lter und senkt die Versandkosten bei Gro\u00dfbestellungen.<br> \u00a0<strong><strong>Schlankes Design des gestanzten Griffs<\/strong><\/strong>\u00a0- Mit seinem klaren, modernen Schnitt ist dieses\u00a0<strong>Einbaugriff<\/strong>\u00a0sorgt f\u00fcr einen festen, komfortablen Griff bei gleichzeitig minimalistischem Aussehen. Keine zus\u00e4tzlichen Materialien, keine zus\u00e4tzlichen Kosten - nur intelligentes Design.<\/p>\n\n\n\n<p><strong>W\u00e4rmeversiegelte Konstruktion\u00a0\u00a0<\/strong><br>Durch Ultraschallschwei\u00dfen hergestellt, bieten diese Taschen\u00a0<strong>glatte, nahtlose Kanten<\/strong>\u00a0das unter Belastung nicht ausfranst oder rei\u00dft und Ihrer Verpackung ein hochwertiges Finish verleiht, w\u00e4hrend die strukturelle St\u00e4rke erhalten bleibt.<\/p>\n\n\n\n<p><strong>Leicht und dennoch langlebig\u00a0\u00a0<\/strong><br>Hergestellt aus\u00a0<strong>hochwertiges nicht gewebtes Polypropylen<\/strong>sind die Taschen\u00a0<strong>belastbar genug, um das N\u00f6tigste mitzunehmen<\/strong>\u00a0und Lebensmitteln noch\u00a0<strong>leicht genug f\u00fcr einfachen Transport und Lagerung<\/strong>Dadurch eignen sie sich perfekt f\u00fcr den Massenvertrieb.<\/p>\n\n\n\n<p><strong>Vollst\u00e4ndig anpassbar\u00a0\u00a0<\/strong><br>Wir bieten\u00a0<strong>Vollfl\u00e4chige Druckoptionen<\/strong>\u00a0damit Sie Ihr Markenlogo, Ihre Botschaften oder Ihre Kampagnenvorlagen in leuchtenden, lichtbest\u00e4ndigen Farben pr\u00e4sentieren k\u00f6nnen. W\u00e4hlen Sie aus einer breiten Palette von\u00a0<strong>Gr\u00f6\u00dfen, Farben und Ausf\u00fchrungen<\/strong>.<\/p>\n\n\n\n<p><strong>Umweltfreundlich und kosteneffektiv<\/strong><br>Diese wiederverwendbaren und 100% recycelbaren Taschen entsprechen modernen Umweltstandards und sind gleichzeitig kosteng\u00fcnstig. Ideal f\u00fcr\u00a0<strong>umweltbewusste Promotionen<\/strong>Fachveranstaltungen und nachhaltige Einzelhandelsstrategien<\/p>\n\n\n\n<p><strong>Flexibilit\u00e4t bei Gr\u00f6\u00dfe und Spezifikation<\/strong><br> &nbsp;<strong>5 Flache Abmessungen<\/strong>:<br>25x30cm (Flugbl\u00e4tter) \u2192 30x40cm (Zeitschriften) \u2192 40x50cm (Poster)<br> &nbsp;<strong>Dickenoptionen<\/strong>: 60-100gsm (Standard 80gsm)<br> &nbsp;<strong>Verschlusstypen<\/strong>: Oben offen | Knopfdruck | Gestanztes Fenster<\/p>\n\n\n\n<p><strong>Szenarien mit hoher Auswirkung<\/strong><br> \u00a0<strong>Stra\u00dfen-Teams<\/strong>2000 St\u00fcck - Verteilen Sie t\u00e4glich mehr als 5000 Flugbl\u00e4tter.<\/p>\n\n\n\n<hr class=\"wp-block-separator has-alpha-channel-opacity\"\/>\n\n\n\n<h4 class=\"wp-block-heading has-text-align-center\"><strong><strong><strong><strong><strong><strong><strong><strong><a href=\"https:\/\/avecobaggie.com\/de\/custom-washable-paper-bag-manufactuer\/\" data-type=\"page\" data-id=\"8845\"><strong><strong><strong>Personalisierung <\/strong><\/strong><\/strong><\/a><strong><strong><strong><a href=\"https:\/\/avecobaggie.com\/de\/customize-non-woven-bag-manufacturer\/\" data-type=\"page\" data-id=\"8967\">Flexibilit\u00e4t<\/a><\/strong><\/strong><\/strong><\/strong><\/strong><\/strong><\/strong><\/strong><\/strong><\/strong><\/strong><\/h4>\n\n\n\n<p>-\u00a0<strong>Dunkel leuchtende Tinte<\/strong>\u00a0f\u00fcr Nachtclub-Promotions<br>-\u00a0<strong>Perforierte Abrei\u00dfkupons<\/strong>\u00a0an den Seiten der Tasche<br><\/p>\n\n\n\n<figure class=\"wp-block-image size-full is-resized\"><img fetchpriority=\"high\" width=\"1530\" height=\"725\" src=\"https:\/\/avecobaggie.com\/wp-content\/uploads\/2025\/04\/Accessories-for-Non-woven-bag.jpg\" alt=\"Zubeh\u00f6r f\u00fcr Non woven bag\" class=\"wp-image-9551\" style=\"width:1180px\" srcset=\"https:\/\/avecobaggie.com\/wp-content\/uploads\/2025\/04\/Accessories-for-Non-woven-bag.jpg 1530w, https:\/\/avecobaggie.com\/wp-content\/uploads\/2025\/04\/Accessories-for-Non-woven-bag-300x142.jpg 300w, https:\/\/avecobaggie.com\/wp-content\/uploads\/2025\/04\/Accessories-for-Non-woven-bag-1024x485.jpg 1024w, https:\/\/avecobaggie.com\/wp-content\/uploads\/2025\/04\/Accessories-for-Non-woven-bag-768x364.jpg 768w, https:\/\/avecobaggie.com\/wp-content\/uploads\/2025\/04\/Accessories-for-Non-woven-bag-600x284.jpg 600w\" sizes=\"(max-width: 1530px) 100vw, 1530px\" \/><\/figure>\n\n\n\n<figure class=\"wp-block-image size-full is-resized\"><img width=\"790\" height=\"871\" src=\"https:\/\/avecobaggie.com\/wp-content\/uploads\/2025\/04\/Accessories-for-Non-woven-bag-2.jpg\" alt=\"Zubeh\u00f6r f\u00fcr Non woven bag\" class=\"wp-image-9552\" style=\"width:1180px\" srcset=\"https:\/\/avecobaggie.com\/wp-content\/uploads\/2025\/04\/Accessories-for-Non-woven-bag-2.jpg 790w, https:\/\/avecobaggie.com\/wp-content\/uploads\/2025\/04\/Accessories-for-Non-woven-bag-2-272x300.jpg 272w, https:\/\/avecobaggie.com\/wp-content\/uploads\/2025\/04\/Accessories-for-Non-woven-bag-2-768x847.jpg 768w, https:\/\/avecobaggie.com\/wp-content\/uploads\/2025\/04\/Accessories-for-Non-woven-bag-2-600x662.jpg 600w\" sizes=\"(max-width: 790px) 100vw, 790px\" \/><\/figure>\n\n\n\n<p><\/p>","protected":false},"excerpt":{"rendered":"<p>Leicht | Gestanzter Griff | Rei\u00dffest | Verschwei\u00dft | Wiederverwendbar\u00a0<\/p>","protected":false},"featured_media":9627,"comment_status":"open","ping_status":"closed","template":"","meta":{"_seopress_robots_primary_cat":"none","_seopress_titles_title":"Custom Laser-Cut Tote Bags | 5 Sizes | Bulk Advertising","_seopress_titles_desc":"Cost-effective laser-cut non-woven totes (25-50cm). Heat-sealed edges, 360\u00b0 printable surface. MOQ 2000 for trade shows\/street promotions.","_seopress_robots_index":""},"product_brand":[185],"product_cat":[105],"product_tag":[139],"class_list":{"0":"post-9625","1":"product","2":"type-product","3":"status-publish","4":"has-post-thumbnail","6":"product_brand-avecobaggie","7":"product_cat-non-woven-bag","8":"product_tag-non-woven-bag","10":"first","11":"instock","12":"taxable","13":"shipping-taxable","14":"product-type-simple"},"_links":{"self":[{"href":"https:\/\/avecobaggie.com\/de\/wp-json\/wp\/v2\/product\/9625","targetHints":{"allow":["GET"]}}],"collection":[{"href":"https:\/\/avecobaggie.com\/de\/wp-json\/wp\/v2\/product"}],"about":[{"href":"https:\/\/avecobaggie.com\/de\/wp-json\/wp\/v2\/types\/product"}],"replies":[{"embeddable":true,"href":"https:\/\/avecobaggie.com\/de\/wp-json\/wp\/v2\/comments?post=9625"}],"wp:featuredmedia":[{"embeddable":true,"href":"https:\/\/avecobaggie.com\/de\/wp-json\/wp\/v2\/media\/9627"}],"wp:attachment":[{"href":"https:\/\/avecobaggie.com\/de\/wp-json\/wp\/v2\/media?parent=9625"}],"wp:term":[{"taxonomy":"product_brand","embeddable":true,"href":"https:\/\/avecobaggie.com\/de\/wp-json\/wp\/v2\/product_brand?post=9625"},{"taxonomy":"product_cat","embeddable":true,"href":"https:\/\/avecobaggie.com\/de\/wp-json\/wp\/v2\/product_cat?post=9625"},{"taxonomy":"product_tag","embeddable":true,"href":"https:\/\/avecobaggie.com\/de\/wp-json\/wp\/v2\/product_tag?post=9625"}],"curies":[{"name":"wp","href":"https:\/\/api.w.org\/{rel}","templated":true}]}}