{"id":983,"date":"2021-02-09T16:39:43","date_gmt":"2021-02-09T08:39:43","guid":{"rendered":"https:\/\/avecobaggie.com\/?post_type=product&#038;p=983"},"modified":"2021-03-30T11:23:01","modified_gmt":"2021-03-30T03:23:01","slug":"custom-cotton-drawstring-bag","status":"publish","type":"product","link":"https:\/\/avecobaggie.com\/de\/produkt\/custom-cotton-drawstring-bag\/","title":{"rendered":"Individuelle Baumwoll-Kordelzugtasche"},"content":{"rendered":"<p>Aveco bietet haupts\u00e4chlich kundenspezifische \u00d6ko-Taschen mit einem One-Stop-Shop-L\u00f6sungs-Service. Wir haben auch einige grundlegende Form der Taschen f\u00fcr einen einfachen Start als auf der Website von aufgef\u00fchrt\u00a0\u00a0<a href=\"https:\/\/avecobaggie.com\/de\/produkt-kategorie\/bags-in-stock\/\"> Taschen auf Lager <\/a>. die meisten der auf Lager befindlichen Taschen sind unbedruckt, so dass es f\u00fcr Sie einfacher ist, ein eigenes Logo oder Etikett f\u00fcr Ihre Kunden zu erstellen, ohne dass Sie ein Minimum ben\u00f6tigen.<\/p>\n<p><span class=\"Apple-converted-space\">\u00a0 \u00a0 Wenn Sie diese \u00d6ko-Taschen individuell gestalten wollen, ist das auch ganz einfach, einige der Taschen sind sogar mit extrem niedrigen <\/span>MOQ f\u00fcr kundenspezifische Oberfl\u00e4chen. Besonders Baumwolle oder Segeltuch Tasche ist extrem niedrig bei 100pieces oder sogar weniger zu unterst\u00fctzen Anf\u00e4nger, gehen Sie zu <a href=\"https:\/\/avecobaggie.com\/de\/custom-solutions\/\"><strong>MASSGESCHNEIDERTE L\u00d6SUNGEN<\/strong><\/a> um mehr \u00fcber individuelle Taschen zu erfahren.<\/p>\n<h3 class=\"p1\"><span style=\"color: #333333;\">\u00a0Produktmerkmale f\u00fcr Custom Cotton Drawstring Bag<\/span><\/h3>\n<ul>\n<li><strong>Tasche Stil<\/strong>: Kordelzug Tasche<\/li>\n<li><strong>Material Typ<\/strong>: Nat\u00fcrliche Baumwolle 100%<\/li>\n<li><strong>Material Gewicht<\/strong>: 6oz<\/li>\n<li><strong>Material Farbe<\/strong>: Dunkelbeige, Hellbeige<\/li>\n<li><strong>Gr\u00f6\u00dfe der Tasche<\/strong>: 4\u2033W x 6\u2033H |6\u2033W x 8\u2033H|10\u2033W x 12\u2033H\uff08 Liste mit beliebten Gr\u00f6\u00dfe, wir akzeptieren kundenspezifische Gr\u00f6\u00dfe Tasche \uff09<\/li>\n<li><strong>Impressum Bereich<\/strong>: 1-farbig | 2-farbig | mehrfarbig| Vollfl\u00e4chiger Druck, ein- oder zweiseitiger Druck<\/li>\n<li><strong>Schlie\u00dfung<\/strong>: Kordelzug<\/li>\n<li><strong>Pflegehinweise<\/strong>: Handw\u00e4sche empfohlen, Maschinenw\u00e4sche ist auch ok, h\u00e4ngen trocken.<\/li>\n<\/ul>\n<p><strong>Hinweise:Bei Baumwollstoffen kann es nach dem Waschen zu einem leichten Einlaufen kommen.<\/strong><\/p>","protected":false},"excerpt":{"rendered":"<p>Perfekt f\u00fcr Geschenke mit Kauf Programme und Werbegeschenke, erhalten mit Ihrem Logo auf der Baumwolle Kordelzug Tasche angepasst und erweitern Sie Ihre Markenbekanntheit<\/p>","protected":false},"featured_media":688,"comment_status":"open","ping_status":"closed","template":"","meta":{"_seopress_robots_primary_cat":"none","_seopress_titles_title":"China Custom Cotton Drawstring Bag Manufacturer &amp; Wholesaler","_seopress_titles_desc":"Various shapes, thickness and Sizes give you more choices on Custom cotton drawstring bag.Sample proofing in 3 days,Fast turn around,0 Claim quality","_seopress_robots_index":""},"product_brand":[],"product_cat":[92,102,111],"product_tag":[],"class_list":{"0":"post-983","1":"product","2":"type-product","3":"status-publish","4":"has-post-thumbnail","6":"product_cat-drawstring-bag","7":"product_cat-cotton-canvas-bag","8":"product_cat-promotional-events","10":"first","11":"instock","12":"taxable","13":"shipping-taxable","14":"product-type-simple"},"_links":{"self":[{"href":"https:\/\/avecobaggie.com\/de\/wp-json\/wp\/v2\/product\/983","targetHints":{"allow":["GET"]}}],"collection":[{"href":"https:\/\/avecobaggie.com\/de\/wp-json\/wp\/v2\/product"}],"about":[{"href":"https:\/\/avecobaggie.com\/de\/wp-json\/wp\/v2\/types\/product"}],"replies":[{"embeddable":true,"href":"https:\/\/avecobaggie.com\/de\/wp-json\/wp\/v2\/comments?post=983"}],"wp:featuredmedia":[{"embeddable":true,"href":"https:\/\/avecobaggie.com\/de\/wp-json\/wp\/v2\/media\/688"}],"wp:attachment":[{"href":"https:\/\/avecobaggie.com\/de\/wp-json\/wp\/v2\/media?parent=983"}],"wp:term":[{"taxonomy":"product_brand","embeddable":true,"href":"https:\/\/avecobaggie.com\/de\/wp-json\/wp\/v2\/product_brand?post=983"},{"taxonomy":"product_cat","embeddable":true,"href":"https:\/\/avecobaggie.com\/de\/wp-json\/wp\/v2\/product_cat?post=983"},{"taxonomy":"product_tag","embeddable":true,"href":"https:\/\/avecobaggie.com\/de\/wp-json\/wp\/v2\/product_tag?post=983"}],"curies":[{"name":"wp","href":"https:\/\/api.w.org\/{rel}","templated":true}]}}