{"id":9841,"date":"2025-04-18T15:55:15","date_gmt":"2025-04-18T07:55:15","guid":{"rendered":"https:\/\/avecobaggie.com\/?post_type=product&#038;p=9841"},"modified":"2025-05-09T16:50:01","modified_gmt":"2025-05-09T08:50:01","slug":"earthwise-polyester-reusable-mesh-produce-bags-wholesale","status":"publish","type":"product","link":"https:\/\/avecobaggie.com\/de\/produkt\/earthwise-polyester-reusable-mesh-produce-bags-wholesale\/","title":{"rendered":"Earthwise Polyester Wiederverwendbare Mesh Produce Bags Gro\u00dfhandel"},"content":{"rendered":"<h2 class=\"wp-block-heading has-text-align-center\">Produktmerkmale<\/h2>\n\n\n\n<p><strong>Nachhaltiges und funktionelles Material<\/strong><\/p>\n\n\n\n<ul class=\"wp-block-list\">\n<li><strong>Polyester-Netz<\/strong>Wiederverwendbar und atmungsaktiv.<\/li>\n\n\n\n<li><strong>Verst\u00e4rkte N\u00e4hte<\/strong>: Doppelt gen\u00e4hte Kan\u00e4le verhindern das Ausfransen, getestet f\u00fcr 100+ Waschg\u00e4nge.<\/li>\n<\/ul>\n\n\n\n<p><strong>Matrix f\u00fcr Pr\u00e4zisionsgr\u00f6\u00dfen<\/strong><\/p>\n\n\n\n<figure class=\"wp-block-table\"><table class=\"has-fixed-layout\"><thead><tr><th><strong>Gr\u00f6\u00dfe<\/strong><\/th><th><strong>Kapazit\u00e4t<\/strong><\/th><th><strong>Ideal f\u00fcr<\/strong><\/th><\/tr><\/thead><tbody><tr><td>Klein (30x20cm)<\/td><td>5kg<\/td><td>Beeren, Kr\u00e4uter, loses Blattgem\u00fcse<\/td><\/tr><tr><td>Mittel (30x35cm)<\/td><td>6,5 kg<\/td><td>\u00c4pfel, Zitrusfr\u00fcchte, Wurzelgem\u00fcse<\/td><\/tr><tr><td>Gro\u00df (30x43cm)<\/td><td>8kg<\/td><td>Blattgem\u00fcse, Melonen, lose Ware<\/td><\/tr><\/tbody><\/table><\/figure>\n\n\n\n<p><strong>Technische Vorteile<\/strong><\/p>\n\n\n\n<ul class=\"wp-block-list\">\n<li><strong>Atmungsaktives Design<\/strong>: 3mm Maschenweite reduzieren die Kondensation und verl\u00e4ngern die Frische der Produkte um 30%.<\/li>\n\n\n\n<li><strong>Schnell trocknendes Gewebe<\/strong>: Maschinenwaschbares Material trocknet 2x schneller als Alternativen aus Baumwolle.<\/li>\n\n\n\n<li><strong>Rutschfester Kordelzug<\/strong>: Geflochtene Polyesterschnur mit Verschlussknebel f\u00fcr sicheren Halt.<\/li>\n<\/ul>\n\n\n\n<p><strong>B2B-Anpassung<\/strong><\/p>\n\n\n\n<ul class=\"wp-block-list\">\n<li><strong>MOQ 2000 Einheiten<\/strong>: Gr\u00f6\u00dfen\/Drucke mischen <\/li>\n\n\n\n<li><strong>Kundenspezifisches Branding<\/strong>: Logos\/Text im Siebdruckverfahren und Tara-Etikett .<\/li>\n\n\n\n<li><strong>Schnelles Sampling<\/strong>: Massenproduktion in 20-30 Tagen.<\/li>\n<\/ul>\n\n\n\n<hr class=\"wp-block-separator has-alpha-channel-opacity\"\/>\n\n\n\n<h3 class=\"wp-block-heading has-text-align-center\"><strong><strong><strong><strong><strong><strong><strong><strong><a href=\"https:\/\/avecobaggie.com\/de\/custom-washable-paper-bag-manufactuer\/\" data-type=\"page\" data-id=\"8845\"><strong><strong><strong>Personalisierung <\/strong><\/strong><\/strong><\/a><strong><strong><strong><a href=\"https:\/\/avecobaggie.com\/de\/customize-rpet-bag-manufacturer\/\" data-type=\"link\" data-id=\"https:\/\/avecobaggie.com\/customize-rpet-bag-manufacturer\/\">Flexibilit\u00e4t<\/a><\/strong><\/strong><\/strong><\/strong><\/strong><\/strong><\/strong><\/strong><\/strong><\/strong><\/strong><\/h3>\n\n\n\n<ul class=\"wp-block-list\">\n<li><strong>Tragbare Lagerung<\/strong>: Das flach verpackte Design spart 60% Transportfl\u00e4che gegen\u00fcber starren Containern.<\/li>\n\n\n\n<li><strong>Bereit zur Einhaltung der Vorschriften<\/strong>: FDA-konform f\u00fcr den Kontakt mit Lebensmitteln mit optionaler Anti-Schimmel-Behandlung.<\/li>\n<\/ul>\n\n\n\n<figure class=\"wp-block-image size-full is-resized\"><img fetchpriority=\"high\" width=\"1530\" height=\"725\" src=\"https:\/\/avecobaggie.com\/wp-content\/uploads\/2025\/04\/Accessories-for-Non-woven-bag.jpg\" alt=\"Zubeh\u00f6r f\u00fcr Non woven bag\" class=\"wp-image-9551\" style=\"width:1180px\" srcset=\"https:\/\/avecobaggie.com\/wp-content\/uploads\/2025\/04\/Accessories-for-Non-woven-bag.jpg 1530w, https:\/\/avecobaggie.com\/wp-content\/uploads\/2025\/04\/Accessories-for-Non-woven-bag-300x142.jpg 300w, https:\/\/avecobaggie.com\/wp-content\/uploads\/2025\/04\/Accessories-for-Non-woven-bag-1024x485.jpg 1024w, https:\/\/avecobaggie.com\/wp-content\/uploads\/2025\/04\/Accessories-for-Non-woven-bag-768x364.jpg 768w, https:\/\/avecobaggie.com\/wp-content\/uploads\/2025\/04\/Accessories-for-Non-woven-bag-600x284.jpg 600w\" sizes=\"(max-width: 1530px) 100vw, 1530px\" \/><\/figure>\n\n\n\n<figure class=\"wp-block-image size-full is-resized\"><img width=\"790\" height=\"871\" src=\"https:\/\/avecobaggie.com\/wp-content\/uploads\/2025\/04\/Accessories-for-Non-woven-bag-2.jpg\" alt=\"Zubeh\u00f6r f\u00fcr Non woven bag\" class=\"wp-image-9552\" style=\"width:1180px\" srcset=\"https:\/\/avecobaggie.com\/wp-content\/uploads\/2025\/04\/Accessories-for-Non-woven-bag-2.jpg 790w, https:\/\/avecobaggie.com\/wp-content\/uploads\/2025\/04\/Accessories-for-Non-woven-bag-2-272x300.jpg 272w, https:\/\/avecobaggie.com\/wp-content\/uploads\/2025\/04\/Accessories-for-Non-woven-bag-2-768x847.jpg 768w, https:\/\/avecobaggie.com\/wp-content\/uploads\/2025\/04\/Accessories-for-Non-woven-bag-2-600x662.jpg 600w\" sizes=\"(max-width: 790px) 100vw, 790px\" \/><\/figure>\n\n\n\n<p><\/p>","protected":false},"excerpt":{"rendered":"<p>Mehrere Gr\u00f6\u00dfen | 5-8kg Kapazit\u00e4t | Waschbar &amp; wiederverwendbar<\/p>","protected":false},"featured_media":9842,"comment_status":"open","ping_status":"closed","template":"","meta":{"_seopress_robots_primary_cat":"none","_seopress_titles_title":"Earthwise Polyester Reusable Mesh Produce Bags Wholesale","_seopress_titles_desc":"Polyester mesh drawstring bags in 3 sizes (30x20-43cm). Breathable, washable, and customizable. MOQ 2000 for grocers, markets & eco brands.","_seopress_robots_index":""},"product_brand":[185],"product_cat":[92],"product_tag":[139],"class_list":{"0":"post-9841","1":"product","2":"type-product","3":"status-publish","4":"has-post-thumbnail","6":"product_brand-avecobaggie","7":"product_cat-drawstring-bag","8":"product_tag-non-woven-bag","10":"first","11":"instock","12":"taxable","13":"shipping-taxable","14":"product-type-simple"},"_links":{"self":[{"href":"https:\/\/avecobaggie.com\/de\/wp-json\/wp\/v2\/product\/9841","targetHints":{"allow":["GET"]}}],"collection":[{"href":"https:\/\/avecobaggie.com\/de\/wp-json\/wp\/v2\/product"}],"about":[{"href":"https:\/\/avecobaggie.com\/de\/wp-json\/wp\/v2\/types\/product"}],"replies":[{"embeddable":true,"href":"https:\/\/avecobaggie.com\/de\/wp-json\/wp\/v2\/comments?post=9841"}],"wp:featuredmedia":[{"embeddable":true,"href":"https:\/\/avecobaggie.com\/de\/wp-json\/wp\/v2\/media\/9842"}],"wp:attachment":[{"href":"https:\/\/avecobaggie.com\/de\/wp-json\/wp\/v2\/media?parent=9841"}],"wp:term":[{"taxonomy":"product_brand","embeddable":true,"href":"https:\/\/avecobaggie.com\/de\/wp-json\/wp\/v2\/product_brand?post=9841"},{"taxonomy":"product_cat","embeddable":true,"href":"https:\/\/avecobaggie.com\/de\/wp-json\/wp\/v2\/product_cat?post=9841"},{"taxonomy":"product_tag","embeddable":true,"href":"https:\/\/avecobaggie.com\/de\/wp-json\/wp\/v2\/product_tag?post=9841"}],"curies":[{"name":"wp","href":"https:\/\/api.w.org\/{rel}","templated":true}]}}