{"id":9886,"date":"2025-04-21T15:36:34","date_gmt":"2025-04-21T07:36:34","guid":{"rendered":"https:\/\/avecobaggie.com\/?post_type=product&#038;p=9886"},"modified":"2025-05-09T17:40:50","modified_gmt":"2025-05-09T09:40:50","slug":"custom-blue-rpet-tote-bag-that-fold-into-pouch-36x42cm","status":"publish","type":"product","link":"https:\/\/avecobaggie.com\/de\/produkt\/custom-blue-rpet-tote-bag-that-fold-into-pouch-36x42cm\/","title":{"rendered":"Custom Blue rpet Tote Bag, die in Beutel falten | 36x42cm"},"content":{"rendered":"<h2 class=\"wp-block-heading has-text-align-center\">Produktmerkmale<\/h2>\n\n\n\n<p><strong>Nachhaltiges &amp; kompaktes Design<\/strong><\/p>\n\n\n\n<ul class=\"wp-block-list\">\n<li><strong>GRS-zertifiziertes rPET-Gewebe<\/strong>: 190T blaues Polyester aus mehr als 10 recycelten Flaschen pro Tasche, das 35% leichter ist als herk\u00f6mmliches Segeltuch.<\/li>\n\n\n\n<li><strong>Selbst\u00e4ndige Lagerung<\/strong>: Faltet sich in den beigef\u00fcgten blauen Au\u00dfenbeutel (15x18cm) mit Kordelzugverschluss aus Stoff.<\/li>\n<\/ul>\n\n\n\n<p><strong>Funktionelle H\u00f6hepunkte<\/strong><\/p>\n\n\n\n<ul class=\"wp-block-list\">\n<li><strong>Dual-Use-F\u00e4cher<\/strong>:\n<ul class=\"wp-block-list\">\n<li><strong>Haupttasche<\/strong>: 36x42cm Platz f\u00fcr gefaltete Decken, Lebensmittel oder Sportklamotten.<\/li>\n\n\n\n<li><strong>\u00c4u\u00dferes Etui<\/strong>: Schnell zug\u00e4ngliche Aufbewahrung f\u00fcr Kleinigkeiten (Schl\u00fcssel, Masken, Karten).<\/li>\n<\/ul>\n<\/li>\n\n\n\n<li><strong>Verst\u00e4rkte N\u00e4hte<\/strong>: Verriegelte Griffe und Belastungspunkte f\u00fcr 7 kg dynamische Belastung getestet.<\/li>\n<\/ul>\n\n\n\n<p><strong>Saubere Branding-Integration<\/strong><\/p>\n\n\n\n<ul class=\"wp-block-list\">\n<li><strong>Zentraler Siebdruck<\/strong>: Einfarbiges Logo\/Text mit lichtechter Tinte .<\/li>\n\n\n\n<li><strong>Monochromatische \u00c4sthetik<\/strong>: Abgestimmte blaue Stoffe und Akzente f\u00fcr eine minimalistische Markenausrichtung.<\/li>\n<\/ul>\n\n\n\n<hr class=\"wp-block-separator has-alpha-channel-opacity\"\/>\n\n\n\n<h3 class=\"wp-block-heading has-text-align-center\"><strong>B2B-Anwendungen<\/strong><\/h3>\n\n\n\n<figure class=\"wp-block-table\"><table class=\"has-fixed-layout\"><thead><tr><th><strong>Industrie<\/strong><\/th><th><strong>Anwendungsfall<\/strong><\/th><th><strong>Benutzerdefiniertes Upgrade<\/strong><\/th><\/tr><\/thead><tbody><tr><td><strong>Organisation zu Hause<\/strong><\/td><td>Geb\u00fcndelte Staurauml\u00f6sungen f\u00fcr Schr\u00e4nke<\/td><td>Gr\u00f6\u00dfenbeschriftungen f\u00fcr die Inhaltsverfolgung hinzuf\u00fcgen<\/td><\/tr><tr><td><strong>Lebensmitteleinzelhandel<\/strong><\/td><td>Wiederverwendbare Produkt-\/Sammelguttr\u00e4ger<\/td><td>Taragewicht aufgedruckt auf dem Boden (+$0.10\/Beutel)<\/td><\/tr><tr><td><strong>Firmengeschenke<\/strong><\/td><td>Wellness-Kits f\u00fcr Mitarbeiter<\/td><td>Gepr\u00e4gtes Logo auf der Au\u00dfentasche<\/td><\/tr><tr><td><strong>Umweltbildung<\/strong><\/td><td>Schulische Nachhaltigkeitsprogramme<\/td><td>QR-Codes, die zu Recycling-Leitf\u00e4den f\u00fchren<\/td><\/tr><\/tbody><\/table><\/figure>\n\n\n\n<hr class=\"wp-block-separator has-alpha-channel-opacity\"\/>\n\n\n\n<h3 class=\"wp-block-heading has-text-align-center\"><strong>Seite-an-Seite-Vergleich<\/strong><\/h3>\n\n\n\n<figure class=\"wp-block-table\"><table class=\"has-fixed-layout\"><thead><tr><th><strong>Kriterien<\/strong><\/th><th><strong>Traditioneller Vliesstoff<\/strong><\/th><th><strong>rPET-Lycra-Mischung<\/strong><\/th><th><strong>B2B-Empfehlung<\/strong><\/th><\/tr><\/thead><tbody><tr><td><strong>Quelle des Materials<\/strong><\/td><td>Nackte Polypropylenfasern<\/td><td>\u2705 85%+ recycelte PET-Flaschen (GRS-zertifiziert)<\/td><td>Entscheiden Sie sich f\u00fcr rPET f\u00fcr die Einhaltung der Umweltvorschriften<\/td><\/tr><tr><td><strong>Zertifizierungen<\/strong><\/td><td>\u274c Keine<\/td><td>\u2705 GRS\/OCS-Zertifizierungen verf\u00fcgbar<\/td><td>Obligatorisch f\u00fcr EU-Exporte\/Luxusmarken<\/td><\/tr><tr><td><strong>Dauerhaftigkeit<\/strong><\/td><td>80-120 Wiederverwendungszyklen<\/td><td>150-200 Wiederverwendungszyklen (+30% Rei\u00dffestigkeit)<\/td><td>Langfristiger Einsatz: rPET<\/td><\/tr><tr><td><strong>Druckqualit\u00e4t<\/strong><\/td><td>Anf\u00e4llig f\u00fcr Verblassen<\/td><td>\u2705 Hochaufl\u00f6sender Druck (0,2 mm Genauigkeit)<\/td><td>Komplexe Konstruktionen: rPET<\/td><\/tr><tr><td><strong>Kosten<\/strong><\/td><td>billig<\/td><td>mittel<\/td><td>Budget-orientiert: Vliesstoff<\/td><\/tr><tr><td><strong>Vorlaufzeit<\/strong><\/td><td>20-25 Tage <\/td><td>20-25 Tage <\/td><td>Dringende Auftr\u00e4ge: rPET<\/td><\/tr><tr><td><strong>Kohlenstoff-Fu\u00dfabdruck<\/strong><\/td><td>3,2kg CO2\/100Stk<\/td><td>0,8kg CO2\/100St\u00fcck (-75%)<\/td><td>ESG-fokussierte Marken: rPET<\/td><\/tr><tr><td><strong>Endverbraucher-Pr\u00e4mie<\/strong><\/td><td>+10%-15% Aufschlag<\/td><td>+30%-50% Aufschlag (\u00d6kowert)<\/td><td>Luxus-\/Limitierte Editionen: rPET<\/td><\/tr><\/tbody><\/table><\/figure>\n\n\n\n<hr class=\"wp-block-separator has-alpha-channel-opacity\"\/>\n\n\n\n<h4 class=\"wp-block-heading has-text-align-center\"><strong><strong><strong><strong><strong><strong><strong><strong><a href=\"https:\/\/avecobaggie.com\/de\/custom-washable-paper-bag-manufactuer\/\" data-type=\"page\" data-id=\"8845\"><strong><strong><strong>Personalisierung <\/strong><\/strong><\/strong><\/a><strong><strong><strong><a href=\"https:\/\/avecobaggie.com\/de\/customize-rpet-bag-manufacturer\/\" data-type=\"link\" data-id=\"https:\/\/avecobaggie.com\/customize-rpet-bag-manufacturer\/\">Flexibilit\u00e4t<\/a><\/strong><\/strong><\/strong><\/strong><\/strong><\/strong><\/strong><\/strong><\/strong><\/strong><\/strong><\/h4>\n\n\n\n<ul class=\"wp-block-list\">\n<li><strong>MOQ 2000<\/strong>: jedes beliebige Material und jede beliebige Farbe<\/li>\n\n\n\n<li><strong>20-30 Tage Produktion<\/strong>: DDP-Versand in \u00fcber 30 L\u00e4nder.<\/li>\n\n\n\n<li><strong>Qualit\u00e4tskontrolle<\/strong>: 3-stufige Pr\u00fcfung (Unversehrtheit der Naht, Druckausrichtung, Belastungstest).<\/li>\n<\/ul>\n\n\n\n<figure class=\"wp-block-image size-full is-resized\"><img fetchpriority=\"high\" width=\"1530\" height=\"725\" src=\"https:\/\/avecobaggie.com\/wp-content\/uploads\/2025\/04\/Accessories-for-Non-woven-bag.jpg\" alt=\"Zubeh\u00f6r f\u00fcr Non woven bag\" class=\"wp-image-9551\" style=\"width:1180px\" srcset=\"https:\/\/avecobaggie.com\/wp-content\/uploads\/2025\/04\/Accessories-for-Non-woven-bag.jpg 1530w, https:\/\/avecobaggie.com\/wp-content\/uploads\/2025\/04\/Accessories-for-Non-woven-bag-300x142.jpg 300w, https:\/\/avecobaggie.com\/wp-content\/uploads\/2025\/04\/Accessories-for-Non-woven-bag-1024x485.jpg 1024w, https:\/\/avecobaggie.com\/wp-content\/uploads\/2025\/04\/Accessories-for-Non-woven-bag-768x364.jpg 768w, https:\/\/avecobaggie.com\/wp-content\/uploads\/2025\/04\/Accessories-for-Non-woven-bag-600x284.jpg 600w\" sizes=\"(max-width: 1530px) 100vw, 1530px\" \/><\/figure>\n\n\n\n<figure class=\"wp-block-image size-full is-resized\"><img width=\"790\" height=\"871\" src=\"https:\/\/avecobaggie.com\/wp-content\/uploads\/2025\/04\/Accessories-for-Non-woven-bag-2.jpg\" alt=\"Zubeh\u00f6r f\u00fcr Non woven bag\" class=\"wp-image-9552\" style=\"width:1180px\" srcset=\"https:\/\/avecobaggie.com\/wp-content\/uploads\/2025\/04\/Accessories-for-Non-woven-bag-2.jpg 790w, https:\/\/avecobaggie.com\/wp-content\/uploads\/2025\/04\/Accessories-for-Non-woven-bag-2-272x300.jpg 272w, https:\/\/avecobaggie.com\/wp-content\/uploads\/2025\/04\/Accessories-for-Non-woven-bag-2-768x847.jpg 768w, https:\/\/avecobaggie.com\/wp-content\/uploads\/2025\/04\/Accessories-for-Non-woven-bag-2-600x662.jpg 600w\" sizes=\"(max-width: 790px) 100vw, 790px\" \/><\/figure>\n\n\n\n<p><\/p>","protected":false},"excerpt":{"rendered":"<p>Faltbares Design | 7kg Kapazit\u00e4t | Siebdruck-Logo\u00a0<\/p>","protected":false},"featured_media":9892,"comment_status":"open","ping_status":"closed","template":"","meta":{"_seopress_robots_primary_cat":"none","_seopress_titles_title":"Custom Blue rPET Tote Bags folds in to Pouch | Logo Branding","_seopress_titles_desc":"Reusable 36x42cm rPET tote bag with integrated storage pouch. 7kg load, 190T\/210T fabric options. MOQ 2000 for household, retail & eco branding.","_seopress_robots_index":""},"product_brand":[185],"product_cat":[193,29,100],"product_tag":[],"class_list":{"0":"post-9886","1":"product","2":"type-product","3":"status-publish","4":"has-post-thumbnail","6":"product_brand-avecobaggie","7":"product_cat-custom-rpet-bag","8":"product_cat-tote-bag","9":"product_cat-other-creative-bag","11":"first","12":"instock","13":"taxable","14":"shipping-taxable","15":"product-type-simple"},"_links":{"self":[{"href":"https:\/\/avecobaggie.com\/de\/wp-json\/wp\/v2\/product\/9886","targetHints":{"allow":["GET"]}}],"collection":[{"href":"https:\/\/avecobaggie.com\/de\/wp-json\/wp\/v2\/product"}],"about":[{"href":"https:\/\/avecobaggie.com\/de\/wp-json\/wp\/v2\/types\/product"}],"replies":[{"embeddable":true,"href":"https:\/\/avecobaggie.com\/de\/wp-json\/wp\/v2\/comments?post=9886"}],"wp:featuredmedia":[{"embeddable":true,"href":"https:\/\/avecobaggie.com\/de\/wp-json\/wp\/v2\/media\/9892"}],"wp:attachment":[{"href":"https:\/\/avecobaggie.com\/de\/wp-json\/wp\/v2\/media?parent=9886"}],"wp:term":[{"taxonomy":"product_brand","embeddable":true,"href":"https:\/\/avecobaggie.com\/de\/wp-json\/wp\/v2\/product_brand?post=9886"},{"taxonomy":"product_cat","embeddable":true,"href":"https:\/\/avecobaggie.com\/de\/wp-json\/wp\/v2\/product_cat?post=9886"},{"taxonomy":"product_tag","embeddable":true,"href":"https:\/\/avecobaggie.com\/de\/wp-json\/wp\/v2\/product_tag?post=9886"}],"curies":[{"name":"wp","href":"https:\/\/api.w.org\/{rel}","templated":true}]}}