{"id":998,"date":"2021-02-09T16:54:12","date_gmt":"2021-02-09T08:54:12","guid":{"rendered":"https:\/\/avecobaggie.com\/?post_type=product&#038;p=998"},"modified":"2021-03-30T11:21:34","modified_gmt":"2021-03-30T03:21:34","slug":"cheap-drawstring-backpack-bag","status":"publish","type":"product","link":"https:\/\/avecobaggie.com\/de\/produkt\/cheap-drawstring-backpack-bag\/","title":{"rendered":"G\u00fcnstige Drawstring Rucksack Tasche"},"content":{"rendered":"<p>Aveco bietet haupts\u00e4chlich kundenspezifische \u00d6ko-Taschen mit einem One-Stop-Shop-Service. Unsere Taschen sind langlebig, qualitativ hochwertig und erschwinglich, um verschiedene Zwecke zu erf\u00fcllen. Alle von uns verwendeten Materialien sind umweltfreundlich, einschlie\u00dflich Baumwolle, Segeltuch, Leinen, Jute, Filz usw. Wenn Sie Taschen mit Ihrer Eigenmarke oder f\u00fcr Werbeveranstaltungen herstellen m\u00f6chten, k\u00f6nnen wir Ihren Bedarf an Massenware mit einem recht niedrigen MOQ und schneller Lieferung decken.<\/p>\n<p>PRODUKTMERKMALE<\/p>\n<ul>\n<li><strong>Tasche Stil<\/strong>: Drawstring Rucksack Tasche<\/li>\n<li><strong>Material Typ<\/strong>: Demin<\/li>\n<li><strong>Material Gewicht<\/strong>: 220g<\/li>\n<li><strong>Material Farbe<\/strong>: dunkelblau<\/li>\n<li><strong>Gr\u00f6\u00dfe der Tasche<\/strong>: 42X35cm\uff08 Liste mit beliebten Gr\u00f6\u00dfe, wir akzeptieren kundenspezifische Gr\u00f6\u00dfe Tasche \uff09<\/li>\n<li><strong>Impressum Bereich<\/strong>: 1-farbig | 2-farbig | mehrfarbig| Vollfl\u00e4chiger Druck, ein- oder zweiseitiger Druck<\/li>\n<li><strong>Schlie\u00dfung<\/strong>: Kordelzug<\/li>\n<li><strong>Pflegehinweise<\/strong>: Handw\u00e4sche empfohlen, Maschinenw\u00e4sche ist auch ok, h\u00e4ngen trocken.<\/li>\n<\/ul>\n<p><span class=\"a-list-item\">\u00a0 \u00a0 \u00a0 \u00a0Mehrzweck-Tasche: Kann f\u00fcr Fitnessstudio, Sport, Schwimmen, Radfahren, Yoga, Tanz, Reisen, Handgep\u00e4ck, Gep\u00e4ck, Camping, Wandern, Teamarbeit, Training und mehr verwendet werden! Eine fabelhafte Geschenkidee f\u00fcr alle.<\/span><\/p>","protected":false},"excerpt":{"rendered":"<p>Umweltfreundlicher Denim-Rucksack mit Kordelzug ist leicht, einfach drau\u00dfen zu tragen und gut f\u00fcr Sportveranstaltungen wie Marathon, mit Sponsorenlogo, das Ihre Marke erweitern kann\u3002<\/p>","protected":false},"featured_media":1014,"comment_status":"closed","ping_status":"closed","template":"","meta":{"_seopress_robots_primary_cat":"none","_seopress_titles_title":"","_seopress_titles_desc":"","_seopress_robots_index":""},"product_brand":[],"product_cat":[98,103,112,110],"product_tag":[129,128],"class_list":{"0":"post-998","1":"product","2":"type-product","3":"status-publish","4":"has-post-thumbnail","6":"product_cat-backpack-bag","7":"product_cat-other-fabric-bag","8":"product_cat-sports","9":"product_cat-travel","10":"product_tag-demin-bag","11":"product_tag-gym-sack","13":"first","14":"instock","15":"taxable","16":"shipping-taxable","17":"product-type-simple"},"_links":{"self":[{"href":"https:\/\/avecobaggie.com\/de\/wp-json\/wp\/v2\/product\/998","targetHints":{"allow":["GET"]}}],"collection":[{"href":"https:\/\/avecobaggie.com\/de\/wp-json\/wp\/v2\/product"}],"about":[{"href":"https:\/\/avecobaggie.com\/de\/wp-json\/wp\/v2\/types\/product"}],"replies":[{"embeddable":true,"href":"https:\/\/avecobaggie.com\/de\/wp-json\/wp\/v2\/comments?post=998"}],"wp:featuredmedia":[{"embeddable":true,"href":"https:\/\/avecobaggie.com\/de\/wp-json\/wp\/v2\/media\/1014"}],"wp:attachment":[{"href":"https:\/\/avecobaggie.com\/de\/wp-json\/wp\/v2\/media?parent=998"}],"wp:term":[{"taxonomy":"product_brand","embeddable":true,"href":"https:\/\/avecobaggie.com\/de\/wp-json\/wp\/v2\/product_brand?post=998"},{"taxonomy":"product_cat","embeddable":true,"href":"https:\/\/avecobaggie.com\/de\/wp-json\/wp\/v2\/product_cat?post=998"},{"taxonomy":"product_tag","embeddable":true,"href":"https:\/\/avecobaggie.com\/de\/wp-json\/wp\/v2\/product_tag?post=998"}],"curies":[{"name":"wp","href":"https:\/\/api.w.org\/{rel}","templated":true}]}}