{"id":2919,"date":"2021-03-25T14:13:34","date_gmt":"2021-03-25T06:13:34","guid":{"rendered":"https:\/\/avecobaggie.com\/?page_id=2919"},"modified":"2022-01-26T09:31:51","modified_gmt":"2022-01-26T01:31:51","slug":"terms-of-service","status":"publish","type":"page","link":"https:\/\/avecobaggie.com\/es\/terms-of-service\/","title":{"rendered":"Terms of Service"},"content":{"rendered":"<div data-elementor-type=\"wp-page\" data-elementor-id=\"2919\" class=\"elementor elementor-2919\" data-elementor-post-type=\"page\">\n\t\t\t\t\t\t<section class=\"elementor-section elementor-top-section elementor-element elementor-element-dbb61f0 elementor-section-boxed elementor-section-height-default elementor-section-height-default\" data-id=\"dbb61f0\" data-element_type=\"section\">\n\t\t\t\t\t\t<div class=\"elementor-container elementor-column-gap-default\">\n\t\t\t\t\t<div class=\"elementor-column elementor-col-100 elementor-top-column elementor-element elementor-element-28acde3\" data-id=\"28acde3\" data-element_type=\"column\">\n\t\t\t<div class=\"elementor-widget-wrap elementor-element-populated\">\n\t\t\t\t\t\t<div class=\"elementor-element elementor-element-09b42ff elementor-widget elementor-widget-heading\" data-id=\"09b42ff\" data-element_type=\"widget\" data-widget_type=\"heading.default\">\n\t\t\t\t<div class=\"elementor-widget-container\">\n\t\t\t\t\t<h1 class=\"elementor-heading-title elementor-size-default\">Condiciones de servicio<\/h1>\t\t\t\t<\/div>\n\t\t\t\t<\/div>\n\t\t\t\t\t<\/div>\n\t\t<\/div>\n\t\t\t\t\t<\/div>\n\t\t<\/section>\n\t\t\t\t<section class=\"elementor-section elementor-top-section elementor-element elementor-element-a493d90 elementor-section-boxed elementor-section-height-default elementor-section-height-default\" data-id=\"a493d90\" data-element_type=\"section\">\n\t\t\t\t\t\t<div class=\"elementor-container elementor-column-gap-default\">\n\t\t\t\t\t<div class=\"elementor-column elementor-col-100 elementor-top-column elementor-element elementor-element-0bdda54\" data-id=\"0bdda54\" data-element_type=\"column\">\n\t\t\t<div class=\"elementor-widget-wrap elementor-element-populated\">\n\t\t\t\t\t\t<div class=\"elementor-element elementor-element-c8579ac elementor-widget elementor-widget-text-editor\" data-id=\"c8579ac\" data-element_type=\"widget\" data-widget_type=\"text-editor.default\">\n\t\t\t\t<div class=\"elementor-widget-container\">\n\t\t\t\t\t\t\t\t\t<h3>1. T\u00e9rminos<\/h3><p>Accediendo al sitio web\u00a0<a href=\"https:\/\/avecobaggie.com\/es\/\">https:\/\/avecobaggie.com\/<\/a>Si usted no est\u00e1 de acuerdo con cualquiera de estas condiciones, se le proh\u00edbe el uso o acceso a este sitio. Si no est\u00e1 de acuerdo con alguna de estas condiciones, se le proh\u00edbe utilizar o acceder a este sitio. Los materiales contenidos en este sitio web est\u00e1n protegidos por la legislaci\u00f3n aplicable en materia de derechos de autor y marcas registradas.<\/p><h3>2. Licencia de uso<\/h3><ol type=\"a\"><li>Se concede permiso para descargar temporalmente una copia de los materiales (informaci\u00f3n o software) del sitio web de Avecobaggie s\u00f3lo para su visualizaci\u00f3n transitoria personal y no comercial. Esto es la concesi\u00f3n de una licencia, no una transferencia de t\u00edtulo, y bajo esta licencia usted no puede:<ol type=\"i\"><li>modificar o copiar los materiales;<\/li><li>utilizar los materiales para cualquier fin comercial, o para cualquier exhibici\u00f3n p\u00fablica (comercial o no comercial);<\/li><li>intentar descompilar o aplicar ingenier\u00eda inversa a cualquier software contenido en el sitio web de Avecobaggie;<\/li><li>eliminar de los materiales cualquier menci\u00f3n relativa a derechos de autor u otros derechos de propiedad; o<\/li><li>transferir los materiales a otra persona o \"reflejar\" los materiales en cualquier otro servidor.<\/li><\/ol><\/li><li>Esta licencia terminar\u00e1 autom\u00e1ticamente si usted viola cualquiera de estas restricciones y puede ser terminada por Avecobaggie en cualquier momento. Al dejar de ver estos materiales o al finalizar esta licencia, deber\u00e1 destruir cualquier material descargado que est\u00e9 en su posesi\u00f3n, ya sea en formato electr\u00f3nico o impreso.<\/li><\/ol><h3>3. Descargo de responsabilidad<\/h3><ol type=\"a\"><li>Los materiales del sitio web de Avecobaggie se proporcionan \"tal cual\". Avecobaggie no ofrece ninguna garant\u00eda, expresa o impl\u00edcita, y por la presente renuncia y niega todas las dem\u00e1s garant\u00edas, incluyendo, sin limitaci\u00f3n, las garant\u00edas o condiciones impl\u00edcitas de comerciabilidad, idoneidad para un prop\u00f3sito particular, o no infracci\u00f3n de la propiedad intelectual u otra violaci\u00f3n de los derechos.<\/li><li>Adem\u00e1s, Avecobaggie no garantiza ni hace ninguna declaraci\u00f3n relativa a la exactitud, los resultados probables o la fiabilidad del uso de los materiales en su sitio web o de otro tipo relativa a dichos materiales o en cualquier sitio vinculado a este sitio.<\/li><\/ol><h3>4. Limitaciones<\/h3><p>En ning\u00fan caso Avecobaggie o sus proveedores ser\u00e1n responsables de ning\u00fan da\u00f1o (incluyendo, sin limitaci\u00f3n, da\u00f1os por p\u00e9rdida de datos o beneficios, o debidos a la interrupci\u00f3n del negocio) que surja del uso o la imposibilidad de usar los materiales de la p\u00e1gina web de Avecobaggie, incluso si Avecobaggie o un representante autorizado de Avecobaggie ha sido notificado oralmente o por escrito de la posibilidad de tales da\u00f1os. Debido a que algunas jurisdicciones no permiten limitaciones en garant\u00edas impl\u00edcitas, o limitaciones de responsabilidad por da\u00f1os consecuenciales o incidentales, estas limitaciones pueden no aplicarse a usted.<\/p><h3>5. Exactitud de los materiales<\/h3><p>Los materiales que aparecen en el sitio web de Avecobaggie podr\u00edan incluir errores t\u00e9cnicos, tipogr\u00e1ficos o fotogr\u00e1ficos. Avecobaggie no garantiza que ninguno de los materiales de su sitio web sea preciso, completo o actual. Avecobaggie puede realizar cambios en los materiales contenidos en su sitio web en cualquier momento sin previo aviso. Sin embargo Avecobaggie no se compromete a actualizar los materiales.<\/p><h3>6. Enlaces<\/h3><p>Avecobaggie no ha revisado todos los sitios vinculados a su sitio web y no es responsable de los contenidos de dichos sitios vinculados. La inclusi\u00f3n de cualquier enlace no implica la aprobaci\u00f3n del sitio por parte de Avecobaggie. El uso de cualquiera de estos sitios web enlazados corre por cuenta y riesgo del usuario.<\/p><h3>7. Modificaciones<\/h3><p>Avecobaggie puede revisar estas condiciones de servicio para su sitio web en cualquier momento y sin previo aviso. Al utilizar este sitio web, usted acepta quedar vinculado por la versi\u00f3n vigente de estas condiciones de servicio.<\/p><h3>8. Derecho aplicable<\/h3><p>Estos t\u00e9rminos y condiciones se rigen e interpretan de acuerdo con las leyes de China y usted se somete irrevocablemente a la jurisdicci\u00f3n exclusiva de los tribunales de ese Estado o lugar.<\/p>\t\t\t\t\t\t\t\t<\/div>\n\t\t\t\t<\/div>\n\t\t\t\t\t<\/div>\n\t\t<\/div>\n\t\t\t\t\t<\/div>\n\t\t<\/section>\n\t\t\t\t<\/div>","protected":false},"excerpt":{"rendered":"<p>Terms Of Sevice 1. Terms By accessing the website at&nbsp;https:\/\/avecobaggie.com\/, you are agreeing to be bound by these terms of service, all applicable laws and regulations, and agree that you are responsible for compliance with any applicable local laws. If you do not agree with any of these terms, you are prohibited from using or [&hellip;]<\/p>","protected":false},"author":1,"featured_media":0,"parent":0,"menu_order":0,"comment_status":"closed","ping_status":"closed","template":"","meta":{"_seopress_robots_primary_cat":"","_seopress_titles_title":"Avecobaggie - Terms Of Service","_seopress_titles_desc":"Terms of Service listed all the service we can provide you by the law.To provide you with protection","_seopress_robots_index":"","footnotes":""},"class_list":["post-2919","page","type-page","status-publish","hentry"],"_links":{"self":[{"href":"https:\/\/avecobaggie.com\/es\/wp-json\/wp\/v2\/pages\/2919","targetHints":{"allow":["GET"]}}],"collection":[{"href":"https:\/\/avecobaggie.com\/es\/wp-json\/wp\/v2\/pages"}],"about":[{"href":"https:\/\/avecobaggie.com\/es\/wp-json\/wp\/v2\/types\/page"}],"author":[{"embeddable":true,"href":"https:\/\/avecobaggie.com\/es\/wp-json\/wp\/v2\/users\/1"}],"replies":[{"embeddable":true,"href":"https:\/\/avecobaggie.com\/es\/wp-json\/wp\/v2\/comments?post=2919"}],"version-history":[{"count":5,"href":"https:\/\/avecobaggie.com\/es\/wp-json\/wp\/v2\/pages\/2919\/revisions"}],"predecessor-version":[{"id":5518,"href":"https:\/\/avecobaggie.com\/es\/wp-json\/wp\/v2\/pages\/2919\/revisions\/5518"}],"wp:attachment":[{"href":"https:\/\/avecobaggie.com\/es\/wp-json\/wp\/v2\/media?parent=2919"}],"curies":[{"name":"wp","href":"https:\/\/api.w.org\/{rel}","templated":true}]}}